{"id":1032,"date":"2018-10-10T09:35:23","date_gmt":"2018-10-10T08:35:23","guid":{"rendered":"http:\/\/be-www.plukon.fr\/?page_id=1032"},"modified":"2020-03-30T11:12:02","modified_gmt":"2020-03-30T10:12:02","slug":"declaration-de-confidentialite","status":"publish","type":"page","link":"https:\/\/www.plukon.be\/fr\/declaration-de-confidentialite\/","title":{"rendered":"D\u00e9claration de confidentialit\u00e9"},"content":{"rendered":"<section class=\"l-section wpb_row height_huge color_primary with_img parallax_ver\"><div class=\"l-section-img\" role=\"img\" data-img-width=\"1200\" data-img-height=\"640\" style=\"background-image: url(https:\/\/www.plukon.be\/wp-content\/uploads\/sites\/11\/2018\/07\/Header-Plukon-en-Innovatie-e1598450825247.jpg);\"><\/div><div class=\"l-section-h i-cf\"><div class=\"g-cols vc_row via_grid cols_1 laptops-cols_inherit tablets-cols_inherit mobiles-cols_1 valign_top type_default stacking_default\"><div class=\"wpb_column vc_column_container\"><div class=\"vc_column-inner\"><div class=\"w-separator size_custom\" style=\"height:90px\"><\/div><\/div><\/div><\/div><\/div><\/section><section class=\"l-section wpb_row height_small color_alternate\"><div class=\"l-section-h i-cf\"><div class=\"g-cols vc_row via_grid cols_1 laptops-cols_inherit tablets-cols_inherit mobiles-cols_1 valign_top type_default stacking_default\"><div class=\"wpb_column vc_column_container\"><div class=\"vc_column-inner\"><div class=\"wpb_text_column breadcrumbs\"><div class=\"wpb_wrapper\"><div class=\"breadcrumb\" itemprop=\"breadcrumb\"><span><span><a href=\"https:\/\/www.plukon.be\/fr\/\">Home<\/a><\/span><\/span><\/div>\n<\/div><\/div><\/div><\/div><\/div><\/div><\/section><section class=\"l-section wpb_row height_small color_alternate\"><div class=\"l-section-h i-cf\"><div class=\"g-cols vc_row via_grid cols_custom laptops-cols_inherit tablets-cols_inherit mobiles-cols_1 valign_top type_default stacking_default\" style=\"--custom-columns:1fr 3.5fr 1.5fr \"><div class=\"wpb_column vc_column_container\"><div class=\"vc_column-inner\"><div class=\"w-separator size_custom\" style=\"height:32px\"><\/div><\/div><\/div><div class=\"wpb_column vc_column_container\"><div class=\"vc_column-inner\">[vc_custom_heading source=&#8221;post_title&#8221; font_container=&#8221;tag:h1|text_align:left&#8221; use_theme_fonts=&#8221;yes&#8221;]<div class=\"wpb_text_column\"><div class=\"wpb_wrapper\"><p>La pr\u00e9sente constitue la d\u00e9claration de confidentialit\u00e9 de Plukon Food Group B.V., soci\u00e9t\u00e9 ayant son si\u00e8ge social \u00e0 Industrieweg 36, 8091 AZ Wezep (Pays-Bas), enregistr\u00e9e \u00e0 la Chambre de Commerce N\u00e9erlandaise sous le num\u00e9ro 30244837 (ci-apr\u00e8s d\u00e9nomm\u00e9e \u00ab\u00a0<strong>Plukon<\/strong>\u00a0\u00bb). La pr\u00e9sente d\u00e9claration de confidentialit\u00e9 s\u2019applique \u00e9galement \u00e0 toutes les filiales Belges de Plukon.<\/p>\n<p>Que vous le sachiez ou non, vous partagez vos donn\u00e9es \u00e0 caract\u00e8re personnel avec nous. Nous avons \u00e0 c\u0153ur de traiter vos donn\u00e9es \u00e0 caract\u00e8re personnel avec le plus grand soin. Avec la pr\u00e9sente d\u00e9claration de confidentialit\u00e9, nous souhaitons vous expliquer comment nous g\u00e9rons vos donn\u00e9es \u00e0 caract\u00e8re personnel et quels sont vos droits \u00e0 cet \u00e9gard. Si vous avez la moindre question \u00e0 nous poser concernant la pr\u00e9sente d\u00e9claration de confidentialit\u00e9, n\u2019h\u00e9sitez pas \u00e0 nous contacter par e-mail\u00a0: <a href=\"mailto:privacy@plukon.nl\">privacy@plukon.nl<\/a><\/p>\n<p>Le tableau ci-dessous vous montre quelles donn\u00e9es \u00e0 caract\u00e8re personnel nous recueillons et vous explique pourquoi nous les recueillons et combien de temps nous les stockons\u00a0:<\/p>\n<table width=\"100%\">\n<tbody>\n<tr>\n<td><strong>Finalit\u00e9<\/strong><\/td>\n<td><strong>Quelles donn\u00e9es \u00e0 caract\u00e8re personnel <\/strong><\/td>\n<td><strong>Fondement<\/strong><\/td>\n<td><strong>D\u00e9lai de conservation\u00a0 <\/strong><\/td>\n<\/tr>\n<tr>\n<td><strong>\u00a0<\/strong><\/td>\n<td><strong>\u00a0<\/strong><\/td>\n<td><strong>\u00a0<\/strong><\/td>\n<td><strong>\u00a0<\/strong><\/td>\n<\/tr>\n<tr>\n<td>Traitement de demandes d\u2019emploi<\/td>\n<td>\n<ul>\n<li>Pr\u00e9nom<\/li>\n<li>Nom<\/li>\n<li>Coordonn\u00e9es<\/li>\n<li>Donn\u00e9es susvis\u00e9es des parents\/tuteurs l\u00e9gaux\/personnes en charge de candidats mineurs<\/li>\n<li>Autres donn\u00e9es \u00e0 caract\u00e8re personnel que le candidat partage avec Plukon au regard de sa candidature, par exemple\u00a0:<\/li>\n<li>Informations sur sa formation, ses cours et ses stages pass\u00e9s et futurs<\/li>\n<li>Informations sur son emploi pass\u00e9 ou actuel, ainsi que sur la nature, la port\u00e9e et la cessation de cet emploi<\/li>\n<li>Le cas \u00e9ch\u00e9ant, toutes r\u00e9f\u00e9rences d\u2019employeurs pass\u00e9s<\/li>\n<\/ul>\n<\/td>\n<td>Int\u00e9r\u00eat l\u00e9gitime de Plukon<\/p>\n<p>La communication de vos donn\u00e9es \u00e0 caract\u00e8re personnel n\u2019est pas obligatoire mais, si vous ne nous communiquez pas ces donn\u00e9es \u00e0 caract\u00e8re personnel, Plukon ne sera pas en mesure d\u2019\u00e9valuer suffisamment votre candidature et par cons\u00e9quent, celle-ci pourra ne pas \u00eatre trait\u00e9e.<\/p>\n<p>Si vous et Plukon souhaitez conclure un contrat de travail, votre nom, vos coordonn\u00e9es, votre adresse, votre domicile et votre date de naissance seront trait\u00e9s aux fins de l\u2019\u00e9laboration du contrat de travail.<\/td>\n<td><em>Si le candidat n\u2019est pas embauch\u00e9\u00a0:<\/em><\/p>\n<p>Au maximum 4 semaines apr\u00e8s la fin de la proc\u00e9dure de candidature.<\/p>\n<p>Ou\u00a0:<\/p>\n<p>Si le candidat a donn\u00e9 \u00e0 Plukon la permission de stocker ses donn\u00e9es \u00e0 caract\u00e8re personnel pendant une dur\u00e9e plus longue (par exemple, si un autre emploi vacant est susceptible de devenir vacant dans un avenir proche), au maximum 1 an.<\/p>\n<p><em>Si le candidat est embauch\u00e9\u00a0:<\/em><\/p>\n<p>Dans tous les cas, jusqu\u2019\u00e0 la r\u00e9siliation du contrat de travail, conform\u00e9ment aux d\u00e9lais de conservation statutaires et aux obligations incombant \u00e0 Plukon de conserver les donn\u00e9es \u00e0 caract\u00e8re personnel de ses employ\u00e9s. <em><br \/>\n<\/em><\/td>\n<\/tr>\n<tr>\n<td>Traitement de questions, commentaires et r\u00e9clamations qui ont \u00e9t\u00e9 soumis \u00e0 Plukon au moyen du formulaire de contact figurant sur le site Internet de Plukon<\/p>\n<p>&nbsp;<\/p>\n<p>&nbsp;<\/td>\n<td>\n<ul>\n<li>Pr\u00e9nom<\/li>\n<li>Nom<\/li>\n<li>Adresse e-mail<\/li>\n<li>Num\u00e9ro de t\u00e9l\u00e9phone (mobile)<\/li>\n<\/ul>\n<\/td>\n<td>Int\u00e9r\u00eat l\u00e9gitime de Plukon<\/p>\n<p>La communication de vos donn\u00e9es \u00e0 caract\u00e8re personnel n\u2019est pas obligatoire mais, si vous ne nous communiquez pas ces donn\u00e9es \u00e0 caract\u00e8re personnel, Plukon ne peut pas vous contacter pour r\u00e9pondre \u00e0 votre question, commentaire ou r\u00e9clamation.<\/p>\n<p>&nbsp;<\/p>\n<p>&nbsp;<\/td>\n<td>Maximum 3 mois apr\u00e8s le traitement de votre question, commentaire ou r\u00e9clamation.<\/td>\n<\/tr>\n<tr>\n<td>Traitement de questions, commentaires et r\u00e9clamations qui ont \u00e9t\u00e9 soumis \u00e0 Plukon via des plateformes de m\u00e9dias sociaux<\/td>\n<td>\n<ul>\n<li>Donn\u00e9es du compte<\/li>\n<\/ul>\n<\/td>\n<td>Int\u00e9r\u00eat l\u00e9gitime de Plukon<\/p>\n<p>La communication de vos donn\u00e9es \u00e0 caract\u00e8re personnel n\u2019est pas obligatoire mais, si vous ne nous communiquez pas ces donn\u00e9es \u00e0 caract\u00e8re personnel, Plukon ne peut pas vous contacter pour r\u00e9pondre \u00e0 votre question, commentaire ou r\u00e9clamation.<\/p>\n<p>&nbsp;<\/p>\n<p>&nbsp;<\/td>\n<td>Maximum 3 mois apr\u00e8s le traitement de votre question, commentaire ou r\u00e9clamation.<\/td>\n<\/tr>\n<\/tbody>\n<\/table>\n<p>La communication de vos donn\u00e9es \u00e0 caract\u00e8re personnel n\u2019ob\u00e9it pas \u00e0 une obligation l\u00e9gale ou contractuelle et ne constitue nullement une condition \u00e0 la conclusion d\u2019un contrat.<\/p>\n<p><strong>Cookies<br \/>\n<\/strong>Il est possible que Plukon utilise des cookies pour le traitement de vos donn\u00e9es \u00e0 caract\u00e8re personnel. Vous trouverez plus d&#8217;informations sur l\u2019utilisation des cookies dans notre d\u00e9claration relative aux cookies.<\/p>\n<p><strong>Partage de donn\u00e9es \u00e0 caract\u00e8re personnel avec des tiers<br \/>\n<\/strong>Plukon ne partagera vos donn\u00e9es \u00e0 caract\u00e8re personnel avec des tiers que si Plukon est l\u00e9galement oblig\u00e9e de le faire ou si Plukon y trouve un int\u00e9r\u00eat l\u00e9gitime, ou encore si vous avez donn\u00e9 \u00e0 Plukon la permission de partager vos donn\u00e9es \u00e0 caract\u00e8re personnel avec un tiers. Plukon peut faire intervenir des tiers afin d&#8217;optimiser nos services. Ces tiers sont des sous-traitants et traitent les donn\u00e9es \u00e0 caract\u00e8re personnel exclusivement pour le compte de Plukon (notre administrateur de site Internet, par exemple).<\/p>\n<p><strong><em>Candidats \u00e0 l\u2019emploi<br \/>\n<\/em><\/strong>Plukon collabore avec plusieurs agences d\u2019emploi. Il est donc possible que l\u2019on vous demande si vous nous permettez de partager vos donn\u00e9es \u00e0 caract\u00e8re personnel avec une agence d\u2019emploi. Plukon ne partage vos donn\u00e9es \u00e0 caract\u00e8re personnel avec une agence d\u2019emploi qu\u2019apr\u00e8s que vous nous ayez donn\u00e9 la permission de le faire.<\/p>\n<p><strong>Consultation, correction et suppression de donn\u00e9es \u00e0 caract\u00e8re personnel<br \/>\n<\/strong>Vous disposez des droits suivants\u00a0:<\/p>\n<ul>\n<li>Le droit de nous demander de consulter vos donn\u00e9es \u00e0 caract\u00e8re personnel (ex.\u00a0: votre adresse ou num\u00e9ro de t\u00e9l\u00e9phone)<br \/>\nLe droit de faire compl\u00e9ter, corriger ou supprimer vos donn\u00e9es \u00e0 caract\u00e8re personnel (ex.\u00a0: votre adresse ou num\u00e9ro de t\u00e9l\u00e9phone)<\/li>\n<li>Le droit de vous opposer au traitement de vos donn\u00e9es \u00e0 caract\u00e8re personnel<\/li>\n<li>Le droit de nous demander de limiter l\u2019utilisation de vos donn\u00e9es \u00e0 caract\u00e8re personnel<\/li>\n<li>Le droit de nous demander de ne pas partager vos donn\u00e9es \u00e0 caract\u00e8re personnel avec un tiers<\/li>\n<\/ul>\n<p>Ces droits ne sont pas absolus. Nous \u00e9valuerons votre demande ou opposition conform\u00e9ment au R\u00e8glement G\u00e9n\u00e9ral sur la Protection des Donn\u00e9es (RGPD) du 25 mai 2018. Nous vous aviserons dans les meilleurs d\u00e9lais, \u00e0 savoir un mois au maximum, des mesures que nous avons prises pour r\u00e9pondre \u00e0 votre demande. Nous avons le droit de prolonger ce d\u00e9lai de deux mois en fonction de la complexit\u00e9 de votre demande et du nombre de demandes que nous recevons. Si ce d\u00e9lai est prolong\u00e9, nous vous en informerons.<\/p>\n<p><strong>S\u00e9curit\u00e9 des donn\u00e9es \u00e0 caract\u00e8re personnel<br \/>\n<\/strong>Plukon prendra des mesures appropri\u00e9es pour prot\u00e9ger vos donn\u00e9es \u00e0 caract\u00e8re personnel contre tout(e) perte, acc\u00e8s non autoris\u00e9, publication et traitement ill\u00e9gal. Nous nous assurons donc que seules des personnes autoris\u00e9es ont acc\u00e8s \u00e0 vos donn\u00e9es \u00e0 caract\u00e8re personnel et que l\u2019acc\u00e8s \u00e0 vos donn\u00e9es \u00e0 caract\u00e8re personnel est s\u00e9curis\u00e9 et nous v\u00e9rifions r\u00e9guli\u00e8rement nos mesures de s\u00e9curit\u00e9.<\/p>\n<p><strong>Liens vers d\u2019autres sites Internet<br \/>\n<\/strong>Le site Internet Plukon peut contenir des liens vers d\u2019autres sites Internet. La d\u00e9claration de confidentialit\u00e9 s\u2019applique uniquement aux sites Internet de Plukon. D\u2019autres sites Internet peuvent appliquer leurs propres politiques en mati\u00e8re de confidentialit\u00e9. Par cons\u00e9quent, Plukon vous recommande de consulter les d\u00e9clarations de confidentialit\u00e9 des autres sites Internet si vous souhaitez les utiliser.<\/p>\n<p><strong>Modification de la d\u00e9claration de confidentialit\u00e9<br \/>\n<\/strong>Plukon apporte occasionnellement des modifications \u00e0 sa d\u00e9claration de confidentialit\u00e9 afin de s\u2019assurer qu\u2019elle est \u00e0 jour. Nous vous recommandons donc de consulter r\u00e9guli\u00e8rement la pr\u00e9sente d\u00e9claration de confidentialit\u00e9. La version la plus r\u00e9cente de la pr\u00e9sente d\u00e9claration de confidentialit\u00e9 sera toujours \u00e0 disposition sur notre site Internet. En cas de modification importante, Plukon vous en informera via son site Internet.<\/p>\n<p><strong>Contact<br \/>\n<\/strong>Si vous avez la moindre question \u00e0 poser concernant le traitement de vos donn\u00e9es \u00e0 caract\u00e8re personnel ou si vous souhaitez demander \u00e0 Plukon de consulter, corriger et\/ou supprimer vos donn\u00e9es \u00e0 caract\u00e8re personnel, veuillez nous contacter comme suit\u00a0:<\/p>\n<p>Responsable du traitement\u00a0: M. Brett J. Bos LL.M, Directeur des Affaires Juridiques<br \/>\nE-mail\u00a0: <a href=\"mailto:privacy@plukon.nl\">privacy@plukon.nl<\/a><\/p>\n<p>D\u00e9l\u00e9gu\u00e9 \u00e0 la protection des donn\u00e9es: Ray Mennink et Rob C.J. Sevenstern<br \/>\nE-mail: <a href=\"mailto:dpo@plukon.nl\">dpo@plukon.nl<\/a><\/p>\n<p><strong>R\u00e9clamation concernant le traitement de vos donn\u00e9es \u00e0 caract\u00e8re personnel<\/strong><\/p>\n<p>Naturellement, nous sommes \u00e9galement l\u00e0 pour vous aider si vous avez une r\u00e9clamation \u00e0 formuler concernant le traitement de vos donn\u00e9es \u00e0 caract\u00e8re personnel. En vertu du RGPD, vous avez \u00e9galement le droit de soumettre une r\u00e9clamation \u00e0 l&#8217;Autorit\u00e9 de Protection des Donn\u00e9es (<em>https:\/\/www.autoriteprotectiondonnees.be\/<\/em>) concernant notre traitement de vos donn\u00e9es \u00e0 caract\u00e8re personnel. Vous pouvez contacter l\u2019autorit\u00e9 de protection des donn\u00e9es \u00e0 ce sujet.<\/p>\n<\/div><\/div><\/div><\/div><div class=\"wpb_column vc_column_container\"><div class=\"vc_column-inner\"><\/div><\/div><\/div><\/div><\/section>\n","protected":false},"excerpt":{"rendered":"Home [vc_custom_heading source=\"post_title\" font_container=\"tag:h1|text_align:left\" use_theme_fonts=\"yes\"]La pr\u00e9sente constitue la d\u00e9claration de confidentialit\u00e9 de Plukon Food Group B.V., soci\u00e9t\u00e9 ayant son si\u00e8ge social \u00e0 Industrieweg 36, 8091 AZ Wezep (Pays-Bas), enregistr\u00e9e \u00e0 la Chambre de Commerce N\u00e9erlandaise sous le num\u00e9ro 30244837 (ci-apr\u00e8s d\u00e9nomm\u00e9e \u00ab\u00a0Plukon\u00a0\u00bb). La pr\u00e9sente d\u00e9claration de confidentialit\u00e9 s\u2019applique \u00e9galement \u00e0 toutes les filiales Belges de...","protected":false},"author":1,"featured_media":0,"parent":0,"menu_order":0,"comment_status":"closed","ping_status":"closed","template":"","meta":{"_acf_changed":false,"footnotes":""},"class_list":["post-1032","page","type-page","status-publish","hentry"],"acf":[],"yoast_head":"<!-- This site is optimized with the Yoast SEO plugin v27.4 - https:\/\/yoast.com\/product\/yoast-seo-wordpress\/ -->\n<title>D\u00e9claration de confidentialit\u00e9 - Plukon.be<\/title>\n<meta name=\"robots\" content=\"index, follow, max-snippet:-1, max-image-preview:large, max-video-preview:-1\" \/>\n<link rel=\"canonical\" href=\"https:\/\/www.plukon.be\/fr\/declaration-de-confidentialite\/\" \/>\n<meta property=\"og:locale\" content=\"fr_FR\" \/>\n<meta property=\"og:type\" content=\"article\" \/>\n<meta property=\"og:title\" content=\"D\u00e9claration de confidentialit\u00e9 - Plukon.be\" \/>\n<meta property=\"og:url\" content=\"https:\/\/www.plukon.be\/fr\/declaration-de-confidentialite\/\" \/>\n<meta property=\"og:site_name\" content=\"Plukon.be\" \/>\n<meta property=\"article:modified_time\" content=\"2020-03-30T10:12:02+00:00\" \/>\n<meta name=\"twitter:card\" content=\"summary_large_image\" \/>\n<meta name=\"twitter:label1\" content=\"Dur\u00e9e de lecture est.\" \/>\n\t<meta name=\"twitter:data1\" content=\"8 minutes\" \/>\n<script type=\"application\/ld+json\" class=\"yoast-schema-graph\">{\"@context\":\"https:\\\/\\\/schema.org\",\"@graph\":[{\"@type\":\"WebPage\",\"@id\":\"https:\\\/\\\/www.plukon.be\\\/fr\\\/declaration-de-confidentialite\\\/\",\"url\":\"https:\\\/\\\/www.plukon.be\\\/fr\\\/declaration-de-confidentialite\\\/\",\"name\":\"D\u00e9claration de confidentialit\u00e9 - Plukon.be\",\"isPartOf\":{\"@id\":\"https:\\\/\\\/www.plukon.be\\\/#website\"},\"datePublished\":\"2018-10-10T08:35:23+00:00\",\"dateModified\":\"2020-03-30T10:12:02+00:00\",\"breadcrumb\":{\"@id\":\"https:\\\/\\\/www.plukon.be\\\/fr\\\/declaration-de-confidentialite\\\/#breadcrumb\"},\"inLanguage\":\"fr-BE\",\"potentialAction\":[{\"@type\":\"ReadAction\",\"target\":[\"https:\\\/\\\/www.plukon.be\\\/fr\\\/declaration-de-confidentialite\\\/\"]}]},{\"@type\":\"BreadcrumbList\",\"@id\":\"https:\\\/\\\/www.plukon.be\\\/fr\\\/declaration-de-confidentialite\\\/#breadcrumb\",\"itemListElement\":[{\"@type\":\"ListItem\",\"position\":1,\"name\":\"Home\",\"item\":\"https:\\\/\\\/www.plukon.be\\\/fr\\\/\"},{\"@type\":\"ListItem\",\"position\":2,\"name\":\"D\u00e9claration de confidentialit\u00e9\"}]},{\"@type\":\"WebSite\",\"@id\":\"https:\\\/\\\/www.plukon.be\\\/#website\",\"url\":\"https:\\\/\\\/www.plukon.be\\\/\",\"name\":\"Plukon Food Group\",\"description\":\"Forward Food Solutions\",\"publisher\":{\"@id\":\"https:\\\/\\\/www.plukon.be\\\/#organization\"},\"potentialAction\":[{\"@type\":\"SearchAction\",\"target\":{\"@type\":\"EntryPoint\",\"urlTemplate\":\"https:\\\/\\\/www.plukon.be\\\/?s={search_term_string}\"},\"query-input\":{\"@type\":\"PropertyValueSpecification\",\"valueRequired\":true,\"valueName\":\"search_term_string\"}}],\"inLanguage\":\"fr-BE\"},{\"@type\":\"Organization\",\"@id\":\"https:\\\/\\\/www.plukon.be\\\/#organization\",\"name\":\"Plukon Food Group\",\"url\":\"https:\\\/\\\/www.plukon.be\\\/\",\"logo\":{\"@type\":\"ImageObject\",\"inLanguage\":\"fr-BE\",\"@id\":\"https:\\\/\\\/www.plukon.be\\\/#\\\/schema\\\/logo\\\/image\\\/\",\"url\":\"https:\\\/\\\/www.plukon.be\\\/wp-content\\\/uploads\\\/sites\\\/11\\\/2018\\\/07\\\/logo_2x.png\",\"contentUrl\":\"https:\\\/\\\/www.plukon.be\\\/wp-content\\\/uploads\\\/sites\\\/11\\\/2018\\\/07\\\/logo_2x.png\",\"width\":412,\"height\":164,\"caption\":\"Plukon Food Group\"},\"image\":{\"@id\":\"https:\\\/\\\/www.plukon.be\\\/#\\\/schema\\\/logo\\\/image\\\/\"}}]}<\/script>\n<!-- \/ Yoast SEO plugin. -->","yoast_head_json":{"title":"D\u00e9claration de confidentialit\u00e9 - Plukon.be","robots":{"index":"index","follow":"follow","max-snippet":"max-snippet:-1","max-image-preview":"max-image-preview:large","max-video-preview":"max-video-preview:-1"},"canonical":"https:\/\/www.plukon.be\/fr\/declaration-de-confidentialite\/","og_locale":"fr_FR","og_type":"article","og_title":"D\u00e9claration de confidentialit\u00e9 - Plukon.be","og_url":"https:\/\/www.plukon.be\/fr\/declaration-de-confidentialite\/","og_site_name":"Plukon.be","article_modified_time":"2020-03-30T10:12:02+00:00","twitter_card":"summary_large_image","twitter_misc":{"Dur\u00e9e de lecture est.":"8 minutes"},"schema":{"@context":"https:\/\/schema.org","@graph":[{"@type":"WebPage","@id":"https:\/\/www.plukon.be\/fr\/declaration-de-confidentialite\/","url":"https:\/\/www.plukon.be\/fr\/declaration-de-confidentialite\/","name":"D\u00e9claration de confidentialit\u00e9 - Plukon.be","isPartOf":{"@id":"https:\/\/www.plukon.be\/#website"},"datePublished":"2018-10-10T08:35:23+00:00","dateModified":"2020-03-30T10:12:02+00:00","breadcrumb":{"@id":"https:\/\/www.plukon.be\/fr\/declaration-de-confidentialite\/#breadcrumb"},"inLanguage":"fr-BE","potentialAction":[{"@type":"ReadAction","target":["https:\/\/www.plukon.be\/fr\/declaration-de-confidentialite\/"]}]},{"@type":"BreadcrumbList","@id":"https:\/\/www.plukon.be\/fr\/declaration-de-confidentialite\/#breadcrumb","itemListElement":[{"@type":"ListItem","position":1,"name":"Home","item":"https:\/\/www.plukon.be\/fr\/"},{"@type":"ListItem","position":2,"name":"D\u00e9claration de confidentialit\u00e9"}]},{"@type":"WebSite","@id":"https:\/\/www.plukon.be\/#website","url":"https:\/\/www.plukon.be\/","name":"Plukon Food Group","description":"Forward Food Solutions","publisher":{"@id":"https:\/\/www.plukon.be\/#organization"},"potentialAction":[{"@type":"SearchAction","target":{"@type":"EntryPoint","urlTemplate":"https:\/\/www.plukon.be\/?s={search_term_string}"},"query-input":{"@type":"PropertyValueSpecification","valueRequired":true,"valueName":"search_term_string"}}],"inLanguage":"fr-BE"},{"@type":"Organization","@id":"https:\/\/www.plukon.be\/#organization","name":"Plukon Food Group","url":"https:\/\/www.plukon.be\/","logo":{"@type":"ImageObject","inLanguage":"fr-BE","@id":"https:\/\/www.plukon.be\/#\/schema\/logo\/image\/","url":"https:\/\/www.plukon.be\/wp-content\/uploads\/sites\/11\/2018\/07\/logo_2x.png","contentUrl":"https:\/\/www.plukon.be\/wp-content\/uploads\/sites\/11\/2018\/07\/logo_2x.png","width":412,"height":164,"caption":"Plukon Food Group"},"image":{"@id":"https:\/\/www.plukon.be\/#\/schema\/logo\/image\/"}}]}},"publishpress_future_action":{"enabled":false,"date":"2026-04-28 09:57:17","action":"change-status","newStatus":"draft","terms":[],"taxonomy":"translation_priority","extraData":[]},"publishpress_future_workflow_manual_trigger":{"enabledWorkflows":[]},"_links":{"self":[{"href":"https:\/\/www.plukon.be\/fr\/wp-json\/wp\/v2\/pages\/1032","targetHints":{"allow":["GET"]}}],"collection":[{"href":"https:\/\/www.plukon.be\/fr\/wp-json\/wp\/v2\/pages"}],"about":[{"href":"https:\/\/www.plukon.be\/fr\/wp-json\/wp\/v2\/types\/page"}],"author":[{"embeddable":true,"href":"https:\/\/www.plukon.be\/fr\/wp-json\/wp\/v2\/users\/1"}],"replies":[{"embeddable":true,"href":"https:\/\/www.plukon.be\/fr\/wp-json\/wp\/v2\/comments?post=1032"}],"version-history":[{"count":8,"href":"https:\/\/www.plukon.be\/fr\/wp-json\/wp\/v2\/pages\/1032\/revisions"}],"predecessor-version":[{"id":1555,"href":"https:\/\/www.plukon.be\/fr\/wp-json\/wp\/v2\/pages\/1032\/revisions\/1555"}],"wp:attachment":[{"href":"https:\/\/www.plukon.be\/fr\/wp-json\/wp\/v2\/media?parent=1032"}],"curies":[{"name":"wp","href":"https:\/\/api.w.org\/{rel}","templated":true}]}}