{"id":1866,"date":"2023-06-20T11:32:58","date_gmt":"2023-06-20T10:32:58","guid":{"rendered":"https:\/\/www.plukon.be\/happy2hire\/"},"modified":"2025-05-02T12:22:39","modified_gmt":"2025-05-02T11:22:39","slug":"happy2hire","status":"publish","type":"page","link":"https:\/\/www.plukon.be\/fr\/happy2hire\/","title":{"rendered":"Happy2Hire"},"content":{"rendered":"<section class=\"l-section wpb_row us_custom_d28934eb height_small\"><div class=\"l-section-h i-cf\"><div class=\"g-cols vc_row via_grid cols_1-3 laptops-cols_inherit tablets-cols_inherit mobiles-cols_1 valign_middle type_default stacking_default\"><div class=\"wpb_column vc_column_container\"><div class=\"vc_column-inner\"><div class=\"w-image img_logo align_center\"><div class=\"w-image-h\"><img loading=\"lazy\" decoding=\"async\" width=\"514\" height=\"514\" src=\"https:\/\/www.plukon.be\/wp-content\/uploads\/sites\/11\/2023\/06\/happy2hire_logo.png\" class=\"attachment-full size-full\" alt=\"\" srcset=\"https:\/\/www.plukon.be\/wp-content\/uploads\/sites\/11\/2023\/06\/happy2hire_logo.png 514w, https:\/\/www.plukon.be\/wp-content\/uploads\/sites\/11\/2023\/06\/happy2hire_logo-300x300.png 300w, https:\/\/www.plukon.be\/wp-content\/uploads\/sites\/11\/2023\/06\/happy2hire_logo-150x150.png 150w, https:\/\/www.plukon.be\/wp-content\/uploads\/sites\/11\/2023\/06\/happy2hire_logo-350x350.png 350w\" sizes=\"auto, (max-width: 514px) 100vw, 514px\" \/><\/div><\/div><\/div><\/div><div class=\"wpb_column vc_column_container\"><div class=\"vc_column-inner\">[vc_custom_heading text=&#8221;Nouveaux talents<br \/>\nrecherch\u00e9s&#8221; font_container=&#8221;tag:h2|font_size:48px|text_align:left|color:%23ffffff&#8221; use_theme_fonts=&#8221;yes&#8221; el_class=&#8221;vag bold center_mobile&#8221; css=&#8221;%7B%22default%22%3A%7B%22margin-bottom%22%3A%220px%22%2C%22color%22%3A%22%23ffffff%22%2C%22font-size%22%3A%2248px%22%7D%7D&#8221;][vc_custom_heading text=&#8221;Votre connexion vaut<br \/>\n1 000 euros bruts&#8221; font_container=&#8221;tag:h2|font_size:48px|text_align:left|color:%23ffffff&#8221; use_theme_fonts=&#8221;yes&#8221; el_class=&#8221;vag max-width-485 center_mobile&#8221; css=&#8221;%7B%22default%22%3A%7B%22padding-top%22%3A%220px%22%2C%22color%22%3A%22%23ffffff%22%2C%22font-size%22%3A%2248px%22%7D%7D&#8221;]<div class=\"w-image happy_2_hire_visual align_none\"><div class=\"w-image-h\"><img loading=\"lazy\" decoding=\"async\" width=\"492\" height=\"406\" src=\"https:\/\/www.plukon.be\/wp-content\/uploads\/sites\/11\/2023\/06\/happy2hire_visual.png\" class=\"attachment-full size-full\" alt=\"\" srcset=\"https:\/\/www.plukon.be\/wp-content\/uploads\/sites\/11\/2023\/06\/happy2hire_visual.png 492w, https:\/\/www.plukon.be\/wp-content\/uploads\/sites\/11\/2023\/06\/happy2hire_visual-300x248.png 300w\" sizes=\"auto, (max-width: 492px) 100vw, 492px\" \/><\/div><\/div><\/div><\/div><\/div><\/div><\/section><!-- Row Backgrounds --><div class=\"upb_color\" data-bg-override=\"0\" data-bg-color=\"#008c35\" data-fadeout=\"\" data-fadeout-percentage=\"30\" data-parallax-content=\"\" data-parallax-content-sense=\"30\" data-row-effect-mobile-disable=\"true\" data-img-parallax-mobile-disable=\"true\" data-rtl=\"false\"  data-custom-vc-row=\"\"  data-vc=\"7.2\"  data-is_old_vc=\"\"  data-theme-support=\"\"   data-overlay=\"false\" data-overlay-color=\"\" data-overlay-pattern=\"\" data-overlay-pattern-opacity=\"\" data-overlay-pattern-size=\"\"    ><\/div><section class=\"l-section wpb_row height_small\"><div class=\"l-section-h i-cf\"><div class=\"g-cols vc_row via_grid cols_1 laptops-cols_inherit tablets-cols_inherit mobiles-cols_1 valign_top type_default stacking_default\"><div class=\"wpb_column vc_column_container\"><div class=\"vc_column-inner\">[vc_raw_html]W3lvYXN0LWJyZWFkY3J1bWJd[\/vc_raw_html]<\/div><\/div><\/div><\/div><\/section><section class=\"l-section wpb_row height_small\"><div class=\"l-section-h i-cf\"><div class=\"g-cols vc_row via_grid cols_3-1 laptops-cols_inherit tablets-cols_inherit mobiles-cols_1 valign_top type_default reversed stacking_default\"><div class=\"wpb_column vc_column_container\"><div class=\"vc_column-inner\">[vc_custom_heading text=&#8221;Happy2Hire&#8221; font_container=&#8221;tag:h1|font_size:50px|text_align:left|color:%230a0a0a|line_height:71px&#8221; use_theme_fonts=&#8221;yes&#8221; el_class=&#8221;vag bold&#8221; css=&#8221;%7B%22default%22%3A%7B%22color%22%3A%22%230a0a0a%22%2C%22font-size%22%3A%2250px%22%2C%22line-height%22%3A%2271px%22%7D%7D&#8221;]<div class=\"wpb_text_column\"><div class=\"wpb_wrapper\"><p>Comme vous le savez, recruter du personnel est actuellement un v\u00e9ritable d\u00e9fi. Nous sommes constamment \u00e0 la recherche de personnes talentueuses dans diff\u00e9rents secteurs de notre entreprise. C&#8217;est ainsi que nous pouvons assurer la continuit\u00e9 de Plukon, Nous y avons tous int\u00e9r\u00eat !<\/p>\n<p>C\u2019est pourquoi nous vous demandons de nous aider \u00e0 trouver de nouveaux coll\u00e8gues. Peut-\u00eatre connaissez-vous quelqu&#8217;un dans votre r\u00e9seau qui conviendrait parfaitement \u00e0 l&#8217;un des postes vacants. En sugg\u00e9rant un nouveau coll\u00e8gue, vous pourriez gagner 1000 euros bruts !<\/p>\n<\/div><\/div>[vc_custom_heading text=&#8221;Comment cela fonctionne-t-il ?&#8221; font_container=&#8221;tag:h2|font_size:18px|text_align:left|color:%230a0a0a|line_height:28px&#8221; use_theme_fonts=&#8221;yes&#8221; el_class=&#8221;vag bold&#8221; css=&#8221;%7B%22default%22%3A%7B%22margin-bottom%22%3A%2210px%22%2C%22color%22%3A%22%230a0a0a%22%2C%22font-size%22%3A%2218px%22%2C%22line-height%22%3A%2228px%22%7D%7D&#8221;]<div class=\"wpb_text_column\"><div class=\"wpb_wrapper\"><p>Connaissez vous quelqu\u2019un qui conviendrait \u00e0 l&#8217;un des postes vacants participantes ? Un(e) ami(e), un parent ou une connaissance ? Cliquez alors sur le bouton ci-dessous et remplissez vos coordonn\u00e9es et celles du candidat. Si votre candidat est engag\u00e9 par Plukon et travaille pendant 6 mois, vous recevrez 1000 euros bruts !<\/p>\n<\/div><\/div><div class=\"w-btn-wrapper align_none\"><a class=\"w-btn us-btn-style_3 us_custom_24cf107d button_adjust vag bold open_pop-up_form_fr margin-fix-btn\" href=\"#\"><span class=\"w-btn-label\">Proposer un candidat !<\/span><\/a><\/div><div class=\"wpb_text_column fw-100\"><div class=\"wpb_wrapper\"><div class=\"vc_col-sm-12 wpb_column vc_column_container\">\n<div class=\"vc_column-inner\">\n<div class=\"wpb_wrapper\">\n<div class=\"wpb_text_column \">\n<div class=\"wpb_wrapper\">\n<p>Vous avez des questions ? Consultez les conditions g\u00e9n\u00e9rales ou envoyez un courrier \u00e9lectronique \u00e0 l\u2019adresse\u00a0<a href=\"mailto:happy2hire@plukon.be\">happy2hire@plukon.be<\/a><\/p>\n<\/div>\n<\/div>\n<\/div>\n<\/div>\n<\/div>\n<\/div><\/div><div class=\"ult-spacer spacer-69e756532abef\" data-id=\"69e756532abef\" data-height=\"0\" data-height-mobile=\"30\" data-height-tab=\"\" data-height-tab-portrait=\"30\" data-height-mobile-landscape=\"30\" style=\"clear:both;display:block;\"><\/div><\/div><\/div><div class=\"wpb_column vc_column_container\"><div class=\"vc_column-inner\"><div class=\"ult-spacer spacer-69e756532ad73\" data-id=\"69e756532ad73\" data-height=\"0\" data-height-mobile=\"30\" data-height-tab=\"\" data-height-tab-portrait=\"30\" data-height-mobile-landscape=\"30\" style=\"clear:both;display:block;\"><\/div><div class=\"w-iconbox us_custom_b6154b54 lang-switcher-h2h iconpos_left style_default color_primary align_left no_text icontype_img\"><a title=\"Happy2Hire\" href=\"https:\/\/www.plukon.be\/happy2hire\/\" class=\"w-iconbox-link\" aria-label=\"Schakel naar Nederlands\"><div class=\"w-iconbox-icon\" style=\"font-size:32px;\"><img loading=\"lazy\" decoding=\"async\" width=\"32\" height=\"24\" src=\"https:\/\/www.plukon.be\/wp-content\/uploads\/sites\/11\/2023\/06\/flag_nl.png.png\" class=\"attachment-full size-full\" alt=\"\" \/><\/div><\/a><div class=\"w-iconbox-meta\"><a title=\"Happy2Hire\" href=\"https:\/\/www.plukon.be\/happy2hire\/\" class=\"w-iconbox-link\" aria-label=\"Schakel naar Nederlands\"><p class=\"w-iconbox-title\" style=\"font-size:15px;\">Schakel naar Nederlands<\/p><\/a><\/div><\/div><div class=\"ult-spacer spacer-69e756532b976\" data-id=\"69e756532b976\" data-height=\"20\" data-height-mobile=\"20\" data-height-tab=\"20\" data-height-tab-portrait=\"\" data-height-mobile-landscape=\"\" style=\"clear:both;display:block;\"><\/div><div class=\"w-iconbox us_custom_b6154b54 lang-switcher-h2h iconpos_left style_default color_primary align_left no_text icontype_img\"><a title=\"Happy2Hire\" href=\"https:\/\/www.plukon.be\/happy2hire\/\" class=\"w-iconbox-link\" aria-label=\"Switch to English\"><div class=\"w-iconbox-icon\" style=\"font-size:32px;\"><img loading=\"lazy\" decoding=\"async\" width=\"32\" height=\"24\" src=\"https:\/\/www.plukon.be\/wp-content\/uploads\/sites\/11\/2023\/07\/vlag-engeland.png\" class=\"attachment-full size-full\" alt=\"\" \/><\/div><\/a><div class=\"w-iconbox-meta\"><a title=\"Happy2Hire\" href=\"https:\/\/www.plukon.be\/happy2hire\/\" class=\"w-iconbox-link\" aria-label=\"Switch to English\"><p class=\"w-iconbox-title\" style=\"font-size:15px;\">Switch to English<\/p><\/a><\/div><\/div><\/div><\/div><\/div><\/div><\/section><section class=\"l-section wpb_row height_small\"><div class=\"l-section-h i-cf\"><div class=\"g-cols vc_row via_grid cols_1 laptops-cols_inherit tablets-cols_inherit mobiles-cols_1 valign_top type_default stacking_default\"><div class=\"wpb_column vc_column_container\"><div class=\"vc_column-inner\"><div class=\"g-cols wpb_row mobile-padding via_grid cols_2 laptops-cols_inherit tablets-cols_inherit mobiles-cols_1 valign_top type_default stacking_default\" style=\"--gap:3rem;\"><div class=\"wpb_column vc_column_container open_pop-up_terms_fr cursor_pointer\"><div class=\"vc_column-inner\">[vc_custom_heading text=&#8221;Conditions g\u00e9n\u00e9rales<br \/>\nde Happy2Hire&#8221; font_container=&#8221;tag:h2|font_size:42px|text_align:left|color:%23ffffff&#8221; use_theme_fonts=&#8221;yes&#8221; el_class=&#8221;vag bold title_banner&#8221; css=&#8221;%7B%22default%22%3A%7B%22color%22%3A%22%23ffffff%22%2C%22font-size%22%3A%2242px%22%7D%7D&#8221;]<div class=\"w-image us_custom_11911687 round_corner_right_bottom align_none has_bg_color\"><div class=\"w-image-h\"><img loading=\"lazy\" decoding=\"async\" width=\"583\" height=\"320\" src=\"https:\/\/www.plukon.be\/wp-content\/uploads\/sites\/11\/2023\/06\/happy2hire_visual_banner_left.png\" class=\"attachment-large size-large\" alt=\"\" srcset=\"https:\/\/www.plukon.be\/wp-content\/uploads\/sites\/11\/2023\/06\/happy2hire_visual_banner_left.png 583w, https:\/\/www.plukon.be\/wp-content\/uploads\/sites\/11\/2023\/06\/happy2hire_visual_banner_left-300x165.png 300w\" sizes=\"auto, (max-width: 583px) 100vw, 583px\" \/><\/div><\/div><\/div><\/div><div class=\"wpb_column vc_column_container has-link\"><div class=\"vc_column-inner\">[vc_custom_heading text=&#8221;Offres d\u2019emploi<br \/>\nparticipantes&#8221; font_container=&#8221;tag:h2|font_size:42px|text_align:left|color:%230a0a0a&#8221; use_theme_fonts=&#8221;yes&#8221; el_class=&#8221;vag bold title_banner&#8221; css=&#8221;%7B%22default%22%3A%7B%22color%22%3A%22%230a0a0a%22%2C%22font-size%22%3A%2242px%22%7D%7D&#8221;]<div class=\"w-image us_custom_dc03500d round_corner_right_bottom align_none has_bg_color\"><div class=\"w-image-h\"><img loading=\"lazy\" decoding=\"async\" width=\"583\" height=\"320\" src=\"https:\/\/www.plukon.be\/wp-content\/uploads\/sites\/11\/2023\/06\/happy2hire_visual_banner_right.png\" class=\"attachment-full size-full\" alt=\"\" srcset=\"https:\/\/www.plukon.be\/wp-content\/uploads\/sites\/11\/2023\/06\/happy2hire_visual_banner_right.png 583w, https:\/\/www.plukon.be\/wp-content\/uploads\/sites\/11\/2023\/06\/happy2hire_visual_banner_right-300x165.png 300w\" sizes=\"auto, (max-width: 583px) 100vw, 583px\" \/><\/div><\/div><\/div><a href=\"https:\/\/werkenbijplukon.be\/fr\/offres-demploi\/\" class=\"vc_column-link smooth-scroll\" aria-label=\"Lien\"><\/a><\/div><\/div><\/div><\/div><\/div><\/div><\/section>\n","protected":false},"excerpt":{"rendered":"[vc_custom_heading text=\"Nouveaux talents recherch\u00e9s\" font_container=\"tag:h2|font_size:48px|text_align:left|color:%23ffffff\" use_theme_fonts=\"yes\" el_class=\"vag bold center_mobile\" css=\"%7B%22default%22%3A%7B%22margin-bottom%22%3A%220px%22%2C%22color%22%3A%22%23ffffff%22%2C%22font-size%22%3A%2248px%22%7D%7D\"][vc_custom_heading text=\"Votre connexion vaut 1 000 euros bruts\" font_container=\"tag:h2|font_size:48px|text_align:left|color:%23ffffff\" use_theme_fonts=\"yes\" el_class=\"vag max-width-485 center_mobile\" css=\"%7B%22default%22%3A%7B%22padding-top%22%3A%220px%22%2C%22color%22%3A%22%23ffffff%22%2C%22font-size%22%3A%2248px%22%7D%7D\"][vc_raw_html]W3lvYXN0LWJyZWFkY3J1bWJd[\/vc_raw_html][vc_custom_heading text=\"Happy2Hire\" font_container=\"tag:h1|font_size:50px|text_align:left|color:%230a0a0a|line_height:71px\" use_theme_fonts=\"yes\" el_class=\"vag bold\" css=\"%7B%22default%22%3A%7B%22color%22%3A%22%230a0a0a%22%2C%22font-size%22%3A%2250px%22%2C%22line-height%22%3A%2271px%22%7D%7D\"]Comme vous le savez, recruter du personnel est actuellement un v\u00e9ritable d\u00e9fi. Nous sommes constamment \u00e0 la recherche de personnes talentueuses dans diff\u00e9rents secteurs de notre entreprise....","protected":false},"author":1,"featured_media":0,"parent":0,"menu_order":0,"comment_status":"closed","ping_status":"closed","template":"","meta":{"_acf_changed":false,"footnotes":""},"class_list":["post-1866","page","type-page","status-publish","hentry"],"acf":[],"yoast_head":"<!-- This site is optimized with the Yoast SEO plugin v27.4 - https:\/\/yoast.com\/product\/yoast-seo-wordpress\/ -->\n<title>Happy2Hire - Plukon.be<\/title>\n<meta name=\"robots\" content=\"index, follow, max-snippet:-1, max-image-preview:large, max-video-preview:-1\" \/>\n<link rel=\"canonical\" href=\"https:\/\/www.plukon.be\/fr\/happy2hire\/\" \/>\n<meta property=\"og:locale\" content=\"fr_FR\" \/>\n<meta property=\"og:type\" content=\"article\" \/>\n<meta property=\"og:title\" content=\"Happy2Hire - Plukon.be\" \/>\n<meta property=\"og:url\" content=\"https:\/\/www.plukon.be\/fr\/happy2hire\/\" \/>\n<meta property=\"og:site_name\" content=\"Plukon.be\" \/>\n<meta property=\"article:modified_time\" content=\"2025-05-02T11:22:39+00:00\" \/>\n<meta name=\"twitter:card\" content=\"summary_large_image\" \/>\n<meta name=\"twitter:label1\" content=\"Dur\u00e9e de lecture est.\" \/>\n\t<meta name=\"twitter:data1\" content=\"4 minutes\" \/>\n<script type=\"application\/ld+json\" class=\"yoast-schema-graph\">{\"@context\":\"https:\\\/\\\/schema.org\",\"@graph\":[{\"@type\":\"WebPage\",\"@id\":\"https:\\\/\\\/www.plukon.be\\\/fr\\\/happy2hire\\\/\",\"url\":\"https:\\\/\\\/www.plukon.be\\\/fr\\\/happy2hire\\\/\",\"name\":\"Happy2Hire - Plukon.be\",\"isPartOf\":{\"@id\":\"https:\\\/\\\/www.plukon.be\\\/#website\"},\"datePublished\":\"2023-06-20T10:32:58+00:00\",\"dateModified\":\"2025-05-02T11:22:39+00:00\",\"breadcrumb\":{\"@id\":\"https:\\\/\\\/www.plukon.be\\\/fr\\\/happy2hire\\\/#breadcrumb\"},\"inLanguage\":\"fr-BE\",\"potentialAction\":[{\"@type\":\"ReadAction\",\"target\":[\"https:\\\/\\\/www.plukon.be\\\/fr\\\/happy2hire\\\/\"]}]},{\"@type\":\"BreadcrumbList\",\"@id\":\"https:\\\/\\\/www.plukon.be\\\/fr\\\/happy2hire\\\/#breadcrumb\",\"itemListElement\":[{\"@type\":\"ListItem\",\"position\":1,\"name\":\"Home\",\"item\":\"https:\\\/\\\/www.plukon.be\\\/fr\\\/\"},{\"@type\":\"ListItem\",\"position\":2,\"name\":\"Happy2Hire\"}]},{\"@type\":\"WebSite\",\"@id\":\"https:\\\/\\\/www.plukon.be\\\/#website\",\"url\":\"https:\\\/\\\/www.plukon.be\\\/\",\"name\":\"Plukon Food Group\",\"description\":\"Forward Food Solutions\",\"publisher\":{\"@id\":\"https:\\\/\\\/www.plukon.be\\\/#organization\"},\"potentialAction\":[{\"@type\":\"SearchAction\",\"target\":{\"@type\":\"EntryPoint\",\"urlTemplate\":\"https:\\\/\\\/www.plukon.be\\\/?s={search_term_string}\"},\"query-input\":{\"@type\":\"PropertyValueSpecification\",\"valueRequired\":true,\"valueName\":\"search_term_string\"}}],\"inLanguage\":\"fr-BE\"},{\"@type\":\"Organization\",\"@id\":\"https:\\\/\\\/www.plukon.be\\\/#organization\",\"name\":\"Plukon Food Group\",\"url\":\"https:\\\/\\\/www.plukon.be\\\/\",\"logo\":{\"@type\":\"ImageObject\",\"inLanguage\":\"fr-BE\",\"@id\":\"https:\\\/\\\/www.plukon.be\\\/#\\\/schema\\\/logo\\\/image\\\/\",\"url\":\"https:\\\/\\\/www.plukon.be\\\/wp-content\\\/uploads\\\/sites\\\/11\\\/2018\\\/07\\\/logo_2x.png\",\"contentUrl\":\"https:\\\/\\\/www.plukon.be\\\/wp-content\\\/uploads\\\/sites\\\/11\\\/2018\\\/07\\\/logo_2x.png\",\"width\":412,\"height\":164,\"caption\":\"Plukon Food Group\"},\"image\":{\"@id\":\"https:\\\/\\\/www.plukon.be\\\/#\\\/schema\\\/logo\\\/image\\\/\"}}]}<\/script>\n<!-- \/ Yoast SEO plugin. -->","yoast_head_json":{"title":"Happy2Hire - Plukon.be","robots":{"index":"index","follow":"follow","max-snippet":"max-snippet:-1","max-image-preview":"max-image-preview:large","max-video-preview":"max-video-preview:-1"},"canonical":"https:\/\/www.plukon.be\/fr\/happy2hire\/","og_locale":"fr_FR","og_type":"article","og_title":"Happy2Hire - Plukon.be","og_url":"https:\/\/www.plukon.be\/fr\/happy2hire\/","og_site_name":"Plukon.be","article_modified_time":"2025-05-02T11:22:39+00:00","twitter_card":"summary_large_image","twitter_misc":{"Dur\u00e9e de lecture est.":"4 minutes"},"schema":{"@context":"https:\/\/schema.org","@graph":[{"@type":"WebPage","@id":"https:\/\/www.plukon.be\/fr\/happy2hire\/","url":"https:\/\/www.plukon.be\/fr\/happy2hire\/","name":"Happy2Hire - Plukon.be","isPartOf":{"@id":"https:\/\/www.plukon.be\/#website"},"datePublished":"2023-06-20T10:32:58+00:00","dateModified":"2025-05-02T11:22:39+00:00","breadcrumb":{"@id":"https:\/\/www.plukon.be\/fr\/happy2hire\/#breadcrumb"},"inLanguage":"fr-BE","potentialAction":[{"@type":"ReadAction","target":["https:\/\/www.plukon.be\/fr\/happy2hire\/"]}]},{"@type":"BreadcrumbList","@id":"https:\/\/www.plukon.be\/fr\/happy2hire\/#breadcrumb","itemListElement":[{"@type":"ListItem","position":1,"name":"Home","item":"https:\/\/www.plukon.be\/fr\/"},{"@type":"ListItem","position":2,"name":"Happy2Hire"}]},{"@type":"WebSite","@id":"https:\/\/www.plukon.be\/#website","url":"https:\/\/www.plukon.be\/","name":"Plukon Food Group","description":"Forward Food Solutions","publisher":{"@id":"https:\/\/www.plukon.be\/#organization"},"potentialAction":[{"@type":"SearchAction","target":{"@type":"EntryPoint","urlTemplate":"https:\/\/www.plukon.be\/?s={search_term_string}"},"query-input":{"@type":"PropertyValueSpecification","valueRequired":true,"valueName":"search_term_string"}}],"inLanguage":"fr-BE"},{"@type":"Organization","@id":"https:\/\/www.plukon.be\/#organization","name":"Plukon Food Group","url":"https:\/\/www.plukon.be\/","logo":{"@type":"ImageObject","inLanguage":"fr-BE","@id":"https:\/\/www.plukon.be\/#\/schema\/logo\/image\/","url":"https:\/\/www.plukon.be\/wp-content\/uploads\/sites\/11\/2018\/07\/logo_2x.png","contentUrl":"https:\/\/www.plukon.be\/wp-content\/uploads\/sites\/11\/2018\/07\/logo_2x.png","width":412,"height":164,"caption":"Plukon Food Group"},"image":{"@id":"https:\/\/www.plukon.be\/#\/schema\/logo\/image\/"}}]}},"publishpress_future_action":{"enabled":false,"date":"2026-04-28 11:49:55","action":"change-status","newStatus":"draft","terms":[],"taxonomy":"translation_priority","extraData":[]},"publishpress_future_workflow_manual_trigger":{"enabledWorkflows":[]},"_links":{"self":[{"href":"https:\/\/www.plukon.be\/fr\/wp-json\/wp\/v2\/pages\/1866","targetHints":{"allow":["GET"]}}],"collection":[{"href":"https:\/\/www.plukon.be\/fr\/wp-json\/wp\/v2\/pages"}],"about":[{"href":"https:\/\/www.plukon.be\/fr\/wp-json\/wp\/v2\/types\/page"}],"author":[{"embeddable":true,"href":"https:\/\/www.plukon.be\/fr\/wp-json\/wp\/v2\/users\/1"}],"replies":[{"embeddable":true,"href":"https:\/\/www.plukon.be\/fr\/wp-json\/wp\/v2\/comments?post=1866"}],"version-history":[{"count":32,"href":"https:\/\/www.plukon.be\/fr\/wp-json\/wp\/v2\/pages\/1866\/revisions"}],"predecessor-version":[{"id":2359,"href":"https:\/\/www.plukon.be\/fr\/wp-json\/wp\/v2\/pages\/1866\/revisions\/2359"}],"wp:attachment":[{"href":"https:\/\/www.plukon.be\/fr\/wp-json\/wp\/v2\/media?parent=1866"}],"curies":[{"name":"wp","href":"https:\/\/api.w.org\/{rel}","templated":true}]}}