{"id":1896,"date":"2023-06-20T12:45:30","date_gmt":"2023-06-20T11:45:30","guid":{"rendered":"https:\/\/www.plukon.be\/?page_id=1896"},"modified":"2024-01-23T09:49:37","modified_gmt":"2024-01-23T08:49:37","slug":"merci","status":"publish","type":"page","link":"https:\/\/www.plukon.be\/fr\/happy2hire\/merci\/","title":{"rendered":"Merci"},"content":{"rendered":"<section class=\"l-section wpb_row us_custom_d28934eb height_small\"><div class=\"l-section-h i-cf\"><div class=\"g-cols vc_row via_grid cols_1-2-1 laptops-cols_inherit tablets-cols_inherit mobiles-cols_1 valign_middle type_default stacking_default\"><div class=\"wpb_column vc_column_container\"><div class=\"vc_column-inner\"><div class=\"w-image align_center\"><div class=\"w-image-h\"><img loading=\"lazy\" decoding=\"async\" width=\"514\" height=\"514\" src=\"https:\/\/www.plukon.be\/wp-content\/uploads\/sites\/11\/2023\/06\/happy2hire_logo.png\" class=\"attachment-full size-full\" alt=\"\" srcset=\"https:\/\/www.plukon.be\/wp-content\/uploads\/sites\/11\/2023\/06\/happy2hire_logo.png 514w, https:\/\/www.plukon.be\/wp-content\/uploads\/sites\/11\/2023\/06\/happy2hire_logo-300x300.png 300w, https:\/\/www.plukon.be\/wp-content\/uploads\/sites\/11\/2023\/06\/happy2hire_logo-150x150.png 150w, https:\/\/www.plukon.be\/wp-content\/uploads\/sites\/11\/2023\/06\/happy2hire_logo-350x350.png 350w\" sizes=\"auto, (max-width: 514px) 100vw, 514px\" \/><\/div><\/div><\/div><\/div><div class=\"wpb_column vc_column_container\"><div class=\"vc_column-inner\">[vc_custom_heading text=&#8221;Nous vous remercions d&#8217;avoir propos\u00e9 un candidat !&#8221; font_container=&#8221;tag:h2|font_size:48px|text_align:left|color:%23ffffff&#8221; use_theme_fonts=&#8221;yes&#8221; css=&#8221;%7B%22default%22%3A%7B%22margin-bottom%22%3A%220px%22%2C%22color%22%3A%22%23ffffff%22%2C%22font-size%22%3A%2248px%22%7D%7D&#8221;]<div class=\"ult-spacer spacer-69e2ad192864d\" data-id=\"69e2ad192864d\" data-height=\"\" data-height-mobile=\"\" data-height-tab=\"\" data-height-tab-portrait=\"\" data-height-mobile-landscape=\"\" style=\"clear:both;display:block;\"><\/div>[vc_custom_heading text=&#8221;Vous recevrez bient\u00f4t une r\u00e9ponse. Veuillez noter que seules les candidatures li\u00e9es aux postes vacants s\u00e9lectionn\u00e9s pour la campagne Happy2Hire seront trait\u00e9es. &#8221; font_container=&#8221;tag:h3|font_size:24px|text_align:left|color:%23ffffff&#8221; use_theme_fonts=&#8221;yes&#8221; css=&#8221;%7B%22default%22%3A%7B%22margin-bottom%22%3A%220px%22%2C%22color%22%3A%22%23ffffff%22%2C%22font-size%22%3A%2224px%22%7D%7D&#8221;]<\/div><\/div><div class=\"wpb_column vc_column_container\"><div class=\"vc_column-inner\"><div class=\"w-image happy_2_hire_visual align_center\"><div class=\"w-image-h\"><img loading=\"lazy\" decoding=\"async\" width=\"492\" height=\"406\" src=\"https:\/\/www.plukon.be\/wp-content\/uploads\/sites\/11\/2023\/06\/happy2hire_visual.png\" class=\"attachment-full size-full\" alt=\"\" srcset=\"https:\/\/www.plukon.be\/wp-content\/uploads\/sites\/11\/2023\/06\/happy2hire_visual.png 492w, https:\/\/www.plukon.be\/wp-content\/uploads\/sites\/11\/2023\/06\/happy2hire_visual-300x248.png 300w\" sizes=\"auto, (max-width: 492px) 100vw, 492px\" \/><\/div><\/div><\/div><\/div><\/div><\/div><\/section><!-- Row Backgrounds --><div class=\"upb_color\" data-bg-override=\"0\" data-bg-color=\"#008c35\" data-fadeout=\"\" data-fadeout-percentage=\"30\" data-parallax-content=\"\" data-parallax-content-sense=\"30\" data-row-effect-mobile-disable=\"true\" data-img-parallax-mobile-disable=\"true\" data-rtl=\"false\"  data-custom-vc-row=\"\"  data-vc=\"7.2\"  data-is_old_vc=\"\"  data-theme-support=\"\"   data-overlay=\"false\" data-overlay-color=\"\" data-overlay-pattern=\"\" data-overlay-pattern-opacity=\"\" data-overlay-pattern-size=\"\"    ><\/div>\n","protected":false},"excerpt":{"rendered":"[vc_custom_heading text=\"Nous vous remercions d'avoir propos\u00e9 un candidat !\" font_container=\"tag:h2|font_size:48px|text_align:left|color:%23ffffff\" use_theme_fonts=\"yes\" css=\"%7B%22default%22%3A%7B%22margin-bottom%22%3A%220px%22%2C%22color%22%3A%22%23ffffff%22%2C%22font-size%22%3A%2248px%22%7D%7D\"][vc_custom_heading text=\"Vous recevrez bient\u00f4t une r\u00e9ponse. Veuillez noter que seules les candidatures li\u00e9es aux postes vacants s\u00e9lectionn\u00e9s pour la campagne Happy2Hire seront trait\u00e9es. \" font_container=\"tag:h3|font_size:24px|text_align:left|color:%23ffffff\" use_theme_fonts=\"yes\" css=\"%7B%22default%22%3A%7B%22margin-bottom%22%3A%220px%22%2C%22color%22%3A%22%23ffffff%22%2C%22font-size%22%3A%2224px%22%7D%7D\"]","protected":false},"author":1,"featured_media":0,"parent":0,"menu_order":0,"comment_status":"closed","ping_status":"closed","template":"","meta":{"_acf_changed":false,"footnotes":""},"class_list":["post-1896","page","type-page","status-publish","hentry"],"acf":[],"yoast_head":"<!-- This site is optimized with the Yoast SEO plugin v27.4 - https:\/\/yoast.com\/product\/yoast-seo-wordpress\/ -->\n<title>Merci - Plukon.be<\/title>\n<meta name=\"robots\" content=\"index, follow, max-snippet:-1, max-image-preview:large, max-video-preview:-1\" \/>\n<link rel=\"canonical\" href=\"https:\/\/www.plukon.be\/fr\/happy2hire\/merci\/\" \/>\n<meta property=\"og:locale\" content=\"fr_FR\" \/>\n<meta property=\"og:type\" content=\"article\" \/>\n<meta property=\"og:title\" content=\"Merci - Plukon.be\" \/>\n<meta property=\"og:url\" content=\"https:\/\/www.plukon.be\/fr\/happy2hire\/merci\/\" \/>\n<meta property=\"og:site_name\" content=\"Plukon.be\" \/>\n<meta property=\"article:modified_time\" content=\"2024-01-23T08:49:37+00:00\" \/>\n<meta name=\"twitter:card\" content=\"summary_large_image\" \/>\n<meta name=\"twitter:label1\" content=\"Dur\u00e9e de lecture est.\" \/>\n\t<meta name=\"twitter:data1\" content=\"1 minute\" \/>\n<script type=\"application\/ld+json\" class=\"yoast-schema-graph\">{\"@context\":\"https:\\\/\\\/schema.org\",\"@graph\":[{\"@type\":\"WebPage\",\"@id\":\"https:\\\/\\\/www.plukon.be\\\/fr\\\/happy2hire\\\/merci\\\/\",\"url\":\"https:\\\/\\\/www.plukon.be\\\/fr\\\/happy2hire\\\/merci\\\/\",\"name\":\"Merci - Plukon.be\",\"isPartOf\":{\"@id\":\"https:\\\/\\\/www.plukon.be\\\/#website\"},\"datePublished\":\"2023-06-20T11:45:30+00:00\",\"dateModified\":\"2024-01-23T08:49:37+00:00\",\"breadcrumb\":{\"@id\":\"https:\\\/\\\/www.plukon.be\\\/fr\\\/happy2hire\\\/merci\\\/#breadcrumb\"},\"inLanguage\":\"fr-BE\",\"potentialAction\":[{\"@type\":\"ReadAction\",\"target\":[\"https:\\\/\\\/www.plukon.be\\\/fr\\\/happy2hire\\\/merci\\\/\"]}]},{\"@type\":\"BreadcrumbList\",\"@id\":\"https:\\\/\\\/www.plukon.be\\\/fr\\\/happy2hire\\\/merci\\\/#breadcrumb\",\"itemListElement\":[{\"@type\":\"ListItem\",\"position\":1,\"name\":\"Home\",\"item\":\"https:\\\/\\\/www.plukon.be\\\/fr\\\/\"},{\"@type\":\"ListItem\",\"position\":2,\"name\":\"Merci\"}]},{\"@type\":\"WebSite\",\"@id\":\"https:\\\/\\\/www.plukon.be\\\/#website\",\"url\":\"https:\\\/\\\/www.plukon.be\\\/\",\"name\":\"Plukon Food Group\",\"description\":\"Forward Food Solutions\",\"publisher\":{\"@id\":\"https:\\\/\\\/www.plukon.be\\\/#organization\"},\"potentialAction\":[{\"@type\":\"SearchAction\",\"target\":{\"@type\":\"EntryPoint\",\"urlTemplate\":\"https:\\\/\\\/www.plukon.be\\\/?s={search_term_string}\"},\"query-input\":{\"@type\":\"PropertyValueSpecification\",\"valueRequired\":true,\"valueName\":\"search_term_string\"}}],\"inLanguage\":\"fr-BE\"},{\"@type\":\"Organization\",\"@id\":\"https:\\\/\\\/www.plukon.be\\\/#organization\",\"name\":\"Plukon Food Group\",\"url\":\"https:\\\/\\\/www.plukon.be\\\/\",\"logo\":{\"@type\":\"ImageObject\",\"inLanguage\":\"fr-BE\",\"@id\":\"https:\\\/\\\/www.plukon.be\\\/#\\\/schema\\\/logo\\\/image\\\/\",\"url\":\"https:\\\/\\\/www.plukon.be\\\/wp-content\\\/uploads\\\/sites\\\/11\\\/2018\\\/07\\\/logo_2x.png\",\"contentUrl\":\"https:\\\/\\\/www.plukon.be\\\/wp-content\\\/uploads\\\/sites\\\/11\\\/2018\\\/07\\\/logo_2x.png\",\"width\":412,\"height\":164,\"caption\":\"Plukon Food Group\"},\"image\":{\"@id\":\"https:\\\/\\\/www.plukon.be\\\/#\\\/schema\\\/logo\\\/image\\\/\"}}]}<\/script>\n<!-- \/ Yoast SEO plugin. -->","yoast_head_json":{"title":"Merci - Plukon.be","robots":{"index":"index","follow":"follow","max-snippet":"max-snippet:-1","max-image-preview":"max-image-preview:large","max-video-preview":"max-video-preview:-1"},"canonical":"https:\/\/www.plukon.be\/fr\/happy2hire\/merci\/","og_locale":"fr_FR","og_type":"article","og_title":"Merci - Plukon.be","og_url":"https:\/\/www.plukon.be\/fr\/happy2hire\/merci\/","og_site_name":"Plukon.be","article_modified_time":"2024-01-23T08:49:37+00:00","twitter_card":"summary_large_image","twitter_misc":{"Dur\u00e9e de lecture est.":"1 minute"},"schema":{"@context":"https:\/\/schema.org","@graph":[{"@type":"WebPage","@id":"https:\/\/www.plukon.be\/fr\/happy2hire\/merci\/","url":"https:\/\/www.plukon.be\/fr\/happy2hire\/merci\/","name":"Merci - Plukon.be","isPartOf":{"@id":"https:\/\/www.plukon.be\/#website"},"datePublished":"2023-06-20T11:45:30+00:00","dateModified":"2024-01-23T08:49:37+00:00","breadcrumb":{"@id":"https:\/\/www.plukon.be\/fr\/happy2hire\/merci\/#breadcrumb"},"inLanguage":"fr-BE","potentialAction":[{"@type":"ReadAction","target":["https:\/\/www.plukon.be\/fr\/happy2hire\/merci\/"]}]},{"@type":"BreadcrumbList","@id":"https:\/\/www.plukon.be\/fr\/happy2hire\/merci\/#breadcrumb","itemListElement":[{"@type":"ListItem","position":1,"name":"Home","item":"https:\/\/www.plukon.be\/fr\/"},{"@type":"ListItem","position":2,"name":"Merci"}]},{"@type":"WebSite","@id":"https:\/\/www.plukon.be\/#website","url":"https:\/\/www.plukon.be\/","name":"Plukon Food Group","description":"Forward Food Solutions","publisher":{"@id":"https:\/\/www.plukon.be\/#organization"},"potentialAction":[{"@type":"SearchAction","target":{"@type":"EntryPoint","urlTemplate":"https:\/\/www.plukon.be\/?s={search_term_string}"},"query-input":{"@type":"PropertyValueSpecification","valueRequired":true,"valueName":"search_term_string"}}],"inLanguage":"fr-BE"},{"@type":"Organization","@id":"https:\/\/www.plukon.be\/#organization","name":"Plukon Food Group","url":"https:\/\/www.plukon.be\/","logo":{"@type":"ImageObject","inLanguage":"fr-BE","@id":"https:\/\/www.plukon.be\/#\/schema\/logo\/image\/","url":"https:\/\/www.plukon.be\/wp-content\/uploads\/sites\/11\/2018\/07\/logo_2x.png","contentUrl":"https:\/\/www.plukon.be\/wp-content\/uploads\/sites\/11\/2018\/07\/logo_2x.png","width":412,"height":164,"caption":"Plukon Food Group"},"image":{"@id":"https:\/\/www.plukon.be\/#\/schema\/logo\/image\/"}}]}},"publishpress_future_action":{"enabled":false,"date":"2026-04-24 22:58:49","action":"change-status","newStatus":"draft","terms":[],"taxonomy":"translation_priority","extraData":[]},"publishpress_future_workflow_manual_trigger":{"enabledWorkflows":[]},"_links":{"self":[{"href":"https:\/\/www.plukon.be\/fr\/wp-json\/wp\/v2\/pages\/1896","targetHints":{"allow":["GET"]}}],"collection":[{"href":"https:\/\/www.plukon.be\/fr\/wp-json\/wp\/v2\/pages"}],"about":[{"href":"https:\/\/www.plukon.be\/fr\/wp-json\/wp\/v2\/types\/page"}],"author":[{"embeddable":true,"href":"https:\/\/www.plukon.be\/fr\/wp-json\/wp\/v2\/users\/1"}],"replies":[{"embeddable":true,"href":"https:\/\/www.plukon.be\/fr\/wp-json\/wp\/v2\/comments?post=1896"}],"version-history":[{"count":7,"href":"https:\/\/www.plukon.be\/fr\/wp-json\/wp\/v2\/pages\/1896\/revisions"}],"predecessor-version":[{"id":2100,"href":"https:\/\/www.plukon.be\/fr\/wp-json\/wp\/v2\/pages\/1896\/revisions\/2100"}],"wp:attachment":[{"href":"https:\/\/www.plukon.be\/fr\/wp-json\/wp\/v2\/media?parent=1896"}],"curies":[{"name":"wp","href":"https:\/\/api.w.org\/{rel}","templated":true}]}}