{"id":387,"date":"2018-09-07T12:29:11","date_gmt":"2018-09-07T12:29:11","guid":{"rendered":"http:\/\/be-www.plukon.fr\/home\/"},"modified":"2024-01-23T20:07:29","modified_gmt":"2024-01-23T19:07:29","slug":"home","status":"publish","type":"page","link":"https:\/\/www.plukon.be\/fr\/","title":{"rendered":"Home"},"content":{"rendered":"<section class=\"l-section wpb_row height_huge width_full color_primary with_img\"><div class=\"l-section-img\" role=\"img\" data-img-width=\"1920\" data-img-height=\"1024\" style=\"background-image: url(https:\/\/www.plukon.be\/wp-content\/uploads\/sites\/11\/2020\/01\/hdr_homepage.jpg);background-position: top center;\"><\/div><div class=\"l-section-overlay\" style=\"background:rgba(10,10,10,0.2)\"><\/div><div class=\"l-section-h i-cf\"><div class=\"g-cols vc_row via_grid cols_1 laptops-cols_inherit tablets-cols_inherit mobiles-cols_1 valign_top type_default stacking_default\"><div class=\"wpb_column vc_column_container\"><div class=\"vc_column-inner\"><div class=\"g-cols wpb_row us_custom_4854c41d via_grid cols_1 laptops-cols_inherit tablets-cols_inherit mobiles-cols_1 valign_top type_default stacking_default\" style=\"--gap:3rem;\"><div class=\"wpb_column vc_column_container\"><div class=\"vc_column-inner\"><div class=\"w-separator size_small\"><\/div>[vc_custom_heading text=&#8221;Plukon joue un r\u00f4le important dans la r\u00e9duction de l\u2019utilisation des antibiotiques&#8221; font_container=&#8221;tag:h1|text_align:center|color:%23ffffff&#8221; use_theme_fonts=&#8221;yes&#8221; el_class=&#8221;vag&#8221; css=&#8221;%7B%22default%22%3A%7B%22color%22%3A%22%23ffffff%22%7D%7D&#8221;]<div class=\"w-btn-wrapper align_center\"><a class=\"w-btn us-btn-style_3 us_custom_1e0e9307\" href=\"https:\/\/www.plukon.fr\/plukon-joue-un-role-important-dans-la-reduction-de-lutilisation-des-antibiotiques\/\"><span class=\"w-btn-label\">En savoir plus<\/span><\/a><\/div><div class=\"w-separator size_small\"><\/div><\/div><\/div><\/div><\/div><\/div><\/div><\/div><\/section><section class=\"l-section wpb_row height_medium\"><div class=\"l-section-h i-cf\"><div class=\"g-cols vc_row via_grid cols_1 laptops-cols_inherit tablets-cols_inherit mobiles-cols_1 valign_top type_default stacking_default\"><div class=\"wpb_column vc_column_container\"><div class=\"vc_column-inner\"><div class=\"g-cols wpb_row via_grid cols_3-1 laptops-cols_inherit tablets-cols_inherit mobiles-cols_1 valign_top type_default stacking_default\" style=\"--gap:32px;\"><div class=\"wpb_column vc_column_container\"><div class=\"vc_column-inner\"><div class=\"ult-new-ib ult-ib-effect-style2 vag rounded_corner height-360 ult-ib-resp   vc_custom_1598448080066\" data-min-width=\"768\" data-max-width=\"900\" style=\"background:#000000;\" data-opacity=\"0.8\" data-hover-opacity=\"1\" ><img decoding=\"async\" class=\"ult-new-ib-img\" style=\"opacity:0.8;\" alt=\"duurzaamheid\" src=\"https:\/\/www.plukon.be\/wp-content\/uploads\/sites\/11\/2018\/07\/hdr_duurzaamheid.jpg\"   \/><div id=\"interactive-banner-wrap-7707\" class=\"ult-new-ib-desc\" style=\"\"><div class=\"ult-new-ib-title ult-responsive\"  data-ultimate-target='#interactive-banner-wrap-7707 .ult-new-ib-title'  data-responsive-json-new='{\"font-size\":\"\",\"line-height\":\"\"}'  style=\"font-weight:normal;\">La durabilit\u00e9 offre des possibilit\u00e9s<\/div><div class=\"ult-new-ib-content ult-responsive\"  data-ultimate-target='#interactive-banner-wrap-7707 .ult-new-ib-content'  data-responsive-json-new='{\"font-size\":\"\",\"line-height\":\"\"}'  style=\"font-weight:normal;\"><p>En savoir plus<\/p><\/div><\/div><a class=\"ult-new-ib-link\" href=\"https:\/\/www.plukon.be\/fr\/durabilite\/\" title=\"Lees meer\"  ><\/a><\/div><\/div><\/div><div class=\"wpb_column vc_column_container us_custom_aae63e43 vag rounded_corner beter-leven_banner has_bg_color\"><div class=\"vc_column-inner\"><div class=\"w-image align_center\"><div class=\"w-image-h\"><img loading=\"lazy\" decoding=\"async\" width=\"170\" height=\"87\" src=\"https:\/\/www.plukon.be\/wp-content\/uploads\/sites\/11\/2018\/07\/Beter-leven-logo_home-pagina.png\" class=\"attachment-full size-full\" alt=\"Beter-leven-logo\" \/><\/div><\/div><div class=\"w-separator size_small\"><\/div><div class=\"wpb_text_column\"><div class=\"wpb_wrapper\"><h3 style=\"text-align: center;\">Beter Leven<\/h3>\n<p style=\"text-align: center;\">Plukon et le label de qualit\u00e9 Beter Leven de la Soci\u00e9t\u00e9 Protectrice des Animaux n\u00e9erlandaise.<\/p>\n<\/div><\/div><div class=\"w-separator size_small\"><\/div><div class=\"w-btn-wrapper align_center\"><a class=\"w-btn us-btn-style_4 us_custom_1e0e9307\" href=\"http:\/\/be-www.plukon.fr\/fr\/aviculture\/certification-beter-leven\/\"><span class=\"w-btn-label\">En savoir plus<\/span><\/a><\/div><\/div><\/div><\/div><div class=\"g-cols wpb_row via_grid cols_1 laptops-cols_inherit tablets-cols_inherit mobiles-cols_1 valign_top type_default stacking_default\" style=\"--gap:3rem;\"><div class=\"wpb_column vc_column_container\"><div class=\"vc_column-inner\"><div class=\"w-separator size_custom\" style=\"height:32px\"><\/div><div class=\"w-grid type_grid layout_blog_1 cols_3\" id=\"us_grid_1\" style=\"--gap:1.5rem;\" data-filterable=\"true\"><style>@media (max-width:1024px){#us_grid_1 .w-grid-item{width:50%}}@media (max-width:600px){#us_grid_1 .w-grid-list{margin:0}#us_grid_1 .w-grid-item{width:100%;padding:0;margin-bottom:var(--gap,0px)}}.layout_blog_1 .w-grid-item-h{}.layout_blog_1 .usg_post_image_1{margin-bottom:0.5rem!important}.layout_blog_1 .usg_post_title_1{font-size:1rem!important}@media (min-width:1025px) and (max-width:1380px){.layout_blog_1 .usg_post_image_1{margin-bottom:0.5rem!important}.layout_blog_1 .usg_post_title_1{font-size:1rem!important}}@media (min-width:601px) and (max-width:1024px){.layout_blog_1 .usg_post_image_1{margin-bottom:0.5rem!important}.layout_blog_1 .usg_post_title_1{font-size:1rem!important}}@media (max-width:600px){.layout_blog_1 .usg_post_image_1{margin-bottom:0.5rem!important}.layout_blog_1 .usg_post_title_1{font-size:1rem!important}}<\/style><div class=\"w-grid-list\">\t<article class=\"w-grid-item size_1x1 post-2386 post type-post status-publish format-standard has-post-thumbnail hentry category-non-classifiee\" data-id=\"2386\">\r\n\t\t<div class=\"w-grid-item-h\">\r\n\t\t\t\t\t\t<div class=\"w-post-elm post_image usg_post_image_1 stretched\"><a href=\"https:\/\/www.plukon.be\/fr\/plukon-food-group-strengthens-its-position-in-alternative-proteins-with-the-acquisition-of-vega-insiders\" aria-label=\"Plukon Food Group strengthens its position in alternative proteins with the acquisition of Vega Insiders\"><img loading=\"lazy\" decoding=\"async\" width=\"600\" height=\"400\" src=\"https:\/\/www.plukon.be\/wp-content\/uploads\/sites\/11\/2025\/06\/logo-plukon-vega-insiders.jpg\" class=\"attachment-large size-large wp-post-image\" alt=\"\" srcset=\"https:\/\/www.plukon.be\/wp-content\/uploads\/sites\/11\/2025\/06\/logo-plukon-vega-insiders.jpg 600w, https:\/\/www.plukon.be\/wp-content\/uploads\/sites\/11\/2025\/06\/logo-plukon-vega-insiders-300x200.jpg 300w\" sizes=\"auto, (max-width: 600px) 100vw, 600px\" \/><\/a><\/div><h2 class=\"w-post-elm post_title usg_post_title_1 entry-title color_link_inherit\"><a href=\"https:\/\/www.plukon.be\/fr\/plukon-food-group-strengthens-its-position-in-alternative-proteins-with-the-acquisition-of-vega-insiders\">Plukon Food Group strengthens its position in alternative proteins with the acquisition of Vega Insiders<\/a><\/h2>\t\t<\/div>\r\n\t<\/article>\r\n\t<article class=\"w-grid-item size_1x1 post-2381 post type-post status-publish format-standard has-post-thumbnail hentry category-non-classifiee\" data-id=\"2381\">\r\n\t\t<div class=\"w-grid-item-h\">\r\n\t\t\t\t\t\t<div class=\"w-post-elm post_image usg_post_image_1 stretched\"><a href=\"https:\/\/www.plukon.be\/fr\/plukon-publishes-sustainability-report-2024\" aria-label=\"Plukon publishes sustainability report 2024\"><img loading=\"lazy\" decoding=\"async\" width=\"1024\" height=\"683\" src=\"https:\/\/www.plukon.be\/wp-content\/uploads\/sites\/11\/2025\/05\/Afbeelding-bij-CSRD-rapport-evt-spiegelen-1024x683.jpg\" class=\"attachment-large size-large wp-post-image\" alt=\"\" srcset=\"https:\/\/www.plukon.be\/wp-content\/uploads\/sites\/11\/2025\/05\/Afbeelding-bij-CSRD-rapport-evt-spiegelen-1024x683.jpg 1024w, https:\/\/www.plukon.be\/wp-content\/uploads\/sites\/11\/2025\/05\/Afbeelding-bij-CSRD-rapport-evt-spiegelen-300x200.jpg 300w, https:\/\/www.plukon.be\/wp-content\/uploads\/sites\/11\/2025\/05\/Afbeelding-bij-CSRD-rapport-evt-spiegelen-600x400.jpg 600w, https:\/\/www.plukon.be\/wp-content\/uploads\/sites\/11\/2025\/05\/Afbeelding-bij-CSRD-rapport-evt-spiegelen-768x512.jpg 768w\" sizes=\"auto, (max-width: 1024px) 100vw, 1024px\" \/><\/a><\/div><h2 class=\"w-post-elm post_title usg_post_title_1 entry-title color_link_inherit\"><a href=\"https:\/\/www.plukon.be\/fr\/plukon-publishes-sustainability-report-2024\">Plukon publishes sustainability report 2024<\/a><\/h2>\t\t<\/div>\r\n\t<\/article>\r\n\t<article class=\"w-grid-item size_1x1 post-2279 post type-post status-publish format-standard has-post-thumbnail hentry category-non-classifiee\" data-id=\"2279\">\r\n\t\t<div class=\"w-grid-item-h\">\r\n\t\t\t\t\t\t<div class=\"w-post-elm post_image usg_post_image_1 stretched\"><a href=\"https:\/\/www.plukon.be\/fr\/plukon-food-group-acquiert-100-des-parts-de-la-societe-espagnole-grupo-avicola-hidalgo\" aria-label=\"Plukon Food Group acquiert 100 % des parts de la soci\u00e9t\u00e9 espagnole Grupo Av\u00edcola Hidalgo\"><img loading=\"lazy\" decoding=\"async\" width=\"600\" height=\"400\" src=\"https:\/\/www.plukon.be\/wp-content\/uploads\/sites\/11\/2025\/01\/logo_plu_hidalgo.jpg\" class=\"attachment-large size-large wp-post-image\" alt=\"\" srcset=\"https:\/\/www.plukon.be\/wp-content\/uploads\/sites\/11\/2025\/01\/logo_plu_hidalgo.jpg 600w, https:\/\/www.plukon.be\/wp-content\/uploads\/sites\/11\/2025\/01\/logo_plu_hidalgo-300x200.jpg 300w\" sizes=\"auto, (max-width: 600px) 100vw, 600px\" \/><\/a><\/div><h2 class=\"w-post-elm post_title usg_post_title_1 entry-title color_link_inherit\"><a href=\"https:\/\/www.plukon.be\/fr\/plukon-food-group-acquiert-100-des-parts-de-la-societe-espagnole-grupo-avicola-hidalgo\">Plukon Food Group acquiert 100 % des parts de la soci\u00e9t\u00e9 espagnole Grupo Av\u00edcola Hidalgo<\/a><\/h2>\t\t<\/div>\r\n\t<\/article>\r\n<\/div><div class=\"w-grid-preloader\">\t<div class=\"g-preloader type_1\">\r\n\t\t<div><\/div>\r\n\t<\/div>\r\n\t<\/div>\t<div class=\"w-grid-json hidden\" onclick='return {&quot;action&quot;:&quot;us_ajax_grid&quot;,&quot;ajax_url&quot;:&quot;https:\\\/\\\/www.plukon.be\\\/wp-admin\\\/admin-ajax.php&quot;,&quot;infinite_scroll&quot;:0,&quot;max_num_pages&quot;:5,&quot;pagination&quot;:&quot;none&quot;,&quot;template_vars&quot;:{&quot;columns&quot;:&quot;3&quot;,&quot;exclude_items&quot;:&quot;offset&quot;,&quot;img_size&quot;:&quot;default&quot;,&quot;ignore_items_size&quot;:0,&quot;items_layout&quot;:&quot;blog_1&quot;,&quot;items_offset&quot;:&quot;&quot;,&quot;load_animation&quot;:&quot;none&quot;,&quot;overriding_link&quot;:&quot;{\\&quot;url\\&quot;:\\&quot;\\&quot;}&quot;,&quot;post_id&quot;:0,&quot;query_args&quot;:{&quot;post_type&quot;:[&quot;post&quot;],&quot;post_status&quot;:[&quot;publish&quot;,&quot;acf-disabled&quot;],&quot;posts_per_page&quot;:&quot;3&quot;},&quot;orderby_query_args&quot;:{&quot;orderby&quot;:{&quot;date&quot;:&quot;DESC&quot;}},&quot;type&quot;:&quot;grid&quot;,&quot;us_grid_ajax_index&quot;:1,&quot;us_grid_filter_params&quot;:[],&quot;us_grid_index&quot;:1,&quot;_us_grid_post_type&quot;:&quot;post&quot;,&quot;page_args&quot;:[],&quot;lang&quot;:&quot;fr&quot;}}'><\/div>\r\n\t<\/div><div class=\"w-separator size_custom\" style=\"height:32px\" id=\"adbd\"><style>@media(max-width:600px){ #adbd{height:0px!important}}<\/style><\/div><\/div><\/div><\/div><div class=\"g-cols wpb_row via_grid cols_2 laptops-cols_inherit tablets-cols_inherit mobiles-cols_1 valign_top type_default stacking_default\" style=\"--gap:3rem;\"><div class=\"wpb_column vc_column_container\"><div class=\"vc_column-inner\"><div class=\"ult-new-ib ult-ib-effect-style2 vag thin rounded_corner height-170 ult-ib-resp  \" data-min-width=\"768\" data-max-width=\"900\" style=\"background:#000000;\" data-opacity=\"0.6\" data-hover-opacity=\"1\" ><img decoding=\"async\" class=\"ult-new-ib-img\" style=\"opacity:0.6;\" alt=\"null\" src=\"https:\/\/www.plukon.be\/wp-content\/uploads\/sites\/11\/2018\/10\/bnr_kipproducten.jpg\"   \/><div id=\"interactive-banner-wrap-3962\" class=\"ult-new-ib-desc\" style=\"\"><div class=\"ult-new-ib-title ult-responsive\"  data-ultimate-target='#interactive-banner-wrap-3962 .ult-new-ib-title'  data-responsive-json-new='{\"font-size\":\"\",\"line-height\":\"\"}'  style=\"font-weight:normal;\">Produits \u00e0 base de poulet<\/div><\/div><a class=\"ult-new-ib-link\" href=\"http:\/\/be-www.plukon.fr\/fr\/produits\/produits-a-base-de-poulet\/\" title=\"Lees meer\"  ><\/a><\/div><\/div><\/div><div class=\"wpb_column vc_column_container\"><div class=\"vc_column-inner\"><div class=\"ult-new-ib ult-ib-effect-style2 vag thin rounded_corner height-170 no-mobile ult-ib-resp  \" data-min-width=\"768\" data-max-width=\"900\" style=\"background:#000000;\" data-opacity=\"0.6\" data-hover-opacity=\"1\" ><img decoding=\"async\" class=\"ult-new-ib-img\" style=\"opacity:0.6;\" alt=\"null\" src=\"https:\/\/www.plukon.be\/wp-content\/uploads\/sites\/11\/2018\/10\/bnr_maaltijdsalade.jpg\"   \/><div id=\"interactive-banner-wrap-2862\" class=\"ult-new-ib-desc\" style=\"\"><div class=\"ult-new-ib-title ult-responsive\"  data-ultimate-target='#interactive-banner-wrap-2862 .ult-new-ib-title'  data-responsive-json-new='{\"font-size\":\"\",\"line-height\":\"\"}'  style=\"font-weight:normal;\">Concepts de repas<\/div><\/div><a class=\"ult-new-ib-link\" href=\"http:\/\/be-www.plukon.fr\/fr\/produits\/concepts-de-repas\/\" title=\"Lees meer\"  ><\/a><\/div><\/div><\/div><\/div><\/div><\/div><\/div><\/div><\/section>\n","protected":false},"excerpt":{"rendered":"Wezep, le 28 janvier 2025 - Plukon Food Group B.V. (Plukon) a conclu un accord pour l'acquisition de 100 % du Grupo Av\u00edcola Hidalgo, une entreprise de r\u00e9f\u00e9rence dans l'industrie espagnole de la volaille, avec des installations de production dans les provinces de Madrid, Valladolid et Tol\u00e8de. Grupo Av\u00edcola Hidalgo est une entreprise familiale qui...","protected":false},"author":1,"featured_media":2338,"parent":0,"menu_order":1,"comment_status":"closed","ping_status":"open","template":"","meta":{"_acf_changed":false,"footnotes":""},"class_list":["post-387","page","type-page","status-publish","has-post-thumbnail","hentry"],"acf":[],"yoast_head":"<!-- This site is optimized with the Yoast SEO plugin v27.4 - https:\/\/yoast.com\/product\/yoast-seo-wordpress\/ -->\n<title>Home - Plukon.be<\/title>\n<meta name=\"description\" content=\"Plukon Food Group is in Europa een van de grootste spelers op de markt van pluimveevlees en levert kipproducten en kant-en-klaarmaaltijden.\" \/>\n<meta name=\"robots\" content=\"index, follow, max-snippet:-1, max-image-preview:large, max-video-preview:-1\" \/>\n<link rel=\"canonical\" href=\"https:\/\/www.plukon.be\/fr\/\" \/>\n<meta property=\"og:locale\" content=\"fr_FR\" \/>\n<meta property=\"og:type\" content=\"article\" \/>\n<meta property=\"og:title\" content=\"Home - Plukon.be\" \/>\n<meta property=\"og:description\" content=\"Plukon Food Group is in Europa een van de grootste spelers op de markt van pluimveevlees en levert kipproducten en kant-en-klaarmaaltijden.\" \/>\n<meta property=\"og:url\" content=\"https:\/\/www.plukon.be\/fr\/\" \/>\n<meta property=\"og:site_name\" content=\"Plukon.be\" \/>\n<meta property=\"article:modified_time\" content=\"2024-01-23T19:07:29+00:00\" \/>\n<meta name=\"twitter:card\" content=\"summary_large_image\" \/>\n<meta name=\"twitter:label1\" content=\"Dur\u00e9e de lecture est.\" \/>\n\t<meta name=\"twitter:data1\" content=\"3 minutes\" \/>\n<script type=\"application\/ld+json\" class=\"yoast-schema-graph\">{\"@context\":\"https:\\\/\\\/schema.org\",\"@graph\":[{\"@type\":\"WebPage\",\"@id\":\"https:\\\/\\\/www.plukon.be\\\/fr\\\/\",\"url\":\"https:\\\/\\\/www.plukon.be\\\/fr\\\/\",\"name\":\"Home - Plukon.be\",\"isPartOf\":{\"@id\":\"https:\\\/\\\/www.plukon.be\\\/#website\"},\"primaryImageOfPage\":{\"@id\":\"https:\\\/\\\/www.plukon.be\\\/fr\\\/#primaryimage\"},\"image\":{\"@id\":\"https:\\\/\\\/www.plukon.be\\\/fr\\\/#primaryimage\"},\"thumbnailUrl\":\"https:\\\/\\\/www.plukon.be\\\/wp-content\\\/uploads\\\/sites\\\/11\\\/2018\\\/07\\\/plukon-kipfilet-biologisch-1-e1598450811919.png\",\"datePublished\":\"2018-09-07T12:29:11+00:00\",\"dateModified\":\"2024-01-23T19:07:29+00:00\",\"description\":\"Plukon Food Group is in Europa een van de grootste spelers op de markt van pluimveevlees en levert kipproducten en kant-en-klaarmaaltijden.\",\"breadcrumb\":{\"@id\":\"https:\\\/\\\/www.plukon.be\\\/fr\\\/#breadcrumb\"},\"inLanguage\":\"fr-BE\",\"potentialAction\":[{\"@type\":\"ReadAction\",\"target\":[\"https:\\\/\\\/www.plukon.be\\\/fr\\\/\"]}]},{\"@type\":\"ImageObject\",\"inLanguage\":\"fr-BE\",\"@id\":\"https:\\\/\\\/www.plukon.be\\\/fr\\\/#primaryimage\",\"url\":\"https:\\\/\\\/www.plukon.be\\\/wp-content\\\/uploads\\\/sites\\\/11\\\/2018\\\/07\\\/plukon-kipfilet-biologisch-1-e1598450811919.png\",\"contentUrl\":\"https:\\\/\\\/www.plukon.be\\\/wp-content\\\/uploads\\\/sites\\\/11\\\/2018\\\/07\\\/plukon-kipfilet-biologisch-1-e1598450811919.png\",\"width\":800,\"height\":242},{\"@type\":\"BreadcrumbList\",\"@id\":\"https:\\\/\\\/www.plukon.be\\\/fr\\\/#breadcrumb\",\"itemListElement\":[{\"@type\":\"ListItem\",\"position\":1,\"name\":\"Home\",\"item\":\"https:\\\/\\\/www.plukon.be\\\/fr\\\/\"},{\"@type\":\"ListItem\",\"position\":2,\"name\":\"Home\"}]},{\"@type\":\"WebSite\",\"@id\":\"https:\\\/\\\/www.plukon.be\\\/#website\",\"url\":\"https:\\\/\\\/www.plukon.be\\\/\",\"name\":\"Plukon Food Group\",\"description\":\"Forward Food Solutions\",\"publisher\":{\"@id\":\"https:\\\/\\\/www.plukon.be\\\/#organization\"},\"potentialAction\":[{\"@type\":\"SearchAction\",\"target\":{\"@type\":\"EntryPoint\",\"urlTemplate\":\"https:\\\/\\\/www.plukon.be\\\/?s={search_term_string}\"},\"query-input\":{\"@type\":\"PropertyValueSpecification\",\"valueRequired\":true,\"valueName\":\"search_term_string\"}}],\"inLanguage\":\"fr-BE\"},{\"@type\":\"Organization\",\"@id\":\"https:\\\/\\\/www.plukon.be\\\/#organization\",\"name\":\"Plukon Food Group\",\"url\":\"https:\\\/\\\/www.plukon.be\\\/\",\"logo\":{\"@type\":\"ImageObject\",\"inLanguage\":\"fr-BE\",\"@id\":\"https:\\\/\\\/www.plukon.be\\\/#\\\/schema\\\/logo\\\/image\\\/\",\"url\":\"https:\\\/\\\/www.plukon.be\\\/wp-content\\\/uploads\\\/sites\\\/11\\\/2018\\\/07\\\/logo_2x.png\",\"contentUrl\":\"https:\\\/\\\/www.plukon.be\\\/wp-content\\\/uploads\\\/sites\\\/11\\\/2018\\\/07\\\/logo_2x.png\",\"width\":412,\"height\":164,\"caption\":\"Plukon Food Group\"},\"image\":{\"@id\":\"https:\\\/\\\/www.plukon.be\\\/#\\\/schema\\\/logo\\\/image\\\/\"}}]}<\/script>\n<!-- \/ Yoast SEO plugin. -->","yoast_head_json":{"title":"Home - Plukon.be","description":"Plukon Food Group is in Europa een van de grootste spelers op de markt van pluimveevlees en levert kipproducten en kant-en-klaarmaaltijden.","robots":{"index":"index","follow":"follow","max-snippet":"max-snippet:-1","max-image-preview":"max-image-preview:large","max-video-preview":"max-video-preview:-1"},"canonical":"https:\/\/www.plukon.be\/fr\/","og_locale":"fr_FR","og_type":"article","og_title":"Home - Plukon.be","og_description":"Plukon Food Group is in Europa een van de grootste spelers op de markt van pluimveevlees en levert kipproducten en kant-en-klaarmaaltijden.","og_url":"https:\/\/www.plukon.be\/fr\/","og_site_name":"Plukon.be","article_modified_time":"2024-01-23T19:07:29+00:00","twitter_card":"summary_large_image","twitter_misc":{"Dur\u00e9e de lecture est.":"3 minutes"},"schema":{"@context":"https:\/\/schema.org","@graph":[{"@type":"WebPage","@id":"https:\/\/www.plukon.be\/fr\/","url":"https:\/\/www.plukon.be\/fr\/","name":"Home - Plukon.be","isPartOf":{"@id":"https:\/\/www.plukon.be\/#website"},"primaryImageOfPage":{"@id":"https:\/\/www.plukon.be\/fr\/#primaryimage"},"image":{"@id":"https:\/\/www.plukon.be\/fr\/#primaryimage"},"thumbnailUrl":"https:\/\/www.plukon.be\/wp-content\/uploads\/sites\/11\/2018\/07\/plukon-kipfilet-biologisch-1-e1598450811919.png","datePublished":"2018-09-07T12:29:11+00:00","dateModified":"2024-01-23T19:07:29+00:00","description":"Plukon Food Group is in Europa een van de grootste spelers op de markt van pluimveevlees en levert kipproducten en kant-en-klaarmaaltijden.","breadcrumb":{"@id":"https:\/\/www.plukon.be\/fr\/#breadcrumb"},"inLanguage":"fr-BE","potentialAction":[{"@type":"ReadAction","target":["https:\/\/www.plukon.be\/fr\/"]}]},{"@type":"ImageObject","inLanguage":"fr-BE","@id":"https:\/\/www.plukon.be\/fr\/#primaryimage","url":"https:\/\/www.plukon.be\/wp-content\/uploads\/sites\/11\/2018\/07\/plukon-kipfilet-biologisch-1-e1598450811919.png","contentUrl":"https:\/\/www.plukon.be\/wp-content\/uploads\/sites\/11\/2018\/07\/plukon-kipfilet-biologisch-1-e1598450811919.png","width":800,"height":242},{"@type":"BreadcrumbList","@id":"https:\/\/www.plukon.be\/fr\/#breadcrumb","itemListElement":[{"@type":"ListItem","position":1,"name":"Home","item":"https:\/\/www.plukon.be\/fr\/"},{"@type":"ListItem","position":2,"name":"Home"}]},{"@type":"WebSite","@id":"https:\/\/www.plukon.be\/#website","url":"https:\/\/www.plukon.be\/","name":"Plukon Food Group","description":"Forward Food Solutions","publisher":{"@id":"https:\/\/www.plukon.be\/#organization"},"potentialAction":[{"@type":"SearchAction","target":{"@type":"EntryPoint","urlTemplate":"https:\/\/www.plukon.be\/?s={search_term_string}"},"query-input":{"@type":"PropertyValueSpecification","valueRequired":true,"valueName":"search_term_string"}}],"inLanguage":"fr-BE"},{"@type":"Organization","@id":"https:\/\/www.plukon.be\/#organization","name":"Plukon Food Group","url":"https:\/\/www.plukon.be\/","logo":{"@type":"ImageObject","inLanguage":"fr-BE","@id":"https:\/\/www.plukon.be\/#\/schema\/logo\/image\/","url":"https:\/\/www.plukon.be\/wp-content\/uploads\/sites\/11\/2018\/07\/logo_2x.png","contentUrl":"https:\/\/www.plukon.be\/wp-content\/uploads\/sites\/11\/2018\/07\/logo_2x.png","width":412,"height":164,"caption":"Plukon Food Group"},"image":{"@id":"https:\/\/www.plukon.be\/#\/schema\/logo\/image\/"}}]}},"publishpress_future_action":{"enabled":false,"date":"2026-04-28 13:02:52","action":"change-status","newStatus":"draft","terms":[],"taxonomy":"translation_priority","extraData":[]},"publishpress_future_workflow_manual_trigger":{"enabledWorkflows":[]},"_links":{"self":[{"href":"https:\/\/www.plukon.be\/fr\/wp-json\/wp\/v2\/pages\/387","targetHints":{"allow":["GET"]}}],"collection":[{"href":"https:\/\/www.plukon.be\/fr\/wp-json\/wp\/v2\/pages"}],"about":[{"href":"https:\/\/www.plukon.be\/fr\/wp-json\/wp\/v2\/types\/page"}],"author":[{"embeddable":true,"href":"https:\/\/www.plukon.be\/fr\/wp-json\/wp\/v2\/users\/1"}],"replies":[{"embeddable":true,"href":"https:\/\/www.plukon.be\/fr\/wp-json\/wp\/v2\/comments?post=387"}],"version-history":[{"count":37,"href":"https:\/\/www.plukon.be\/fr\/wp-json\/wp\/v2\/pages\/387\/revisions"}],"predecessor-version":[{"id":2114,"href":"https:\/\/www.plukon.be\/fr\/wp-json\/wp\/v2\/pages\/387\/revisions\/2114"}],"wp:featuredmedia":[{"embeddable":true,"href":"https:\/\/www.plukon.be\/fr\/wp-json\/wp\/v2\/media\/2338"}],"wp:attachment":[{"href":"https:\/\/www.plukon.be\/fr\/wp-json\/wp\/v2\/media?parent=387"}],"curies":[{"name":"wp","href":"https:\/\/api.w.org\/{rel}","templated":true}]}}