{"id":434,"date":"2018-09-07T12:42:41","date_gmt":"2018-09-07T12:42:41","guid":{"rendered":"http:\/\/be-www.plukon.fr\/a-propos-de-plukon\/innovation\/"},"modified":"2020-01-08T11:57:30","modified_gmt":"2020-01-08T10:57:30","slug":"innovation","status":"publish","type":"page","link":"https:\/\/www.plukon.be\/fr\/a-propos-de-plukon\/innovation\/","title":{"rendered":"Innovation"},"content":{"rendered":"<section class=\"l-section wpb_row height_huge color_primary with_img parallax_ver\"><div class=\"l-section-img\" role=\"img\" data-img-width=\"1947\" data-img-height=\"1197\" style=\"background-image: url(https:\/\/www.plukon.be\/wp-content\/uploads\/sites\/11\/2018\/10\/Plukon-Tafel-Gedekt-avond-EL-4-def-resized.jpg);\"><\/div><div class=\"l-section-h i-cf\"><div class=\"g-cols vc_row via_grid cols_1 laptops-cols_inherit tablets-cols_inherit mobiles-cols_1 valign_top type_default stacking_default\"><div class=\"wpb_column vc_column_container\"><div class=\"vc_column-inner\"><div class=\"w-separator size_custom\" style=\"height:90px\"><\/div><\/div><\/div><\/div><\/div><\/section><section class=\"l-section wpb_row height_small color_alternate\"><div class=\"l-section-h i-cf\"><div class=\"g-cols vc_row via_grid cols_1 laptops-cols_inherit tablets-cols_inherit mobiles-cols_1 valign_top type_default stacking_default\"><div class=\"wpb_column vc_column_container\"><div class=\"vc_column-inner\"><div class=\"wpb_text_column breadcrumbs\"><div class=\"wpb_wrapper\"><div class=\"breadcrumb\" itemprop=\"breadcrumb\"><span><span><a href=\"https:\/\/www.plukon.be\/fr\/\">Home<\/a><\/span><\/span><\/div>\n<\/div><\/div><\/div><\/div><\/div><\/div><\/section><section class=\"l-section wpb_row height_small color_alternate\"><div class=\"l-section-h i-cf\"><div class=\"g-cols vc_row via_grid cols_custom laptops-cols_inherit tablets-cols_inherit mobiles-cols_1 valign_top type_default stacking_default\" style=\"--custom-columns:1fr 3.5fr 1.5fr \"><div class=\"wpb_column vc_column_container\"><div class=\"vc_column-inner\"><div class=\"w-separator size_custom\" style=\"height:32px\"><\/div><\/div><\/div><div class=\"wpb_column vc_column_container\"><div class=\"vc_column-inner\">[vc_custom_heading source=&#8221;post_title&#8221; font_container=&#8221;tag:h1|text_align:left&#8221; use_theme_fonts=&#8221;yes&#8221;]<div class=\"wpb_text_column\"><div class=\"wpb_wrapper\"><p>Afin de garantir un avenir plein de succ\u00e8s, l\u2019innovation est pour nous d\u2019une importance vitale. Chaque jour, nous travaillons \u00e0 rendre nos produits encore plus savoureux. Mais nous allons encore plus loin.<\/p>\n<h6>Entreprise avant-gardiste<\/h6>\n<p>Nous voulons \u00e9galement rester \u00e0 la pointe en termes de processus, d\u2019ingr\u00e9dients, d\u2019emballages, de concepts agricoles et de durabilit\u00e9. C\u2019est pourquoi nous travaillons avec un grand nombre d\u2019institutions et d\u2019innovateurs. Nous somme constamment \u00e0 la recherche de contacts avec des personnes qui, comme nous, vont de l\u2019avant dans leur domaine.<\/p>\n<p>C\u2019est pr\u00e9cis\u00e9ment en partageant ces connaissances que nous formons une plate-forme de connaissances sp\u00e9ciale. Et cela nous permet d\u2019atteindre nos objectifs de mani\u00e8re plus efficace, plus intelligente et plus durable.<\/p>\n<\/div><\/div><\/div><\/div><div class=\"wpb_column vc_column_container\"><div class=\"vc_column-inner\">[vc_raw_html]W3dwYl9jaGlsZHBhZ2VzXQ==[\/vc_raw_html]<\/div><\/div><\/div><\/div><\/section><section class=\"l-section wpb_row height_medium color_alternate\" id=\"bottom\"><div class=\"l-section-h i-cf\"><div class=\"g-cols vc_row via_grid cols_1 laptops-cols_inherit tablets-cols_inherit mobiles-cols_1 valign_top type_default stacking_default\"><div class=\"wpb_column vc_column_container\"><div class=\"vc_column-inner\"><div class=\"w-separator size_medium with_line width_default thick_1 style_solid color_border align_center\"><div class=\"w-separator-h\"><\/div><\/div>[vc_custom_heading text=&#8221;Messages connexes&#8221; font_container=&#8221;tag:h2|text_align:center&#8221; use_theme_fonts=&#8221;yes&#8221;]<div class=\"g-cols wpb_row via_grid cols_1 laptops-cols_inherit tablets-cols_inherit mobiles-cols_1 valign_top type_default stacking_default\" style=\"--gap:3rem;\"><div class=\"wpb_column vc_column_container\"><div class=\"vc_column-inner\"><div class=\"w-grid type_grid layout_1001 cols_3\" id=\"us_grid_1\" style=\"--gap:1rem;\" data-filterable=\"true\"><style>@media (max-width:1024px){#us_grid_1 .w-grid-item{width:50%}}@media (max-width:600px){#us_grid_1 .w-grid-list{margin:0}#us_grid_1 .w-grid-item{width:100%;padding:0;margin-bottom:var(--gap,0px)}}.layout_1001 .w-grid-item-h{background:#f2f2f2}.layout_1001 .usg_post_title_1{font-family:var(--font-family)!important;color:#008c35!important;margin:1.5rem 1.5rem 1rem 1.5rem!important}.layout_1001 .usg_post_date_1{font-family:var(--font-family)!important;font-size:0.9rem!important}.layout_1001 .usg_post_author_1{font-family:var(--font-family)!important;font-size:0.9rem!important}.layout_1001 .usg_post_comments_1{font-family:var(--font-family)!important;font-size:0.9rem!important}.layout_1001 .usg_post_taxonomy_1{font-family:var(--font-family)!important;font-size:0.9rem!important}.layout_1001 .usg_post_taxonomy_2{font-family:var(--font-family)!important;font-size:0.9rem!important}.layout_1001 .usg_post_content_1{font-family:var(--font-family)!important;margin:1rem 1.5rem 1rem 1.5rem!important}.layout_1001 .usg_btn_1{color:#ffffff!important;margin:1rem 1.5rem 1.5rem 1.5rem!important}@media (min-width:1025px) and (max-width:1380px){.layout_1001 .usg_post_title_1{font-family:var(--font-family)!important;color:#008c35!important;margin:1.5rem 1.5rem 1rem 1.5rem!important}.layout_1001 .usg_post_date_1{font-family:var(--font-family)!important;font-size:0.9rem!important}.layout_1001 .usg_post_author_1{font-family:var(--font-family)!important;font-size:0.9rem!important}.layout_1001 .usg_post_comments_1{font-family:var(--font-family)!important;font-size:0.9rem!important}.layout_1001 .usg_post_taxonomy_1{font-family:var(--font-family)!important;font-size:0.9rem!important}.layout_1001 .usg_post_taxonomy_2{font-family:var(--font-family)!important;font-size:0.9rem!important}.layout_1001 .usg_post_content_1{font-family:var(--font-family)!important;margin:1rem 1.5rem 1rem 1.5rem!important}.layout_1001 .usg_btn_1{color:#ffffff!important;margin:1rem 1.5rem 1.5rem 1.5rem!important}}@media (min-width:601px) and (max-width:1024px){.layout_1001 .usg_post_title_1{font-family:var(--font-family)!important;color:#008c35!important;margin:1.5rem 1.5rem 1rem 1.5rem!important}.layout_1001 .usg_post_date_1{font-family:var(--font-family)!important;font-size:0.9rem!important}.layout_1001 .usg_post_author_1{font-family:var(--font-family)!important;font-size:0.9rem!important}.layout_1001 .usg_post_comments_1{font-family:var(--font-family)!important;font-size:0.9rem!important}.layout_1001 .usg_post_taxonomy_1{font-family:var(--font-family)!important;font-size:0.9rem!important}.layout_1001 .usg_post_taxonomy_2{font-family:var(--font-family)!important;font-size:0.9rem!important}.layout_1001 .usg_post_content_1{font-family:var(--font-family)!important;margin:1rem 1.5rem 1rem 1.5rem!important}.layout_1001 .usg_btn_1{color:#ffffff!important;margin:1rem 1.5rem 1.5rem 1.5rem!important}}@media (max-width:600px){.layout_1001 .usg_post_title_1{font-family:var(--font-family)!important;color:#008c35!important;margin:1.5rem 1.5rem 1rem 1.5rem!important}.layout_1001 .usg_post_date_1{font-family:var(--font-family)!important;font-size:0.9rem!important}.layout_1001 .usg_post_author_1{font-family:var(--font-family)!important;font-size:0.9rem!important}.layout_1001 .usg_post_comments_1{font-family:var(--font-family)!important;font-size:0.9rem!important}.layout_1001 .usg_post_taxonomy_1{font-family:var(--font-family)!important;font-size:0.9rem!important}.layout_1001 .usg_post_taxonomy_2{font-family:var(--font-family)!important;font-size:0.9rem!important}.layout_1001 .usg_post_content_1{font-family:var(--font-family)!important;margin:1rem 1.5rem 1rem 1.5rem!important}.layout_1001 .usg_btn_1{color:#ffffff!important;margin:1rem 1.5rem 1.5rem 1.5rem!important}}<\/style><div class=\"w-grid-list\">\t<article class=\"w-grid-item size_1x1 post-675 post type-post status-publish format-standard has-post-thumbnail hentry category-concepts-de-repas category-organisation category-bien-etre-animal category-produits category-innovation tag-forward-food-solutions-fr tag-plukon-food-group-fr tag-foodbeurs-sial-fr\" data-id=\"675\">\r\n\t\t<div class=\"w-grid-item-h\">\r\n\t\t\t\t\t\t<div class=\"w-post-elm post_image usg_post_image_1 stretched\"><a href=\"https:\/\/www.plukon.be\/fr\/plukon-present-au-salon-international-de-lalimentation-sial-a-paris\/\" aria-label=\"Plukon pr\u00e9sent au salon international de l\u2019alimentation SIAL \u00e0 Paris\"><img loading=\"lazy\" decoding=\"async\" width=\"960\" height=\"595\" src=\"https:\/\/www.plukon.be\/wp-content\/uploads\/sites\/11\/2018\/09\/Sail.jpg\" class=\"attachment-large size-large wp-post-image\" alt=\"\" srcset=\"https:\/\/www.plukon.be\/wp-content\/uploads\/sites\/11\/2018\/09\/Sail.jpg 960w, https:\/\/www.plukon.be\/wp-content\/uploads\/sites\/11\/2018\/09\/Sail-300x186.jpg 300w, https:\/\/www.plukon.be\/wp-content\/uploads\/sites\/11\/2018\/09\/Sail-768x476.jpg 768w, https:\/\/www.plukon.be\/wp-content\/uploads\/sites\/11\/2018\/09\/Sail-600x372.jpg 600w\" sizes=\"auto, (max-width: 960px) 100vw, 960px\" \/><\/a><\/div><h2 class=\"w-post-elm post_title usg_post_title_1 vag light has_text_color entry-title color_link_inherit\"><a href=\"https:\/\/www.plukon.be\/fr\/plukon-present-au-salon-international-de-lalimentation-sial-a-paris\/\">Plukon pr\u00e9sent au salon international de l\u2019alimentation SIAL \u00e0 Paris<\/a><\/h2><div class=\"w-post-elm post_content usg_post_content_1\">En octobre, Plukon Food Group sera de nouveau pr\u00e9sent au SIAL \u00e0 Paris. Cette ann\u00e9e encore, vous pourrez nous poser vos questions sur, par exemple, \u00c9lev\u00e9 en France ou le&hellip;<\/div><a class=\"w-btn us-btn-style_2 usg_btn_1 has_text_color\" href=\"https:\/\/www.plukon.be\/fr\/plukon-present-au-salon-international-de-lalimentation-sial-a-paris\/\"><span class=\"w-btn-label\">En savoir plus<\/span><\/a>\t\t<\/div>\r\n\t<\/article>\r\n<\/div><div class=\"w-grid-preloader\">\t<div class=\"g-preloader type_1\">\r\n\t\t<div><\/div>\r\n\t<\/div>\r\n\t<\/div>\t<div class=\"w-grid-json hidden\" onclick='return {&quot;action&quot;:&quot;us_ajax_grid&quot;,&quot;ajax_url&quot;:&quot;https:\\\/\\\/www.plukon.be\\\/wp-admin\\\/admin-ajax.php&quot;,&quot;infinite_scroll&quot;:0,&quot;max_num_pages&quot;:1,&quot;pagination&quot;:&quot;none&quot;,&quot;template_vars&quot;:{&quot;columns&quot;:&quot;3&quot;,&quot;exclude_items&quot;:&quot;none&quot;,&quot;img_size&quot;:&quot;default&quot;,&quot;ignore_items_size&quot;:0,&quot;items_layout&quot;:&quot;1001&quot;,&quot;items_offset&quot;:&quot;1&quot;,&quot;load_animation&quot;:&quot;none&quot;,&quot;overriding_link&quot;:&quot;{\\&quot;url\\&quot;:\\&quot;\\&quot;}&quot;,&quot;post_id&quot;:0,&quot;query_args&quot;:{&quot;post_type&quot;:[&quot;post&quot;],&quot;tax_query&quot;:[{&quot;taxonomy&quot;:&quot;category&quot;,&quot;field&quot;:&quot;slug&quot;,&quot;terms&quot;:[&quot;innovation&quot;]}],&quot;post_status&quot;:[&quot;publish&quot;,&quot;acf-disabled&quot;],&quot;posts_per_page&quot;:&quot;3&quot;},&quot;orderby_query_args&quot;:{&quot;orderby&quot;:{&quot;modified&quot;:&quot;DESC&quot;,&quot;date&quot;:&quot;DESC&quot;}},&quot;type&quot;:&quot;grid&quot;,&quot;us_grid_ajax_index&quot;:1,&quot;us_grid_filter_params&quot;:[],&quot;us_grid_index&quot;:1,&quot;_us_grid_post_type&quot;:&quot;post&quot;,&quot;page_args&quot;:[],&quot;lang&quot;:&quot;fr&quot;}}'><\/div>\r\n\t<\/div><\/div><\/div><\/div><\/div><\/div><\/div><\/div><\/section>\n","protected":false},"excerpt":{"rendered":"En octobre, Plukon Food Group sera de nouveau pr\u00e9sent au SIAL \u00e0 Paris. Cette ann\u00e9e encore, vous pourrez nous poser vos questions sur, par exemple, \u00c9lev\u00e9 en France ou le bien-\u00eatre des animaux. 7020 entreprises provenant de 109 pays seront pr\u00e9sentes au salon. L\u2019organisation attend plus de 160 000 professionnels de l\u2019industrie alimentaire. Vous viendrez...","protected":false},"author":1,"featured_media":0,"parent":404,"menu_order":2,"comment_status":"closed","ping_status":"open","template":"","meta":{"_acf_changed":false,"footnotes":""},"class_list":["post-434","page","type-page","status-publish","hentry"],"acf":[],"yoast_head":"<!-- This site is optimized with the Yoast SEO plugin v27.4 - https:\/\/yoast.com\/product\/yoast-seo-wordpress\/ -->\n<title>De kernwaarde Innovation - Plukon.be<\/title>\n<meta name=\"description\" content=\"Om ook in de toekomst succesvol te zijn, is innovatie voor ons van levensbelang.\" \/>\n<meta name=\"robots\" content=\"index, follow, max-snippet:-1, max-image-preview:large, max-video-preview:-1\" \/>\n<link rel=\"canonical\" href=\"https:\/\/www.plukon.be\/fr\/a-propos-de-plukon\/innovation\/\" \/>\n<meta property=\"og:locale\" content=\"fr_FR\" \/>\n<meta property=\"og:type\" content=\"article\" \/>\n<meta property=\"og:title\" content=\"De kernwaarde Innovation - Plukon.be\" \/>\n<meta property=\"og:description\" content=\"Om ook in de toekomst succesvol te zijn, is innovatie voor ons van levensbelang.\" \/>\n<meta property=\"og:url\" content=\"https:\/\/www.plukon.be\/fr\/a-propos-de-plukon\/innovation\/\" \/>\n<meta property=\"og:site_name\" content=\"Plukon.be\" \/>\n<meta property=\"article:modified_time\" content=\"2020-01-08T10:57:30+00:00\" \/>\n<meta name=\"twitter:card\" content=\"summary_large_image\" \/>\n<meta name=\"twitter:label1\" content=\"Dur\u00e9e de lecture est.\" \/>\n\t<meta name=\"twitter:data1\" content=\"2 minutes\" \/>\n<script type=\"application\/ld+json\" class=\"yoast-schema-graph\">{\"@context\":\"https:\\\/\\\/schema.org\",\"@graph\":[{\"@type\":\"WebPage\",\"@id\":\"https:\\\/\\\/www.plukon.be\\\/fr\\\/a-propos-de-plukon\\\/innovation\\\/\",\"url\":\"https:\\\/\\\/www.plukon.be\\\/fr\\\/a-propos-de-plukon\\\/innovation\\\/\",\"name\":\"De kernwaarde Innovation - Plukon.be\",\"isPartOf\":{\"@id\":\"https:\\\/\\\/www.plukon.be\\\/#website\"},\"datePublished\":\"2018-09-07T12:42:41+00:00\",\"dateModified\":\"2020-01-08T10:57:30+00:00\",\"description\":\"Om ook in de toekomst succesvol te zijn, is innovatie voor ons van levensbelang.\",\"breadcrumb\":{\"@id\":\"https:\\\/\\\/www.plukon.be\\\/fr\\\/a-propos-de-plukon\\\/innovation\\\/#breadcrumb\"},\"inLanguage\":\"fr-BE\",\"potentialAction\":[{\"@type\":\"ReadAction\",\"target\":[\"https:\\\/\\\/www.plukon.be\\\/fr\\\/a-propos-de-plukon\\\/innovation\\\/\"]}]},{\"@type\":\"BreadcrumbList\",\"@id\":\"https:\\\/\\\/www.plukon.be\\\/fr\\\/a-propos-de-plukon\\\/innovation\\\/#breadcrumb\",\"itemListElement\":[{\"@type\":\"ListItem\",\"position\":1,\"name\":\"Home\",\"item\":\"https:\\\/\\\/www.plukon.be\\\/fr\\\/\"},{\"@type\":\"ListItem\",\"position\":2,\"name\":\"\u00c0 propos de Plukon\",\"item\":\"https:\\\/\\\/www.plukon.be\\\/fr\\\/a-propos-de-plukon\\\/\"},{\"@type\":\"ListItem\",\"position\":3,\"name\":\"Innovation\"}]},{\"@type\":\"WebSite\",\"@id\":\"https:\\\/\\\/www.plukon.be\\\/#website\",\"url\":\"https:\\\/\\\/www.plukon.be\\\/\",\"name\":\"Plukon Food Group\",\"description\":\"Forward Food Solutions\",\"publisher\":{\"@id\":\"https:\\\/\\\/www.plukon.be\\\/#organization\"},\"potentialAction\":[{\"@type\":\"SearchAction\",\"target\":{\"@type\":\"EntryPoint\",\"urlTemplate\":\"https:\\\/\\\/www.plukon.be\\\/?s={search_term_string}\"},\"query-input\":{\"@type\":\"PropertyValueSpecification\",\"valueRequired\":true,\"valueName\":\"search_term_string\"}}],\"inLanguage\":\"fr-BE\"},{\"@type\":\"Organization\",\"@id\":\"https:\\\/\\\/www.plukon.be\\\/#organization\",\"name\":\"Plukon Food Group\",\"url\":\"https:\\\/\\\/www.plukon.be\\\/\",\"logo\":{\"@type\":\"ImageObject\",\"inLanguage\":\"fr-BE\",\"@id\":\"https:\\\/\\\/www.plukon.be\\\/#\\\/schema\\\/logo\\\/image\\\/\",\"url\":\"https:\\\/\\\/www.plukon.be\\\/wp-content\\\/uploads\\\/sites\\\/11\\\/2018\\\/07\\\/logo_2x.png\",\"contentUrl\":\"https:\\\/\\\/www.plukon.be\\\/wp-content\\\/uploads\\\/sites\\\/11\\\/2018\\\/07\\\/logo_2x.png\",\"width\":412,\"height\":164,\"caption\":\"Plukon Food Group\"},\"image\":{\"@id\":\"https:\\\/\\\/www.plukon.be\\\/#\\\/schema\\\/logo\\\/image\\\/\"}}]}<\/script>\n<!-- \/ Yoast SEO plugin. -->","yoast_head_json":{"title":"De kernwaarde Innovation - Plukon.be","description":"Om ook in de toekomst succesvol te zijn, is innovatie voor ons van levensbelang.","robots":{"index":"index","follow":"follow","max-snippet":"max-snippet:-1","max-image-preview":"max-image-preview:large","max-video-preview":"max-video-preview:-1"},"canonical":"https:\/\/www.plukon.be\/fr\/a-propos-de-plukon\/innovation\/","og_locale":"fr_FR","og_type":"article","og_title":"De kernwaarde Innovation - Plukon.be","og_description":"Om ook in de toekomst succesvol te zijn, is innovatie voor ons van levensbelang.","og_url":"https:\/\/www.plukon.be\/fr\/a-propos-de-plukon\/innovation\/","og_site_name":"Plukon.be","article_modified_time":"2020-01-08T10:57:30+00:00","twitter_card":"summary_large_image","twitter_misc":{"Dur\u00e9e de lecture est.":"2 minutes"},"schema":{"@context":"https:\/\/schema.org","@graph":[{"@type":"WebPage","@id":"https:\/\/www.plukon.be\/fr\/a-propos-de-plukon\/innovation\/","url":"https:\/\/www.plukon.be\/fr\/a-propos-de-plukon\/innovation\/","name":"De kernwaarde Innovation - Plukon.be","isPartOf":{"@id":"https:\/\/www.plukon.be\/#website"},"datePublished":"2018-09-07T12:42:41+00:00","dateModified":"2020-01-08T10:57:30+00:00","description":"Om ook in de toekomst succesvol te zijn, is innovatie voor ons van levensbelang.","breadcrumb":{"@id":"https:\/\/www.plukon.be\/fr\/a-propos-de-plukon\/innovation\/#breadcrumb"},"inLanguage":"fr-BE","potentialAction":[{"@type":"ReadAction","target":["https:\/\/www.plukon.be\/fr\/a-propos-de-plukon\/innovation\/"]}]},{"@type":"BreadcrumbList","@id":"https:\/\/www.plukon.be\/fr\/a-propos-de-plukon\/innovation\/#breadcrumb","itemListElement":[{"@type":"ListItem","position":1,"name":"Home","item":"https:\/\/www.plukon.be\/fr\/"},{"@type":"ListItem","position":2,"name":"\u00c0 propos de Plukon","item":"https:\/\/www.plukon.be\/fr\/a-propos-de-plukon\/"},{"@type":"ListItem","position":3,"name":"Innovation"}]},{"@type":"WebSite","@id":"https:\/\/www.plukon.be\/#website","url":"https:\/\/www.plukon.be\/","name":"Plukon Food Group","description":"Forward Food Solutions","publisher":{"@id":"https:\/\/www.plukon.be\/#organization"},"potentialAction":[{"@type":"SearchAction","target":{"@type":"EntryPoint","urlTemplate":"https:\/\/www.plukon.be\/?s={search_term_string}"},"query-input":{"@type":"PropertyValueSpecification","valueRequired":true,"valueName":"search_term_string"}}],"inLanguage":"fr-BE"},{"@type":"Organization","@id":"https:\/\/www.plukon.be\/#organization","name":"Plukon Food Group","url":"https:\/\/www.plukon.be\/","logo":{"@type":"ImageObject","inLanguage":"fr-BE","@id":"https:\/\/www.plukon.be\/#\/schema\/logo\/image\/","url":"https:\/\/www.plukon.be\/wp-content\/uploads\/sites\/11\/2018\/07\/logo_2x.png","contentUrl":"https:\/\/www.plukon.be\/wp-content\/uploads\/sites\/11\/2018\/07\/logo_2x.png","width":412,"height":164,"caption":"Plukon Food Group"},"image":{"@id":"https:\/\/www.plukon.be\/#\/schema\/logo\/image\/"}}]}},"publishpress_future_action":{"enabled":false,"date":"2026-04-30 09:49:10","action":"change-status","newStatus":"draft","terms":[],"taxonomy":"translation_priority","extraData":[]},"publishpress_future_workflow_manual_trigger":{"enabledWorkflows":[]},"_links":{"self":[{"href":"https:\/\/www.plukon.be\/fr\/wp-json\/wp\/v2\/pages\/434","targetHints":{"allow":["GET"]}}],"collection":[{"href":"https:\/\/www.plukon.be\/fr\/wp-json\/wp\/v2\/pages"}],"about":[{"href":"https:\/\/www.plukon.be\/fr\/wp-json\/wp\/v2\/types\/page"}],"author":[{"embeddable":true,"href":"https:\/\/www.plukon.be\/fr\/wp-json\/wp\/v2\/users\/1"}],"replies":[{"embeddable":true,"href":"https:\/\/www.plukon.be\/fr\/wp-json\/wp\/v2\/comments?post=434"}],"version-history":[{"count":13,"href":"https:\/\/www.plukon.be\/fr\/wp-json\/wp\/v2\/pages\/434\/revisions"}],"predecessor-version":[{"id":1420,"href":"https:\/\/www.plukon.be\/fr\/wp-json\/wp\/v2\/pages\/434\/revisions\/1420"}],"up":[{"embeddable":true,"href":"https:\/\/www.plukon.be\/fr\/wp-json\/wp\/v2\/pages\/404"}],"wp:attachment":[{"href":"https:\/\/www.plukon.be\/fr\/wp-json\/wp\/v2\/media?parent=434"}],"curies":[{"name":"wp","href":"https:\/\/api.w.org\/{rel}","templated":true}]}}