{"id":462,"date":"2018-09-07T12:49:35","date_gmt":"2018-09-07T12:49:35","guid":{"rendered":"http:\/\/be-www.plukon.fr\/aviculture\/"},"modified":"2024-12-09T12:01:17","modified_gmt":"2024-12-09T11:01:17","slug":"aviculture","status":"publish","type":"page","link":"https:\/\/www.plukon.be\/fr\/aviculture\/","title":{"rendered":"Aviculture"},"content":{"rendered":"<section class=\"l-section wpb_row height_huge color_primary with_img parallax_ver\" id=\"bgpos\"><div class=\"l-section-img\" role=\"img\" data-img-width=\"1920\" data-img-height=\"1007\" style=\"background-image: url(https:\/\/www.plukon.be\/wp-content\/uploads\/sites\/11\/2018\/07\/hdr_pluimveehouderijen.jpg);\"><\/div><div class=\"l-section-h i-cf\"><div class=\"g-cols vc_row via_grid cols_1 laptops-cols_inherit tablets-cols_inherit mobiles-cols_1 valign_top type_default stacking_default\"><div class=\"wpb_column vc_column_container\"><div class=\"vc_column-inner\"><div class=\"w-separator size_custom\" style=\"height:90px\"><\/div><\/div><\/div><\/div><\/div><\/section><section class=\"l-section wpb_row height_small color_alternate\"><div class=\"l-section-h i-cf\"><div class=\"g-cols vc_row via_grid cols_1 laptops-cols_inherit tablets-cols_inherit mobiles-cols_1 valign_top type_default stacking_default\"><div class=\"wpb_column vc_column_container\"><div class=\"vc_column-inner\"><div class=\"wpb_text_column breadcrumbs\"><div class=\"wpb_wrapper\"><div class=\"breadcrumb\" itemprop=\"breadcrumb\"><span><span><a href=\"https:\/\/www.plukon.be\/fr\/\">Home<\/a><\/span><\/span><\/div>\n<\/div><\/div><\/div><\/div><\/div><\/div><\/section><section class=\"l-section wpb_row height_small color_alternate\"><div class=\"l-section-h i-cf\"><div class=\"g-cols vc_row via_grid cols_custom laptops-cols_inherit tablets-cols_inherit mobiles-cols_1 valign_top type_default stacking_default\" style=\"--custom-columns:1fr 3.5fr 1.5fr \"><div class=\"wpb_column vc_column_container\"><div class=\"vc_column-inner\"><div class=\"w-separator size_custom\" style=\"height:32px\"><\/div><\/div><\/div><div class=\"wpb_column vc_column_container\"><div class=\"vc_column-inner\">[vc_custom_heading source=&#8221;post_title&#8221; font_container=&#8221;tag:h1|text_align:left&#8221; use_theme_fonts=&#8221;yes&#8221;]<div class=\"wpb_text_column\"><div class=\"wpb_wrapper\"><p>Plukon Food Group entretient des relations \u00e9troites avec les \u00e9leveurs de poulets de chair qui fournissent l\u2019entreprise. Le succ\u00e8s de chaque \u00e9levage de volailles contribue au succ\u00e8s et \u00e0 la continuit\u00e9 de toute la cha\u00eene. C\u2019est pourquoi nous \u0153uvrons ensemble\u00a0\u00e0 innover en termes de bien-\u00eatre animal et de sant\u00e9 animale.<\/p>\n<\/div><\/div><\/div><\/div><div class=\"wpb_column vc_column_container\"><div class=\"vc_column-inner\">[vc_raw_html el_class=&#8221;side-menu&#8221;]W3dwYl9jaGlsZHBhZ2VzXQ==[\/vc_raw_html]<\/div><\/div><\/div><\/div><\/section><section class=\"l-section wpb_row height_medium\"><div class=\"l-section-h i-cf\"><div class=\"g-cols vc_row via_grid cols_1 laptops-cols_inherit tablets-cols_inherit mobiles-cols_1 valign_top type_default stacking_default\"><div class=\"wpb_column vc_column_container\"><div class=\"vc_column-inner\"><div class=\"g-cols wpb_row via_grid cols_2 laptops-cols_inherit tablets-cols_inherit mobiles-cols_1 valign_top type_default stacking_default\" style=\"--gap:3rem;\"><div class=\"wpb_column vc_column_container\"><div class=\"vc_column-inner\"><div class=\"ult-new-ib ult-ib-effect-style15 vag rounded_corner height-300 thin ult-ib-resp  \" data-min-width=\"768\" data-max-width=\"900\" style=\"background:#000000;\" data-opacity=\"1\" data-hover-opacity=\"0.9\" ><img decoding=\"async\" class=\"ult-new-ib-img\" style=\"opacity:1;\" alt=\"null\" src=\"http:\/\/www.plukon.nl\/wp-content\/uploads\/2018\/04\/bnr_reguliere-kip-1.jpg\"   \/><div id=\"interactive-banner-wrap-1648\" class=\"ult-new-ib-desc\" style=\"\"><div class=\"ult-new-ib-title ult-responsive\"  data-ultimate-target='#interactive-banner-wrap-1648 .ult-new-ib-title'  data-responsive-json-new='{\"font-size\":\"\",\"line-height\":\"\"}'  style=\"font-weight:normal;\">Poulet Classique<\/div><\/div><a class=\"ult-new-ib-link\" href=\"\/fr\/aviculture\/poulet-classique\/\"  ><\/a><\/div><\/div><\/div><div class=\"wpb_column vc_column_container\"><div class=\"vc_column-inner\"><div class=\"ult-new-ib ult-ib-effect-style15 vag rounded_corner height-300 ult-ib-resp  \" data-min-width=\"768\" data-max-width=\"900\" style=\"background:#000000;\" data-opacity=\"1\" data-hover-opacity=\"0.9\" ><img decoding=\"async\" class=\"ult-new-ib-img\" style=\"opacity:1;\" alt=\"null\" src=\"http:\/\/www.plukon.nl\/wp-content\/uploads\/2018\/06\/bnr_biologische-kip.jpg\"   \/><div id=\"interactive-banner-wrap-2419\" class=\"ult-new-ib-desc\" style=\"\"><div class=\"ult-new-ib-title ult-responsive\"  data-ultimate-target='#interactive-banner-wrap-2419 .ult-new-ib-title'  data-responsive-json-new='{\"font-size\":\"\",\"line-height\":\"\"}'  style=\"font-weight:normal;\">Poulet biologique<\/div><\/div><a class=\"ult-new-ib-link\" href=\"\/fr\/aviculture\/poulet-biologique\/\"  ><\/a><\/div><\/div><\/div><\/div><div class=\"g-cols wpb_row via_grid cols_2 laptops-cols_inherit tablets-cols_inherit mobiles-cols_1 valign_top type_default stacking_default\" style=\"--gap:3rem;\"><div class=\"wpb_column vc_column_container\"><div class=\"vc_column-inner\"><div class=\"ult-new-ib ult-ib-effect-style15 vag rounded_corner height-300 ult-ib-resp  \" data-min-width=\"768\" data-max-width=\"900\" style=\"background:#000000;\" data-opacity=\"1\" data-hover-opacity=\"0.9\" ><img decoding=\"async\" class=\"ult-new-ib-img\" style=\"opacity:1;\" alt=\"null\" src=\"http:\/\/www.plukon.nl\/wp-content\/uploads\/2018\/06\/bnr_scharrelkip.jpg\"   \/><div id=\"interactive-banner-wrap-1738\" class=\"ult-new-ib-desc\" style=\"\"><div class=\"ult-new-ib-title ult-responsive\"  data-ultimate-target='#interactive-banner-wrap-1738 .ult-new-ib-title'  data-responsive-json-new='{\"font-size\":\"\",\"line-height\":\"\"}'  style=\"font-weight:normal;\">Poulet \u00e9lev\u00e9 en plein air<\/div><\/div><a class=\"ult-new-ib-link\" href=\"\/fr\/aviculture\/poulet-eleve-en-plein-air\/\"  ><\/a><\/div><\/div><\/div><\/div><div class=\"g-cols wpb_row via_grid cols_1 laptops-cols_inherit tablets-cols_inherit mobiles-cols_1 valign_top type_default stacking_default\" style=\"--gap:3rem;\"><div class=\"wpb_column vc_column_container us_custom_972c33a7\"><div class=\"vc_column-inner\"><div class=\"w-image us_custom_8f126036 no-desktop align_center has_bg_color\"><div class=\"w-image-h\"><img loading=\"lazy\" decoding=\"async\" class=\"g-placeholder\" src=\"https:\/\/www.plukon.be\/wp-content\/plugins\/us-core\/assets\/images\/placeholder.svg\" width=\"600\" height=\"0\" alt><\/div><\/div><div class=\"w-actionbox us_custom_55f73fc9 mob vag rounded_corner beter-leven has_text_color color_light controls_bottom\"><div class=\"w-actionbox-text\"><h3 class=\"w-actionbox-title\">Beter Leven<\/h3><div class=\"w-actionbox-description\"><p>Plukon Food Group s\u2019efforce en permanence d\u2019assurer une sant\u00e9 animale ainsi qu\u2019un bien-\u00eatre animal<br \/>\noptimal. Le label de qualit\u00e9 Beter Leven offre pour cela une excellente base.<\/p>\n<\/div><\/div><div class=\"w-actionbox-controls\"><a class=\"w-btn us-btn-style_4\" href=\"http:\/\/be-www.plukon.fr\/fr\/aviculture\/certification-beter-leven\/\"><span class=\"w-btn-label\">En savoir plus sur le label de qualit\u00e9 Beter Leven<\/span><\/a><\/div><\/div><\/div><\/div><\/div><\/div><\/div><\/div><\/div><\/section>\n","protected":false},"excerpt":{"rendered":"Home [vc_custom_heading source=\"post_title\" font_container=\"tag:h1|text_align:left\" use_theme_fonts=\"yes\"]Plukon Food Group entretient des relations \u00e9troites avec les \u00e9leveurs de poulets de chair qui fournissent l\u2019entreprise. Le succ\u00e8s de chaque \u00e9levage de volailles contribue au succ\u00e8s et \u00e0 la continuit\u00e9 de toute la cha\u00eene. C\u2019est pourquoi nous \u0153uvrons ensemble\u00a0\u00e0 innover en termes de bien-\u00eatre animal et de sant\u00e9 animale. [vc_raw_html...","protected":false},"author":1,"featured_media":2257,"parent":0,"menu_order":4,"comment_status":"closed","ping_status":"open","template":"","meta":{"_acf_changed":false,"footnotes":""},"class_list":["post-462","page","type-page","status-publish","has-post-thumbnail","hentry"],"acf":[],"yoast_head":"<!-- This site is optimized with the Yoast SEO plugin v27.4 - https:\/\/yoast.com\/product\/yoast-seo-wordpress\/ -->\n<title>Aviculture - Plukon.be<\/title>\n<meta name=\"description\" content=\"Plukon Food Group onderhoudt intensief contact met de vleeskuikenhouders die aan de onderneming leveren. Het succes van iedere pluimveehouderij draagt bij aan het succes en de continu\u00efteit van de gehele keten.\" \/>\n<meta name=\"robots\" content=\"index, follow, max-snippet:-1, max-image-preview:large, max-video-preview:-1\" \/>\n<link rel=\"canonical\" href=\"https:\/\/www.plukon.be\/fr\/aviculture\/\" \/>\n<meta property=\"og:locale\" content=\"fr_FR\" \/>\n<meta property=\"og:type\" content=\"article\" \/>\n<meta property=\"og:title\" content=\"Aviculture - Plukon.be\" \/>\n<meta property=\"og:description\" content=\"Plukon Food Group onderhoudt intensief contact met de vleeskuikenhouders die aan de onderneming leveren. Het succes van iedere pluimveehouderij draagt bij aan het succes en de continu\u00efteit van de gehele keten.\" \/>\n<meta property=\"og:url\" content=\"https:\/\/www.plukon.be\/fr\/aviculture\/\" \/>\n<meta property=\"og:site_name\" content=\"Plukon.be\" \/>\n<meta property=\"article:modified_time\" content=\"2024-12-09T11:01:17+00:00\" \/>\n<meta property=\"og:image\" content=\"https:\/\/www.plukon.be\/wp-content\/uploads\/sites\/11\/2018\/07\/bnr_scharrelkip.jpg\" \/>\n\t<meta property=\"og:image:width\" content=\"556\" \/>\n\t<meta property=\"og:image:height\" content=\"300\" \/>\n\t<meta property=\"og:image:type\" content=\"image\/jpeg\" \/>\n<meta name=\"twitter:card\" content=\"summary_large_image\" \/>\n<meta name=\"twitter:label1\" content=\"Dur\u00e9e de lecture est.\" \/>\n\t<meta name=\"twitter:data1\" content=\"3 minutes\" \/>\n<script type=\"application\/ld+json\" class=\"yoast-schema-graph\">{\"@context\":\"https:\\\/\\\/schema.org\",\"@graph\":[{\"@type\":\"WebPage\",\"@id\":\"https:\\\/\\\/www.plukon.be\\\/fr\\\/aviculture\\\/\",\"url\":\"https:\\\/\\\/www.plukon.be\\\/fr\\\/aviculture\\\/\",\"name\":\"Aviculture - Plukon.be\",\"isPartOf\":{\"@id\":\"https:\\\/\\\/www.plukon.be\\\/#website\"},\"primaryImageOfPage\":{\"@id\":\"https:\\\/\\\/www.plukon.be\\\/fr\\\/aviculture\\\/#primaryimage\"},\"image\":{\"@id\":\"https:\\\/\\\/www.plukon.be\\\/fr\\\/aviculture\\\/#primaryimage\"},\"thumbnailUrl\":\"https:\\\/\\\/www.plukon.be\\\/wp-content\\\/uploads\\\/sites\\\/11\\\/2018\\\/07\\\/bnr_scharrelkip.jpg\",\"datePublished\":\"2018-09-07T12:49:35+00:00\",\"dateModified\":\"2024-12-09T11:01:17+00:00\",\"description\":\"Plukon Food Group onderhoudt intensief contact met de vleeskuikenhouders die aan de onderneming leveren. Het succes van iedere pluimveehouderij draagt bij aan het succes en de continu\u00efteit van de gehele keten.\",\"breadcrumb\":{\"@id\":\"https:\\\/\\\/www.plukon.be\\\/fr\\\/aviculture\\\/#breadcrumb\"},\"inLanguage\":\"fr-BE\",\"potentialAction\":[{\"@type\":\"ReadAction\",\"target\":[\"https:\\\/\\\/www.plukon.be\\\/fr\\\/aviculture\\\/\"]}]},{\"@type\":\"ImageObject\",\"inLanguage\":\"fr-BE\",\"@id\":\"https:\\\/\\\/www.plukon.be\\\/fr\\\/aviculture\\\/#primaryimage\",\"url\":\"https:\\\/\\\/www.plukon.be\\\/wp-content\\\/uploads\\\/sites\\\/11\\\/2018\\\/07\\\/bnr_scharrelkip.jpg\",\"contentUrl\":\"https:\\\/\\\/www.plukon.be\\\/wp-content\\\/uploads\\\/sites\\\/11\\\/2018\\\/07\\\/bnr_scharrelkip.jpg\",\"width\":556,\"height\":300},{\"@type\":\"BreadcrumbList\",\"@id\":\"https:\\\/\\\/www.plukon.be\\\/fr\\\/aviculture\\\/#breadcrumb\",\"itemListElement\":[{\"@type\":\"ListItem\",\"position\":1,\"name\":\"Home\",\"item\":\"https:\\\/\\\/www.plukon.be\\\/fr\\\/\"},{\"@type\":\"ListItem\",\"position\":2,\"name\":\"Aviculture\"}]},{\"@type\":\"WebSite\",\"@id\":\"https:\\\/\\\/www.plukon.be\\\/#website\",\"url\":\"https:\\\/\\\/www.plukon.be\\\/\",\"name\":\"Plukon Food Group\",\"description\":\"Forward Food Solutions\",\"publisher\":{\"@id\":\"https:\\\/\\\/www.plukon.be\\\/#organization\"},\"potentialAction\":[{\"@type\":\"SearchAction\",\"target\":{\"@type\":\"EntryPoint\",\"urlTemplate\":\"https:\\\/\\\/www.plukon.be\\\/?s={search_term_string}\"},\"query-input\":{\"@type\":\"PropertyValueSpecification\",\"valueRequired\":true,\"valueName\":\"search_term_string\"}}],\"inLanguage\":\"fr-BE\"},{\"@type\":\"Organization\",\"@id\":\"https:\\\/\\\/www.plukon.be\\\/#organization\",\"name\":\"Plukon Food Group\",\"url\":\"https:\\\/\\\/www.plukon.be\\\/\",\"logo\":{\"@type\":\"ImageObject\",\"inLanguage\":\"fr-BE\",\"@id\":\"https:\\\/\\\/www.plukon.be\\\/#\\\/schema\\\/logo\\\/image\\\/\",\"url\":\"https:\\\/\\\/www.plukon.be\\\/wp-content\\\/uploads\\\/sites\\\/11\\\/2018\\\/07\\\/logo_2x.png\",\"contentUrl\":\"https:\\\/\\\/www.plukon.be\\\/wp-content\\\/uploads\\\/sites\\\/11\\\/2018\\\/07\\\/logo_2x.png\",\"width\":412,\"height\":164,\"caption\":\"Plukon Food Group\"},\"image\":{\"@id\":\"https:\\\/\\\/www.plukon.be\\\/#\\\/schema\\\/logo\\\/image\\\/\"}}]}<\/script>\n<!-- \/ Yoast SEO plugin. -->","yoast_head_json":{"title":"Aviculture - Plukon.be","description":"Plukon Food Group onderhoudt intensief contact met de vleeskuikenhouders die aan de onderneming leveren. Het succes van iedere pluimveehouderij draagt bij aan het succes en de continu\u00efteit van de gehele keten.","robots":{"index":"index","follow":"follow","max-snippet":"max-snippet:-1","max-image-preview":"max-image-preview:large","max-video-preview":"max-video-preview:-1"},"canonical":"https:\/\/www.plukon.be\/fr\/aviculture\/","og_locale":"fr_FR","og_type":"article","og_title":"Aviculture - Plukon.be","og_description":"Plukon Food Group onderhoudt intensief contact met de vleeskuikenhouders die aan de onderneming leveren. Het succes van iedere pluimveehouderij draagt bij aan het succes en de continu\u00efteit van de gehele keten.","og_url":"https:\/\/www.plukon.be\/fr\/aviculture\/","og_site_name":"Plukon.be","article_modified_time":"2024-12-09T11:01:17+00:00","og_image":[{"width":556,"height":300,"url":"https:\/\/www.plukon.be\/wp-content\/uploads\/sites\/11\/2018\/07\/bnr_scharrelkip.jpg","type":"image\/jpeg"}],"twitter_card":"summary_large_image","twitter_misc":{"Dur\u00e9e de lecture est.":"3 minutes"},"schema":{"@context":"https:\/\/schema.org","@graph":[{"@type":"WebPage","@id":"https:\/\/www.plukon.be\/fr\/aviculture\/","url":"https:\/\/www.plukon.be\/fr\/aviculture\/","name":"Aviculture - Plukon.be","isPartOf":{"@id":"https:\/\/www.plukon.be\/#website"},"primaryImageOfPage":{"@id":"https:\/\/www.plukon.be\/fr\/aviculture\/#primaryimage"},"image":{"@id":"https:\/\/www.plukon.be\/fr\/aviculture\/#primaryimage"},"thumbnailUrl":"https:\/\/www.plukon.be\/wp-content\/uploads\/sites\/11\/2018\/07\/bnr_scharrelkip.jpg","datePublished":"2018-09-07T12:49:35+00:00","dateModified":"2024-12-09T11:01:17+00:00","description":"Plukon Food Group onderhoudt intensief contact met de vleeskuikenhouders die aan de onderneming leveren. Het succes van iedere pluimveehouderij draagt bij aan het succes en de continu\u00efteit van de gehele keten.","breadcrumb":{"@id":"https:\/\/www.plukon.be\/fr\/aviculture\/#breadcrumb"},"inLanguage":"fr-BE","potentialAction":[{"@type":"ReadAction","target":["https:\/\/www.plukon.be\/fr\/aviculture\/"]}]},{"@type":"ImageObject","inLanguage":"fr-BE","@id":"https:\/\/www.plukon.be\/fr\/aviculture\/#primaryimage","url":"https:\/\/www.plukon.be\/wp-content\/uploads\/sites\/11\/2018\/07\/bnr_scharrelkip.jpg","contentUrl":"https:\/\/www.plukon.be\/wp-content\/uploads\/sites\/11\/2018\/07\/bnr_scharrelkip.jpg","width":556,"height":300},{"@type":"BreadcrumbList","@id":"https:\/\/www.plukon.be\/fr\/aviculture\/#breadcrumb","itemListElement":[{"@type":"ListItem","position":1,"name":"Home","item":"https:\/\/www.plukon.be\/fr\/"},{"@type":"ListItem","position":2,"name":"Aviculture"}]},{"@type":"WebSite","@id":"https:\/\/www.plukon.be\/#website","url":"https:\/\/www.plukon.be\/","name":"Plukon Food Group","description":"Forward Food Solutions","publisher":{"@id":"https:\/\/www.plukon.be\/#organization"},"potentialAction":[{"@type":"SearchAction","target":{"@type":"EntryPoint","urlTemplate":"https:\/\/www.plukon.be\/?s={search_term_string}"},"query-input":{"@type":"PropertyValueSpecification","valueRequired":true,"valueName":"search_term_string"}}],"inLanguage":"fr-BE"},{"@type":"Organization","@id":"https:\/\/www.plukon.be\/#organization","name":"Plukon Food Group","url":"https:\/\/www.plukon.be\/","logo":{"@type":"ImageObject","inLanguage":"fr-BE","@id":"https:\/\/www.plukon.be\/#\/schema\/logo\/image\/","url":"https:\/\/www.plukon.be\/wp-content\/uploads\/sites\/11\/2018\/07\/logo_2x.png","contentUrl":"https:\/\/www.plukon.be\/wp-content\/uploads\/sites\/11\/2018\/07\/logo_2x.png","width":412,"height":164,"caption":"Plukon Food Group"},"image":{"@id":"https:\/\/www.plukon.be\/#\/schema\/logo\/image\/"}}]}},"publishpress_future_action":{"enabled":false,"date":"2026-04-28 09:56:08","action":"change-status","newStatus":"draft","terms":[],"taxonomy":"translation_priority","extraData":[]},"publishpress_future_workflow_manual_trigger":{"enabledWorkflows":[]},"_links":{"self":[{"href":"https:\/\/www.plukon.be\/fr\/wp-json\/wp\/v2\/pages\/462","targetHints":{"allow":["GET"]}}],"collection":[{"href":"https:\/\/www.plukon.be\/fr\/wp-json\/wp\/v2\/pages"}],"about":[{"href":"https:\/\/www.plukon.be\/fr\/wp-json\/wp\/v2\/types\/page"}],"author":[{"embeddable":true,"href":"https:\/\/www.plukon.be\/fr\/wp-json\/wp\/v2\/users\/1"}],"replies":[{"embeddable":true,"href":"https:\/\/www.plukon.be\/fr\/wp-json\/wp\/v2\/comments?post=462"}],"version-history":[{"count":20,"href":"https:\/\/www.plukon.be\/fr\/wp-json\/wp\/v2\/pages\/462\/revisions"}],"predecessor-version":[{"id":2260,"href":"https:\/\/www.plukon.be\/fr\/wp-json\/wp\/v2\/pages\/462\/revisions\/2260"}],"wp:featuredmedia":[{"embeddable":true,"href":"https:\/\/www.plukon.be\/fr\/wp-json\/wp\/v2\/media\/2257"}],"wp:attachment":[{"href":"https:\/\/www.plukon.be\/fr\/wp-json\/wp\/v2\/media?parent=462"}],"curies":[{"name":"wp","href":"https:\/\/api.w.org\/{rel}","templated":true}]}}