{"id":473,"date":"2018-09-07T12:51:15","date_gmt":"2018-09-07T12:51:15","guid":{"rendered":"http:\/\/be-www.plukon.fr\/aviculture\/poulet-classique\/"},"modified":"2020-01-08T11:57:29","modified_gmt":"2020-01-08T10:57:29","slug":"poulet-classique","status":"publish","type":"page","link":"https:\/\/www.plukon.be\/fr\/aviculture\/poulet-classique\/","title":{"rendered":"Poulet Classique"},"content":{"rendered":"<section class=\"l-section wpb_row no-mobile height_huge color_primary with_img parallax_ver\" id=\"bgpos\"><div class=\"l-section-img\" role=\"img\" data-img-width=\"1920\" data-img-height=\"1024\" style=\"background-image: url(https:\/\/www.plukon.be\/wp-content\/uploads\/sites\/11\/2018\/07\/Header-Home-en-Pluimvee-regulier.jpg);\"><\/div><div class=\"l-section-h i-cf\"><div class=\"g-cols vc_row via_grid cols_1 laptops-cols_inherit tablets-cols_inherit mobiles-cols_1 valign_top type_default stacking_default\"><div class=\"wpb_column vc_column_container\"><div class=\"vc_column-inner\"><div class=\"w-separator size_custom\" style=\"height:90px\"><\/div><\/div><\/div><\/div><\/div><\/section><section class=\"l-section wpb_row height_small color_alternate\"><div class=\"l-section-h i-cf\"><div class=\"g-cols vc_row via_grid cols_1 laptops-cols_inherit tablets-cols_inherit mobiles-cols_1 valign_top type_default stacking_default\"><div class=\"wpb_column vc_column_container\"><div class=\"vc_column-inner\"><div class=\"wpb_text_column breadcrumbs\"><div class=\"wpb_wrapper\"><div class=\"breadcrumb\" itemprop=\"breadcrumb\"><span><span><a href=\"https:\/\/www.plukon.be\/fr\/\">Home<\/a><\/span><\/span><\/div>\n<\/div><\/div><\/div><\/div><\/div><\/div><\/section><section class=\"l-section wpb_row height_small color_alternate\"><div class=\"l-section-h i-cf\"><div class=\"g-cols vc_row via_grid cols_custom laptops-cols_inherit tablets-cols_inherit mobiles-cols_1 valign_top type_default stacking_default\" style=\"--custom-columns:1fr 3.5fr 1.5fr \"><div class=\"wpb_column vc_column_container\"><div class=\"vc_column-inner\"><div class=\"w-separator size_custom\" style=\"height:32px\"><\/div><\/div><\/div><div class=\"wpb_column vc_column_container\"><div class=\"vc_column-inner\">[vc_custom_heading source=&#8221;post_title&#8221; font_container=&#8221;tag:h1|text_align:left&#8221; use_theme_fonts=&#8221;yes&#8221; el_class=&#8221;no-mobile&#8221;]<div class=\"w-separator no-desktop size_custom\" style=\"height:90px\"><\/div>[vc_custom_heading source=&#8221;post_title&#8221; font_container=&#8221;tag:h1|text_align:left&#8221; use_theme_fonts=&#8221;yes&#8221; el_class=&#8221;no-desktop&#8221;]<div class=\"w-separator size_medium\"><\/div><div class=\"wpb_text_column\"><div class=\"wpb_wrapper\"><p>La viande de Poulet Classique obtient d\u2019excellents r\u00e9sultats en mati\u00e8re de s\u00e9curit\u00e9 alimentaire, de prix et de durabilit\u00e9 \u00e9cologique.<\/p>\n<h6>Respect de l\u2019environnement<\/h6>\n<p>Les races de poulet classiques sont id\u00e9ales pour transformer des aliments en prot\u00e9ines de haute qualit\u00e9 de mani\u00e8re efficace. Gr\u00e2ce \u00e0 l\u2019indice de conversion efficace des aliments, la viande de poulet classique a la plus faible empreinte de CO<sub>2<\/sub> par rapport aux autres viandes.<\/p>\n<h6>Durabilit\u00e9<\/h6>\n<p>Le Poulet Classique est durable. En raison de l\u2019efficacit\u00e9 avec laquelle la viande de poulet est produite, la quantit\u00e9 de terres agricoles n\u00e9cessaires \u00e0 la production alimentaire est limit\u00e9e. Le Poulet Classique contribue ainsi \u00e0 l\u2019approvisionnement alimentaire mondial.<\/p>\n<h6>Des exigences strictes pour les \u00e9levages de volailles<\/h6>\n<p>Une exigence IKB (Contr\u00f4le Int\u00e9gral de la Cha\u00eene) est impos\u00e9e sur l\u2019ensemble du processus lors de la production de viande de poulet : de l\u2019\u00e9levage, du couvoir, du producteur de volaille, de l\u2019abattoir \u00e0 l\u2019emballeur. Toutes les \u00e9tapes sont conformes aux normes IKB.<\/p>\n<\/div><\/div><div class=\"w-image no-mobile align_none\"><div class=\"w-image-h\"><img loading=\"lazy\" decoding=\"async\" width=\"196\" height=\"108\" src=\"https:\/\/www.plukon.be\/wp-content\/uploads\/sites\/11\/2018\/09\/regulier_certificate.png\" class=\"attachment-large size-large\" alt=\"regulier certificaat\" \/><\/div><\/div><\/div><\/div><div class=\"wpb_column vc_column_container\"><div class=\"vc_column-inner\">[vc_raw_html]W3dwYl9jaGlsZHBhZ2VzXQ==[\/vc_raw_html]<div class=\"w-separator size_medium\"><\/div><\/div><\/div><\/div><\/div><\/section><section class=\"l-section wpb_row height_medium color_alternate\" id=\"bottom\"><div class=\"l-section-h i-cf\"><div class=\"g-cols vc_row via_grid cols_1 laptops-cols_inherit tablets-cols_inherit mobiles-cols_1 valign_top type_default stacking_default\"><div class=\"wpb_column vc_column_container\"><div class=\"vc_column-inner\"><div class=\"w-separator size_small with_line width_default thick_1 style_solid color_border align_center\"><div class=\"w-separator-h\"><\/div><\/div><div class=\"wpb_text_column\"><div class=\"wpb_wrapper\"><h2 style=\"text-align: center;\">Messages connexes<\/h2>\n<\/div><\/div><div class=\"g-cols wpb_row via_grid cols_1 laptops-cols_inherit tablets-cols_inherit mobiles-cols_1 valign_top type_default stacking_default\" style=\"--gap:3rem;\"><div class=\"wpb_column vc_column_container\"><div class=\"vc_column-inner\"><div class=\"w-grid type_grid layout_1001 cols_3\" id=\"us_grid_1\" style=\"--gap:1rem;\" data-filterable=\"true\"><style>@media (max-width:1024px){#us_grid_1 .w-grid-item{width:50%}}@media (max-width:600px){#us_grid_1 .w-grid-list{margin:0}#us_grid_1 .w-grid-item{width:100%;padding:0;margin-bottom:var(--gap,0px)}}.layout_1001 .w-grid-item-h{background:#f2f2f2}.layout_1001 .usg_post_title_1{font-family:var(--font-family)!important;color:#008c35!important;margin:1.5rem 1.5rem 1rem 1.5rem!important}.layout_1001 .usg_post_date_1{font-family:var(--font-family)!important;font-size:0.9rem!important}.layout_1001 .usg_post_author_1{font-family:var(--font-family)!important;font-size:0.9rem!important}.layout_1001 .usg_post_comments_1{font-family:var(--font-family)!important;font-size:0.9rem!important}.layout_1001 .usg_post_taxonomy_1{font-family:var(--font-family)!important;font-size:0.9rem!important}.layout_1001 .usg_post_taxonomy_2{font-family:var(--font-family)!important;font-size:0.9rem!important}.layout_1001 .usg_post_content_1{font-family:var(--font-family)!important;margin:1rem 1.5rem 1rem 1.5rem!important}.layout_1001 .usg_btn_1{color:#ffffff!important;margin:1rem 1.5rem 1.5rem 1.5rem!important}@media (min-width:1025px) and (max-width:1380px){.layout_1001 .usg_post_title_1{font-family:var(--font-family)!important;color:#008c35!important;margin:1.5rem 1.5rem 1rem 1.5rem!important}.layout_1001 .usg_post_date_1{font-family:var(--font-family)!important;font-size:0.9rem!important}.layout_1001 .usg_post_author_1{font-family:var(--font-family)!important;font-size:0.9rem!important}.layout_1001 .usg_post_comments_1{font-family:var(--font-family)!important;font-size:0.9rem!important}.layout_1001 .usg_post_taxonomy_1{font-family:var(--font-family)!important;font-size:0.9rem!important}.layout_1001 .usg_post_taxonomy_2{font-family:var(--font-family)!important;font-size:0.9rem!important}.layout_1001 .usg_post_content_1{font-family:var(--font-family)!important;margin:1rem 1.5rem 1rem 1.5rem!important}.layout_1001 .usg_btn_1{color:#ffffff!important;margin:1rem 1.5rem 1.5rem 1.5rem!important}}@media (min-width:601px) and (max-width:1024px){.layout_1001 .usg_post_title_1{font-family:var(--font-family)!important;color:#008c35!important;margin:1.5rem 1.5rem 1rem 1.5rem!important}.layout_1001 .usg_post_date_1{font-family:var(--font-family)!important;font-size:0.9rem!important}.layout_1001 .usg_post_author_1{font-family:var(--font-family)!important;font-size:0.9rem!important}.layout_1001 .usg_post_comments_1{font-family:var(--font-family)!important;font-size:0.9rem!important}.layout_1001 .usg_post_taxonomy_1{font-family:var(--font-family)!important;font-size:0.9rem!important}.layout_1001 .usg_post_taxonomy_2{font-family:var(--font-family)!important;font-size:0.9rem!important}.layout_1001 .usg_post_content_1{font-family:var(--font-family)!important;margin:1rem 1.5rem 1rem 1.5rem!important}.layout_1001 .usg_btn_1{color:#ffffff!important;margin:1rem 1.5rem 1.5rem 1.5rem!important}}@media (max-width:600px){.layout_1001 .usg_post_title_1{font-family:var(--font-family)!important;color:#008c35!important;margin:1.5rem 1.5rem 1rem 1.5rem!important}.layout_1001 .usg_post_date_1{font-family:var(--font-family)!important;font-size:0.9rem!important}.layout_1001 .usg_post_author_1{font-family:var(--font-family)!important;font-size:0.9rem!important}.layout_1001 .usg_post_comments_1{font-family:var(--font-family)!important;font-size:0.9rem!important}.layout_1001 .usg_post_taxonomy_1{font-family:var(--font-family)!important;font-size:0.9rem!important}.layout_1001 .usg_post_taxonomy_2{font-family:var(--font-family)!important;font-size:0.9rem!important}.layout_1001 .usg_post_content_1{font-family:var(--font-family)!important;margin:1rem 1.5rem 1rem 1.5rem!important}.layout_1001 .usg_btn_1{color:#ffffff!important;margin:1rem 1.5rem 1.5rem 1.5rem!important}}<\/style><div class=\"w-grid-list\">\t<article class=\"w-grid-item size_1x1 post-690 post type-post status-publish format-standard has-post-thumbnail hentry category-responsabilite category-la-securite-alimentaire category-poulet-classique category-produits-a-base-de-poulet category-realisme-fr category-bien-etre-animal tag-utilisation-des-antibiotiques tag-reduction-des-antibiotiques tag-organisation-mondiale-de-la-sante tag-mcdonalds-fr tag-la-securite-alimentaire\" data-id=\"690\">\r\n\t\t<div class=\"w-grid-item-h\">\r\n\t\t\t\t\t\t<div class=\"w-post-elm post_image usg_post_image_1 stretched\"><a href=\"https:\/\/www.plukon.be\/fr\/plukon-joue-un-role-important-dans-la-reduction-de-lutilisation-des-antibiotiques\/\" aria-label=\"Plukon joue un r\u00f4le important dans la r\u00e9duction de l\u2019utilisation des antibiotiques\"><img loading=\"lazy\" decoding=\"async\" width=\"960\" height=\"595\" src=\"https:\/\/www.plukon.be\/wp-content\/uploads\/sites\/11\/2018\/09\/Antibioticabeleid-Plukon-Goor.jpg\" class=\"attachment-large size-large wp-post-image\" alt=\"Antibioticabeleid-Plukon-Goor\" srcset=\"https:\/\/www.plukon.be\/wp-content\/uploads\/sites\/11\/2018\/09\/Antibioticabeleid-Plukon-Goor.jpg 960w, https:\/\/www.plukon.be\/wp-content\/uploads\/sites\/11\/2018\/09\/Antibioticabeleid-Plukon-Goor-300x186.jpg 300w, https:\/\/www.plukon.be\/wp-content\/uploads\/sites\/11\/2018\/09\/Antibioticabeleid-Plukon-Goor-768x476.jpg 768w, https:\/\/www.plukon.be\/wp-content\/uploads\/sites\/11\/2018\/09\/Antibioticabeleid-Plukon-Goor-600x372.jpg 600w\" sizes=\"auto, (max-width: 960px) 100vw, 960px\" \/><\/a><\/div><h2 class=\"w-post-elm post_title usg_post_title_1 vag light has_text_color entry-title color_link_inherit\"><a href=\"https:\/\/www.plukon.be\/fr\/plukon-joue-un-role-important-dans-la-reduction-de-lutilisation-des-antibiotiques\/\">Plukon joue un r\u00f4le important dans la r\u00e9duction de l\u2019utilisation des antibiotiques<\/a><\/h2><div class=\"w-post-elm post_content usg_post_content_1\">Plukon s\u2019efforce avec ses clients de r\u00e9duire davantage l\u2019utilisation d\u2019antibiotiques dans l\u2019aviculture. La principale raison est le risque de r\u00e9sistance aux antibiotiques pour la sant\u00e9 humaine. Les principaux acteurs du&hellip;<\/div><a class=\"w-btn us-btn-style_2 usg_btn_1 has_text_color\" href=\"https:\/\/www.plukon.be\/fr\/plukon-joue-un-role-important-dans-la-reduction-de-lutilisation-des-antibiotiques\/\"><span class=\"w-btn-label\">En savoir plus<\/span><\/a>\t\t<\/div>\r\n\t<\/article>\r\n<\/div><div class=\"w-grid-preloader\">\t<div class=\"g-preloader type_1\">\r\n\t\t<div><\/div>\r\n\t<\/div>\r\n\t<\/div>\t<div class=\"w-grid-json hidden\" onclick='return {&quot;action&quot;:&quot;us_ajax_grid&quot;,&quot;ajax_url&quot;:&quot;https:\\\/\\\/www.plukon.be\\\/wp-admin\\\/admin-ajax.php&quot;,&quot;infinite_scroll&quot;:0,&quot;max_num_pages&quot;:1,&quot;pagination&quot;:&quot;none&quot;,&quot;template_vars&quot;:{&quot;columns&quot;:&quot;3&quot;,&quot;exclude_items&quot;:&quot;none&quot;,&quot;img_size&quot;:&quot;default&quot;,&quot;ignore_items_size&quot;:0,&quot;items_layout&quot;:&quot;1001&quot;,&quot;items_offset&quot;:&quot;1&quot;,&quot;load_animation&quot;:&quot;none&quot;,&quot;overriding_link&quot;:&quot;{\\&quot;url\\&quot;:\\&quot;\\&quot;}&quot;,&quot;post_id&quot;:0,&quot;query_args&quot;:{&quot;post_type&quot;:[&quot;post&quot;],&quot;tax_query&quot;:[{&quot;taxonomy&quot;:&quot;category&quot;,&quot;field&quot;:&quot;slug&quot;,&quot;terms&quot;:[&quot;poulet-classique&quot;]}],&quot;post_status&quot;:[&quot;publish&quot;,&quot;acf-disabled&quot;],&quot;posts_per_page&quot;:&quot;3&quot;},&quot;orderby_query_args&quot;:{&quot;orderby&quot;:{&quot;date&quot;:&quot;DESC&quot;}},&quot;type&quot;:&quot;grid&quot;,&quot;us_grid_ajax_index&quot;:1,&quot;us_grid_filter_params&quot;:[],&quot;us_grid_index&quot;:1,&quot;_us_grid_post_type&quot;:&quot;post&quot;,&quot;page_args&quot;:[],&quot;lang&quot;:&quot;fr&quot;}}'><\/div>\r\n\t<\/div><\/div><\/div><\/div><\/div><\/div><\/div><\/div><\/section>\n","protected":false},"excerpt":{"rendered":"Plukon s\u2019efforce avec ses clients de r\u00e9duire davantage l\u2019utilisation d\u2019antibiotiques dans l\u2019aviculture. La principale raison est le risque de r\u00e9sistance aux antibiotiques pour la sant\u00e9 humaine. Les principaux acteurs du march\u00e9 de la viande de volaille suivent les principes de l\u2019Organisation Mondiale de la Sant\u00e9 (OMS). Par exemple, McDonald\u2019s entreprend en 2018 un processus mondial...","protected":false},"author":1,"featured_media":0,"parent":462,"menu_order":1,"comment_status":"closed","ping_status":"open","template":"","meta":{"_acf_changed":false,"footnotes":""},"class_list":["post-473","page","type-page","status-publish","hentry"],"acf":[],"yoast_head":"<!-- This site is optimized with the Yoast SEO plugin v27.4 - https:\/\/yoast.com\/product\/yoast-seo-wordpress\/ -->\n<title>Poulet Classique - Plukon.be<\/title>\n<meta name=\"description\" content=\"Regulier kippenvlees scoort uitstekend op voedselveiligheid, betaalbaarheid en ecologische duurzaamheid. Lees verder.\" \/>\n<meta name=\"robots\" content=\"index, follow, max-snippet:-1, max-image-preview:large, max-video-preview:-1\" \/>\n<link rel=\"canonical\" href=\"https:\/\/www.plukon.be\/fr\/aviculture\/poulet-classique\/\" \/>\n<meta property=\"og:locale\" content=\"fr_FR\" \/>\n<meta property=\"og:type\" content=\"article\" \/>\n<meta property=\"og:title\" content=\"Poulet Classique - Plukon.be\" \/>\n<meta property=\"og:description\" content=\"Regulier kippenvlees scoort uitstekend op voedselveiligheid, betaalbaarheid en ecologische duurzaamheid. Lees verder.\" \/>\n<meta property=\"og:url\" content=\"https:\/\/www.plukon.be\/fr\/aviculture\/poulet-classique\/\" \/>\n<meta property=\"og:site_name\" content=\"Plukon.be\" \/>\n<meta property=\"article:modified_time\" content=\"2020-01-08T10:57:29+00:00\" \/>\n<meta name=\"twitter:card\" content=\"summary_large_image\" \/>\n<meta name=\"twitter:label1\" content=\"Dur\u00e9e de lecture est.\" \/>\n\t<meta name=\"twitter:data1\" content=\"2 minutes\" \/>\n<script type=\"application\/ld+json\" class=\"yoast-schema-graph\">{\"@context\":\"https:\\\/\\\/schema.org\",\"@graph\":[{\"@type\":\"WebPage\",\"@id\":\"https:\\\/\\\/www.plukon.be\\\/fr\\\/aviculture\\\/poulet-classique\\\/\",\"url\":\"https:\\\/\\\/www.plukon.be\\\/fr\\\/aviculture\\\/poulet-classique\\\/\",\"name\":\"Poulet Classique - Plukon.be\",\"isPartOf\":{\"@id\":\"https:\\\/\\\/www.plukon.be\\\/#website\"},\"datePublished\":\"2018-09-07T12:51:15+00:00\",\"dateModified\":\"2020-01-08T10:57:29+00:00\",\"description\":\"Regulier kippenvlees scoort uitstekend op voedselveiligheid, betaalbaarheid en ecologische duurzaamheid. Lees verder.\",\"breadcrumb\":{\"@id\":\"https:\\\/\\\/www.plukon.be\\\/fr\\\/aviculture\\\/poulet-classique\\\/#breadcrumb\"},\"inLanguage\":\"fr-BE\",\"potentialAction\":[{\"@type\":\"ReadAction\",\"target\":[\"https:\\\/\\\/www.plukon.be\\\/fr\\\/aviculture\\\/poulet-classique\\\/\"]}]},{\"@type\":\"BreadcrumbList\",\"@id\":\"https:\\\/\\\/www.plukon.be\\\/fr\\\/aviculture\\\/poulet-classique\\\/#breadcrumb\",\"itemListElement\":[{\"@type\":\"ListItem\",\"position\":1,\"name\":\"Home\",\"item\":\"https:\\\/\\\/www.plukon.be\\\/fr\\\/\"},{\"@type\":\"ListItem\",\"position\":2,\"name\":\"Aviculture\",\"item\":\"https:\\\/\\\/www.plukon.be\\\/fr\\\/aviculture\\\/\"},{\"@type\":\"ListItem\",\"position\":3,\"name\":\"Poulet Classique\"}]},{\"@type\":\"WebSite\",\"@id\":\"https:\\\/\\\/www.plukon.be\\\/#website\",\"url\":\"https:\\\/\\\/www.plukon.be\\\/\",\"name\":\"Plukon Food Group\",\"description\":\"Forward Food Solutions\",\"publisher\":{\"@id\":\"https:\\\/\\\/www.plukon.be\\\/#organization\"},\"potentialAction\":[{\"@type\":\"SearchAction\",\"target\":{\"@type\":\"EntryPoint\",\"urlTemplate\":\"https:\\\/\\\/www.plukon.be\\\/?s={search_term_string}\"},\"query-input\":{\"@type\":\"PropertyValueSpecification\",\"valueRequired\":true,\"valueName\":\"search_term_string\"}}],\"inLanguage\":\"fr-BE\"},{\"@type\":\"Organization\",\"@id\":\"https:\\\/\\\/www.plukon.be\\\/#organization\",\"name\":\"Plukon Food Group\",\"url\":\"https:\\\/\\\/www.plukon.be\\\/\",\"logo\":{\"@type\":\"ImageObject\",\"inLanguage\":\"fr-BE\",\"@id\":\"https:\\\/\\\/www.plukon.be\\\/#\\\/schema\\\/logo\\\/image\\\/\",\"url\":\"https:\\\/\\\/www.plukon.be\\\/wp-content\\\/uploads\\\/sites\\\/11\\\/2018\\\/07\\\/logo_2x.png\",\"contentUrl\":\"https:\\\/\\\/www.plukon.be\\\/wp-content\\\/uploads\\\/sites\\\/11\\\/2018\\\/07\\\/logo_2x.png\",\"width\":412,\"height\":164,\"caption\":\"Plukon Food Group\"},\"image\":{\"@id\":\"https:\\\/\\\/www.plukon.be\\\/#\\\/schema\\\/logo\\\/image\\\/\"}}]}<\/script>\n<!-- \/ Yoast SEO plugin. -->","yoast_head_json":{"title":"Poulet Classique - Plukon.be","description":"Regulier kippenvlees scoort uitstekend op voedselveiligheid, betaalbaarheid en ecologische duurzaamheid. Lees verder.","robots":{"index":"index","follow":"follow","max-snippet":"max-snippet:-1","max-image-preview":"max-image-preview:large","max-video-preview":"max-video-preview:-1"},"canonical":"https:\/\/www.plukon.be\/fr\/aviculture\/poulet-classique\/","og_locale":"fr_FR","og_type":"article","og_title":"Poulet Classique - Plukon.be","og_description":"Regulier kippenvlees scoort uitstekend op voedselveiligheid, betaalbaarheid en ecologische duurzaamheid. Lees verder.","og_url":"https:\/\/www.plukon.be\/fr\/aviculture\/poulet-classique\/","og_site_name":"Plukon.be","article_modified_time":"2020-01-08T10:57:29+00:00","twitter_card":"summary_large_image","twitter_misc":{"Dur\u00e9e de lecture est.":"2 minutes"},"schema":{"@context":"https:\/\/schema.org","@graph":[{"@type":"WebPage","@id":"https:\/\/www.plukon.be\/fr\/aviculture\/poulet-classique\/","url":"https:\/\/www.plukon.be\/fr\/aviculture\/poulet-classique\/","name":"Poulet Classique - Plukon.be","isPartOf":{"@id":"https:\/\/www.plukon.be\/#website"},"datePublished":"2018-09-07T12:51:15+00:00","dateModified":"2020-01-08T10:57:29+00:00","description":"Regulier kippenvlees scoort uitstekend op voedselveiligheid, betaalbaarheid en ecologische duurzaamheid. Lees verder.","breadcrumb":{"@id":"https:\/\/www.plukon.be\/fr\/aviculture\/poulet-classique\/#breadcrumb"},"inLanguage":"fr-BE","potentialAction":[{"@type":"ReadAction","target":["https:\/\/www.plukon.be\/fr\/aviculture\/poulet-classique\/"]}]},{"@type":"BreadcrumbList","@id":"https:\/\/www.plukon.be\/fr\/aviculture\/poulet-classique\/#breadcrumb","itemListElement":[{"@type":"ListItem","position":1,"name":"Home","item":"https:\/\/www.plukon.be\/fr\/"},{"@type":"ListItem","position":2,"name":"Aviculture","item":"https:\/\/www.plukon.be\/fr\/aviculture\/"},{"@type":"ListItem","position":3,"name":"Poulet Classique"}]},{"@type":"WebSite","@id":"https:\/\/www.plukon.be\/#website","url":"https:\/\/www.plukon.be\/","name":"Plukon Food Group","description":"Forward Food Solutions","publisher":{"@id":"https:\/\/www.plukon.be\/#organization"},"potentialAction":[{"@type":"SearchAction","target":{"@type":"EntryPoint","urlTemplate":"https:\/\/www.plukon.be\/?s={search_term_string}"},"query-input":{"@type":"PropertyValueSpecification","valueRequired":true,"valueName":"search_term_string"}}],"inLanguage":"fr-BE"},{"@type":"Organization","@id":"https:\/\/www.plukon.be\/#organization","name":"Plukon Food Group","url":"https:\/\/www.plukon.be\/","logo":{"@type":"ImageObject","inLanguage":"fr-BE","@id":"https:\/\/www.plukon.be\/#\/schema\/logo\/image\/","url":"https:\/\/www.plukon.be\/wp-content\/uploads\/sites\/11\/2018\/07\/logo_2x.png","contentUrl":"https:\/\/www.plukon.be\/wp-content\/uploads\/sites\/11\/2018\/07\/logo_2x.png","width":412,"height":164,"caption":"Plukon Food Group"},"image":{"@id":"https:\/\/www.plukon.be\/#\/schema\/logo\/image\/"}}]}},"publishpress_future_action":{"enabled":false,"date":"2026-04-28 11:57:10","action":"change-status","newStatus":"draft","terms":[],"taxonomy":"translation_priority","extraData":[]},"publishpress_future_workflow_manual_trigger":{"enabledWorkflows":[]},"_links":{"self":[{"href":"https:\/\/www.plukon.be\/fr\/wp-json\/wp\/v2\/pages\/473","targetHints":{"allow":["GET"]}}],"collection":[{"href":"https:\/\/www.plukon.be\/fr\/wp-json\/wp\/v2\/pages"}],"about":[{"href":"https:\/\/www.plukon.be\/fr\/wp-json\/wp\/v2\/types\/page"}],"author":[{"embeddable":true,"href":"https:\/\/www.plukon.be\/fr\/wp-json\/wp\/v2\/users\/1"}],"replies":[{"embeddable":true,"href":"https:\/\/www.plukon.be\/fr\/wp-json\/wp\/v2\/comments?post=473"}],"version-history":[{"count":16,"href":"https:\/\/www.plukon.be\/fr\/wp-json\/wp\/v2\/pages\/473\/revisions"}],"predecessor-version":[{"id":1415,"href":"https:\/\/www.plukon.be\/fr\/wp-json\/wp\/v2\/pages\/473\/revisions\/1415"}],"up":[{"embeddable":true,"href":"https:\/\/www.plukon.be\/fr\/wp-json\/wp\/v2\/pages\/462"}],"wp:attachment":[{"href":"https:\/\/www.plukon.be\/fr\/wp-json\/wp\/v2\/media?parent=473"}],"curies":[{"name":"wp","href":"https:\/\/api.w.org\/{rel}","templated":true}]}}