{"id":501,"date":"2018-09-07T13:07:26","date_gmt":"2018-09-07T13:07:26","guid":{"rendered":"http:\/\/be-www.plukon.fr\/aviculture\/certification-beter-leven\/"},"modified":"2024-01-23T09:40:21","modified_gmt":"2024-01-23T08:40:21","slug":"certification-beter-leven","status":"publish","type":"page","link":"https:\/\/www.plukon.be\/fr\/certification-beter-leven\/","title":{"rendered":"Certification Beter Leven"},"content":{"rendered":"<section class=\"l-section wpb_row us_custom_caf5a896 has_text_color height_huge with_img parallax_ver\"><div class=\"l-section-img\" role=\"img\" data-img-width=\"2000\" data-img-height=\"587\" style=\"background-image: url(https:\/\/www.plukon.be\/wp-content\/uploads\/sites\/11\/2018\/07\/Henk-in-stal_5532-1.jpg);\"><\/div><div class=\"l-section-overlay\" style=\"background:rgba(0,0,0,0.15)\"><\/div><div class=\"l-section-h i-cf\"><div class=\"g-cols vc_row via_grid cols_1 laptops-cols_inherit tablets-cols_inherit mobiles-cols_1 valign_top type_default stacking_default\"><div class=\"wpb_column vc_column_container\"><div class=\"vc_column-inner\"><div class=\"w-separator size_custom\" style=\"height:90px\"><\/div><\/div><\/div><\/div><\/div><\/section><!-- Row Backgrounds --><div class=\"upb_color\" data-bg-override=\"0\" data-bg-color=\"#ffffff\" data-fadeout=\"\" data-fadeout-percentage=\"30\" data-parallax-content=\"\" data-parallax-content-sense=\"30\" data-row-effect-mobile-disable=\"true\" data-img-parallax-mobile-disable=\"true\" data-rtl=\"false\"  data-custom-vc-row=\"\"  data-vc=\"7.2\"  data-is_old_vc=\"\"  data-theme-support=\"\"   data-overlay=\"false\" data-overlay-color=\"\" data-overlay-pattern=\"\" data-overlay-pattern-opacity=\"\" data-overlay-pattern-size=\"\"    ><\/div><section class=\"l-section wpb_row height_small\"><div class=\"l-section-h i-cf\"><div class=\"g-cols vc_row via_grid cols_1 laptops-cols_inherit tablets-cols_inherit mobiles-cols_1 valign_top type_default stacking_default\"><div class=\"wpb_column vc_column_container\"><div class=\"vc_column-inner\"><div class=\"wpb_text_column breadcrumbs\"><div class=\"wpb_wrapper\"><div class=\"breadcrumb\" itemprop=\"breadcrumb\"><span><span><a href=\"https:\/\/www.plukon.be\/fr\/\">Home<\/a><\/span><\/span><\/div>\n<\/div><\/div><\/div><\/div><\/div><\/div><\/section><section class=\"l-section wpb_row height_medium\"><div class=\"l-section-h i-cf\"><div class=\"g-cols vc_row via_grid cols_custom laptops-cols_inherit tablets-cols_inherit mobiles-cols_1 valign_top type_default stacking_default\" style=\"--custom-columns:1fr 3.5fr 1.5fr \"><div class=\"wpb_column vc_column_container\"><div class=\"vc_column-inner\"><div class=\"w-separator size_custom\" style=\"height:32px\"><\/div><\/div><\/div><div class=\"wpb_column vc_column_container\"><div class=\"vc_column-inner\">[vc_custom_heading source=&#8221;post_title&#8221; font_container=&#8221;tag:h1|font_size:60|text_align:left&#8221; use_theme_fonts=&#8221;yes&#8221; css=&#8221;%7B%22default%22%3A%7B%22font-size%22%3A%2260%22%7D%7D&#8221;]<div class=\"wpb_text_column\"><div class=\"wpb_wrapper\"><p style=\"text-align: left;\">Le label Beter Leven (Mieux Vivre) est bien connu des consommateurs n\u00e9erlandais et sa part de march\u00e9 a consid\u00e9rablement augment\u00e9 au cours des derni\u00e8res ann\u00e9es. Avec ce label, la Soci\u00e9t\u00e9 Protectrice des Animaux n\u00e9erlandaise garantit aux consommateurs la libert\u00e9 de pouvoir choisir en connaissance de cause des produits issus d\u2019\u00e9levages de volailles qui ont mis en place des mesures suppl\u00e9mentaires en mati\u00e8re de bien-\u00eatre animal.<\/p>\n<\/div><\/div><div class=\"w-separator size_custom\" style=\"height:32px\"><\/div><div class=\"w-btn-wrapper align_center\"><a class=\"w-btn us-btn-style_3\" target=\" _blank\" rel=\"nofollow\" href=\"https:\/\/beterleven.dierenbescherming.nl\/\"><span class=\"w-btn-label\">En savoir plus sur Beter Leven<\/span><\/a><\/div><\/div><\/div><div class=\"wpb_column vc_column_container\"><div class=\"vc_column-inner\">[vc_raw_html el_class=&#8221;side-menu&#8221;]W3dwYl9jaGlsZHBhZ2VzXQ==[\/vc_raw_html]<\/div><\/div><\/div><\/div><\/section>\n","protected":false},"excerpt":{"rendered":"Home [vc_custom_heading source=\"post_title\" font_container=\"tag:h1|font_size:60|text_align:left\" use_theme_fonts=\"yes\" css=\"%7B%22default%22%3A%7B%22font-size%22%3A%2260%22%7D%7D\"] Le label Beter Leven (Mieux Vivre) est bien connu des consommateurs n\u00e9erlandais et sa part de march\u00e9 a consid\u00e9rablement augment\u00e9 au cours des derni\u00e8res ann\u00e9es. Avec ce label, la Soci\u00e9t\u00e9 Protectrice des Animaux n\u00e9erlandaise garantit aux consommateurs la libert\u00e9 de pouvoir choisir en connaissance de cause des produits issus...","protected":false},"author":1,"featured_media":0,"parent":0,"menu_order":5,"comment_status":"closed","ping_status":"open","template":"","meta":{"_acf_changed":false,"footnotes":""},"class_list":["post-501","page","type-page","status-publish","hentry"],"acf":[],"yoast_head":"<!-- This site is optimized with the Yoast SEO plugin v27.4 - https:\/\/yoast.com\/product\/yoast-seo-wordpress\/ -->\n<title>Certification Beter Leven - Plukon.be<\/title>\n<meta name=\"description\" content=\"Het Beter Leven keurmerk is bekend bij de consument en het keurmerk is de afgelopen jaren qua marktaandeel behoorlijk gegroeid. Bekijk alle keurmerken.\" \/>\n<meta name=\"robots\" content=\"index, follow, max-snippet:-1, max-image-preview:large, max-video-preview:-1\" \/>\n<link rel=\"canonical\" href=\"https:\/\/www.plukon.be\/fr\/certification-beter-leven\/\" \/>\n<meta property=\"og:locale\" content=\"fr_FR\" \/>\n<meta property=\"og:type\" content=\"article\" \/>\n<meta property=\"og:title\" content=\"Certification Beter Leven - Plukon.be\" \/>\n<meta property=\"og:description\" content=\"Het Beter Leven keurmerk is bekend bij de consument en het keurmerk is de afgelopen jaren qua marktaandeel behoorlijk gegroeid. Bekijk alle keurmerken.\" \/>\n<meta property=\"og:url\" content=\"https:\/\/www.plukon.be\/fr\/certification-beter-leven\/\" \/>\n<meta property=\"og:site_name\" content=\"Plukon.be\" \/>\n<meta property=\"article:modified_time\" content=\"2024-01-23T08:40:21+00:00\" \/>\n<meta name=\"twitter:card\" content=\"summary_large_image\" \/>\n<meta name=\"twitter:label1\" content=\"Dur\u00e9e de lecture est.\" \/>\n\t<meta name=\"twitter:data1\" content=\"2 minutes\" \/>\n<script type=\"application\/ld+json\" class=\"yoast-schema-graph\">{\"@context\":\"https:\\\/\\\/schema.org\",\"@graph\":[{\"@type\":\"WebPage\",\"@id\":\"https:\\\/\\\/www.plukon.be\\\/fr\\\/certification-beter-leven\\\/\",\"url\":\"https:\\\/\\\/www.plukon.be\\\/fr\\\/certification-beter-leven\\\/\",\"name\":\"Certification Beter Leven - Plukon.be\",\"isPartOf\":{\"@id\":\"https:\\\/\\\/www.plukon.be\\\/#website\"},\"datePublished\":\"2018-09-07T13:07:26+00:00\",\"dateModified\":\"2024-01-23T08:40:21+00:00\",\"description\":\"Het Beter Leven keurmerk is bekend bij de consument en het keurmerk is de afgelopen jaren qua marktaandeel behoorlijk gegroeid. Bekijk alle keurmerken.\",\"breadcrumb\":{\"@id\":\"https:\\\/\\\/www.plukon.be\\\/fr\\\/certification-beter-leven\\\/#breadcrumb\"},\"inLanguage\":\"fr-BE\",\"potentialAction\":[{\"@type\":\"ReadAction\",\"target\":[\"https:\\\/\\\/www.plukon.be\\\/fr\\\/certification-beter-leven\\\/\"]}]},{\"@type\":\"BreadcrumbList\",\"@id\":\"https:\\\/\\\/www.plukon.be\\\/fr\\\/certification-beter-leven\\\/#breadcrumb\",\"itemListElement\":[{\"@type\":\"ListItem\",\"position\":1,\"name\":\"Home\",\"item\":\"https:\\\/\\\/www.plukon.be\\\/fr\\\/\"},{\"@type\":\"ListItem\",\"position\":2,\"name\":\"Certification Beter Leven\"}]},{\"@type\":\"WebSite\",\"@id\":\"https:\\\/\\\/www.plukon.be\\\/#website\",\"url\":\"https:\\\/\\\/www.plukon.be\\\/\",\"name\":\"Plukon Food Group\",\"description\":\"Forward Food Solutions\",\"publisher\":{\"@id\":\"https:\\\/\\\/www.plukon.be\\\/#organization\"},\"potentialAction\":[{\"@type\":\"SearchAction\",\"target\":{\"@type\":\"EntryPoint\",\"urlTemplate\":\"https:\\\/\\\/www.plukon.be\\\/?s={search_term_string}\"},\"query-input\":{\"@type\":\"PropertyValueSpecification\",\"valueRequired\":true,\"valueName\":\"search_term_string\"}}],\"inLanguage\":\"fr-BE\"},{\"@type\":\"Organization\",\"@id\":\"https:\\\/\\\/www.plukon.be\\\/#organization\",\"name\":\"Plukon Food Group\",\"url\":\"https:\\\/\\\/www.plukon.be\\\/\",\"logo\":{\"@type\":\"ImageObject\",\"inLanguage\":\"fr-BE\",\"@id\":\"https:\\\/\\\/www.plukon.be\\\/#\\\/schema\\\/logo\\\/image\\\/\",\"url\":\"https:\\\/\\\/www.plukon.be\\\/wp-content\\\/uploads\\\/sites\\\/11\\\/2018\\\/07\\\/logo_2x.png\",\"contentUrl\":\"https:\\\/\\\/www.plukon.be\\\/wp-content\\\/uploads\\\/sites\\\/11\\\/2018\\\/07\\\/logo_2x.png\",\"width\":412,\"height\":164,\"caption\":\"Plukon Food Group\"},\"image\":{\"@id\":\"https:\\\/\\\/www.plukon.be\\\/#\\\/schema\\\/logo\\\/image\\\/\"}}]}<\/script>\n<!-- \/ Yoast SEO plugin. -->","yoast_head_json":{"title":"Certification Beter Leven - Plukon.be","description":"Het Beter Leven keurmerk is bekend bij de consument en het keurmerk is de afgelopen jaren qua marktaandeel behoorlijk gegroeid. Bekijk alle keurmerken.","robots":{"index":"index","follow":"follow","max-snippet":"max-snippet:-1","max-image-preview":"max-image-preview:large","max-video-preview":"max-video-preview:-1"},"canonical":"https:\/\/www.plukon.be\/fr\/certification-beter-leven\/","og_locale":"fr_FR","og_type":"article","og_title":"Certification Beter Leven - Plukon.be","og_description":"Het Beter Leven keurmerk is bekend bij de consument en het keurmerk is de afgelopen jaren qua marktaandeel behoorlijk gegroeid. Bekijk alle keurmerken.","og_url":"https:\/\/www.plukon.be\/fr\/certification-beter-leven\/","og_site_name":"Plukon.be","article_modified_time":"2024-01-23T08:40:21+00:00","twitter_card":"summary_large_image","twitter_misc":{"Dur\u00e9e de lecture est.":"2 minutes"},"schema":{"@context":"https:\/\/schema.org","@graph":[{"@type":"WebPage","@id":"https:\/\/www.plukon.be\/fr\/certification-beter-leven\/","url":"https:\/\/www.plukon.be\/fr\/certification-beter-leven\/","name":"Certification Beter Leven - Plukon.be","isPartOf":{"@id":"https:\/\/www.plukon.be\/#website"},"datePublished":"2018-09-07T13:07:26+00:00","dateModified":"2024-01-23T08:40:21+00:00","description":"Het Beter Leven keurmerk is bekend bij de consument en het keurmerk is de afgelopen jaren qua marktaandeel behoorlijk gegroeid. Bekijk alle keurmerken.","breadcrumb":{"@id":"https:\/\/www.plukon.be\/fr\/certification-beter-leven\/#breadcrumb"},"inLanguage":"fr-BE","potentialAction":[{"@type":"ReadAction","target":["https:\/\/www.plukon.be\/fr\/certification-beter-leven\/"]}]},{"@type":"BreadcrumbList","@id":"https:\/\/www.plukon.be\/fr\/certification-beter-leven\/#breadcrumb","itemListElement":[{"@type":"ListItem","position":1,"name":"Home","item":"https:\/\/www.plukon.be\/fr\/"},{"@type":"ListItem","position":2,"name":"Certification Beter Leven"}]},{"@type":"WebSite","@id":"https:\/\/www.plukon.be\/#website","url":"https:\/\/www.plukon.be\/","name":"Plukon Food Group","description":"Forward Food Solutions","publisher":{"@id":"https:\/\/www.plukon.be\/#organization"},"potentialAction":[{"@type":"SearchAction","target":{"@type":"EntryPoint","urlTemplate":"https:\/\/www.plukon.be\/?s={search_term_string}"},"query-input":{"@type":"PropertyValueSpecification","valueRequired":true,"valueName":"search_term_string"}}],"inLanguage":"fr-BE"},{"@type":"Organization","@id":"https:\/\/www.plukon.be\/#organization","name":"Plukon Food Group","url":"https:\/\/www.plukon.be\/","logo":{"@type":"ImageObject","inLanguage":"fr-BE","@id":"https:\/\/www.plukon.be\/#\/schema\/logo\/image\/","url":"https:\/\/www.plukon.be\/wp-content\/uploads\/sites\/11\/2018\/07\/logo_2x.png","contentUrl":"https:\/\/www.plukon.be\/wp-content\/uploads\/sites\/11\/2018\/07\/logo_2x.png","width":412,"height":164,"caption":"Plukon Food Group"},"image":{"@id":"https:\/\/www.plukon.be\/#\/schema\/logo\/image\/"}}]}},"publishpress_future_action":{"enabled":false,"date":"2026-04-25 05:17:00","action":"change-status","newStatus":"draft","terms":[],"taxonomy":"translation_priority","extraData":[]},"publishpress_future_workflow_manual_trigger":{"enabledWorkflows":[]},"_links":{"self":[{"href":"https:\/\/www.plukon.be\/fr\/wp-json\/wp\/v2\/pages\/501","targetHints":{"allow":["GET"]}}],"collection":[{"href":"https:\/\/www.plukon.be\/fr\/wp-json\/wp\/v2\/pages"}],"about":[{"href":"https:\/\/www.plukon.be\/fr\/wp-json\/wp\/v2\/types\/page"}],"author":[{"embeddable":true,"href":"https:\/\/www.plukon.be\/fr\/wp-json\/wp\/v2\/users\/1"}],"replies":[{"embeddable":true,"href":"https:\/\/www.plukon.be\/fr\/wp-json\/wp\/v2\/comments?post=501"}],"version-history":[{"count":25,"href":"https:\/\/www.plukon.be\/fr\/wp-json\/wp\/v2\/pages\/501\/revisions"}],"predecessor-version":[{"id":2080,"href":"https:\/\/www.plukon.be\/fr\/wp-json\/wp\/v2\/pages\/501\/revisions\/2080"}],"wp:attachment":[{"href":"https:\/\/www.plukon.be\/fr\/wp-json\/wp\/v2\/media?parent=501"}],"curies":[{"name":"wp","href":"https:\/\/api.w.org\/{rel}","templated":true}]}}