{"id":560,"date":"2018-09-07T13:35:54","date_gmt":"2018-09-07T13:35:54","guid":{"rendered":"http:\/\/be-www.plukon.fr\/durabilite\/"},"modified":"2025-09-12T13:43:18","modified_gmt":"2025-09-12T12:43:18","slug":"durabilite","status":"publish","type":"page","link":"https:\/\/www.plukon.be\/fr\/durabilite\/","title":{"rendered":"Durabilit\u00e9"},"content":{"rendered":"<section class=\"l-section wpb_row height_huge color_primary with_img parallax_ver\"><div class=\"l-section-img\" role=\"img\" data-img-width=\"1920\" data-img-height=\"861\" style=\"background-image: url(https:\/\/www.plukon.be\/wp-content\/uploads\/sites\/11\/2018\/07\/hdr_duurzaamheid.jpg);background-repeat: no-repeat;\"><\/div><div class=\"l-section-h i-cf\"><div class=\"g-cols vc_row via_grid cols_1 laptops-cols_inherit tablets-cols_inherit mobiles-cols_1 valign_top type_default stacking_default\"><div class=\"wpb_column vc_column_container\"><div class=\"vc_column-inner\"><div class=\"w-separator size_custom\" style=\"height:90px\"><\/div><\/div><\/div><\/div><\/div><\/section><section class=\"l-section wpb_row height_small color_alternate\"><div class=\"l-section-h i-cf\"><div class=\"g-cols vc_row via_grid cols_1 laptops-cols_inherit tablets-cols_inherit mobiles-cols_1 valign_top type_default stacking_default\"><div class=\"wpb_column vc_column_container\"><div class=\"vc_column-inner\"><div class=\"wpb_text_column breadcrumbs\"><div class=\"wpb_wrapper\"><div class=\"breadcrumb\" itemprop=\"breadcrumb\"><span><span><a href=\"https:\/\/www.plukon.be\/fr\/\">Home<\/a><\/span><\/span><\/div>\n<\/div><\/div><\/div><\/div><\/div><\/div><\/section><section class=\"l-section wpb_row height_small color_alternate\"><div class=\"l-section-h i-cf\"><div class=\"g-cols vc_row via_grid cols_custom laptops-cols_inherit tablets-cols_inherit mobiles-cols_1 valign_top type_default stacking_default\" style=\"--custom-columns:1fr 3.5fr 1.5fr \"><div class=\"wpb_column vc_column_container\"><div class=\"vc_column-inner\"><div class=\"w-separator size_custom\" style=\"height:32px\"><\/div><\/div><\/div><div class=\"wpb_column vc_column_container\"><div class=\"vc_column-inner\">[vc_custom_heading source=&#8221;post_title&#8221; font_container=&#8221;tag:h1|text_align:left&#8221; use_theme_fonts=&#8221;yes&#8221;]<div class=\"wpb_text_column\"><div class=\"wpb_wrapper\"><p>Entourer l\u2019animal et l\u2019\u00eatre humain d\u2019une bonne attention tourn\u00e9e vers l\u2019avenir. C\u2019est l\u00e0 notre motivation dans le domaine de l\u2019entrepreneuriat durable et socialement responsable. En cons\u00e9quence, nous faisons des progr\u00e8s consid\u00e9rables dans le domaine du bien-\u00eatre animal et de la production circulaire. Et nous sommes bons pour notre environnement et ce, \u00e0 tous \u00e9gards.<\/p>\n<h6>La durabilit\u00e9 offre des possibilit\u00e9s<\/h6>\n<p>La durabilit\u00e9 est synonyme d\u2019opportunit\u00e9s et de d\u00e9fis pour tous les acteurs de la cha\u00eene de la viande de volaille. Plukon incite les acteurs de la cha\u00eene \u00e0 r\u00e9agir activement aux d\u00e9veloppements pertinents du march\u00e9 et \u00e0 consacrer davantage d\u2019attention au bien-\u00eatre des animaux, \u00e0 la r\u00e9duction des antibiotiques et au d\u00e9veloppement d\u2019une production \u00e9co-\u00e9nerg\u00e9tique. Les poulets de chair forts et r\u00e9sistants sont \u00e0 la base d\u2019une cha\u00eene de viande de volaille saine et d\u2019une production alimentaire responsable.<\/p>\n<\/div><\/div><\/div><\/div><div class=\"wpb_column vc_column_container\"><div class=\"vc_column-inner\">[vc_raw_html el_class=&#8221;side-menu&#8221;]W3dwYl9jaGlsZHBhZ2VzXQ==[\/vc_raw_html]<\/div><\/div><\/div><\/div><\/section><section class=\"l-section wpb_row height_medium\" id=\"bottom\"><div class=\"l-section-h i-cf\"><div class=\"g-cols vc_row via_grid cols_1 laptops-cols_inherit tablets-cols_inherit mobiles-cols_1 valign_top type_default stacking_default\"><div class=\"wpb_column vc_column_container\"><div class=\"vc_column-inner\"><div class=\"w-separator size_small with_line width_default thick_2 style_solid color_border align_center\"><div class=\"w-separator-h\"><\/div><\/div><div class=\"g-cols wpb_row via_grid cols_2 laptops-cols_inherit tablets-cols_inherit mobiles-cols_1 valign_top type_default stacking_default\" style=\"--gap:3rem;\"><div class=\"wpb_column vc_column_container\"><div class=\"vc_column-inner\"><div class=\"w-actionbox text_only banner_click mvo-24 color_primary controls_right\"><div class=\"w-actionbox-text\"><h2 class=\"w-actionbox-title\">Rapport RSE 2024<\/h2><\/div><div class=\"w-actionbox-controls\"><a class=\"w-btn us-btn-style_4 icon_atright\" target=\"_blank\" rel=\"nofollow\" href=\"https:\/\/www.plukon.be\/wp-content\/uploads\/sites\/11\/2025\/09\/Plukon_Sustainability-Report-2024-FR_V2.pdf\"><span class=\"w-btn-label\">Lees meer<\/span><i class=\"fas fa-file\"><\/i><\/a><\/div><\/div><\/div><\/div><div class=\"wpb_column vc_column_container\"><div class=\"vc_column-inner\"><div class=\"w-actionbox us_custom_5b1d2870 text_only banner_click mvo-23 color_primary controls_right\"><div class=\"w-actionbox-text\"><h2 class=\"w-actionbox-title\">Rapport RSE 2023<\/h2><\/div><div class=\"w-actionbox-controls\"><a class=\"w-btn us-btn-style_4 icon_atright\" target=\"_blank\" rel=\"nofollow\" href=\"https:\/\/www.plukon.be\/wp-content\/uploads\/sites\/11\/2024\/12\/Plukon_MVO_rapport_2023_FR_V2-1-1.pdf\"><span class=\"w-btn-label\">Lees meer<\/span><i class=\"fas fa-file\"><\/i><\/a><\/div><\/div><\/div><\/div><\/div><div class=\"w-separator size_small with_line width_default thick_2 style_solid color_border align_center\"><div class=\"w-separator-h\"><\/div><\/div><div class=\"g-cols wpb_row via_grid cols_2 laptops-cols_inherit tablets-cols_inherit mobiles-cols_1 valign_top type_default stacking_default\" style=\"--gap:3rem;\"><div class=\"wpb_column vc_column_container\"><div class=\"vc_column-inner\"><div class=\"w-actionbox us_custom_c91b59e4 text_only banner_click mvo-2022 color_primary controls_right\"><div class=\"w-actionbox-text\"><h2 class=\"w-actionbox-title\">Rapport RSE 2022<\/h2><\/div><div class=\"w-actionbox-controls\"><a class=\"w-btn us-btn-style_4 icon_atright\" target=\"_blank\" rel=\"nofollow\" href=\"\/csr.pdf\"><span class=\"w-btn-label\">Lees meer<\/span><i class=\"fas fa-file\"><\/i><\/a><\/div><\/div><\/div><\/div><div class=\"wpb_column vc_column_container\"><div class=\"vc_column-inner\"><div class=\"w-actionbox mvo-17-18 text_only banner_click color_primary controls_right\"><div class=\"w-actionbox-text\"><h2 class=\"w-actionbox-title\">Rapport RSE 2017\/2018<\/h2><\/div><div class=\"w-actionbox-controls\"><a class=\"w-btn us-btn-style_4 icon_atright\" target=\" _blank\" rel=\"nofollow\" href=\"https:\/\/www.plukon.be\/wp-content\/uploads\/sites\/11\/2018\/10\/2017-0784-Plukon-MVO-verslag-FRA-v14_MP.pdf\"><span class=\"w-btn-label\">Lees meer<\/span><i class=\"fas fa-file\"><\/i><\/a><\/div><\/div><\/div><\/div><\/div><div class=\"w-separator size_small with_line width_default thick_2 style_solid color_border align_center\"><div class=\"w-separator-h\"><\/div><\/div><div class=\"g-cols wpb_row via_grid cols_2 laptops-cols_inherit tablets-cols_inherit mobiles-cols_1 valign_top type_default stacking_default\" style=\"--gap:3rem;\"><div class=\"wpb_column vc_column_container\"><div class=\"vc_column-inner\"><div class=\"w-actionbox wpic text_only banner_click color_primary controls_right\"><div class=\"w-actionbox-text\"><h2 class=\"w-actionbox-title\">Rapport ESR 2016<\/h2><\/div><div class=\"w-actionbox-controls\"><a class=\"w-btn us-btn-style_4 icon_atright\" target=\" _blank\" rel=\"nofollow\" href=\"https:\/\/www.plukon.be\/wp-content\/uploads\/sites\/11\/2018\/10\/2017-0784-Plukon-MVO-verslag-FRA-v14_MP.pdf\"><span class=\"w-btn-label\">Lees meer<\/span><i class=\"fas fa-file\"><\/i><\/a><\/div><\/div><\/div><\/div><div class=\"wpb_column vc_column_container\"><div class=\"vc_column-inner\"><\/div><\/div><\/div><div class=\"w-separator size_small with_line width_default thick_2 style_solid color_border align_center\"><div class=\"w-separator-h\"><\/div><\/div><\/div><\/div><\/div><\/div><\/section><section class=\"l-section wpb_row height_medium\"><div class=\"l-section-h i-cf\"><div class=\"g-cols vc_row via_grid cols_1 laptops-cols_inherit tablets-cols_inherit mobiles-cols_1 valign_top type_default stacking_default\"><div class=\"wpb_column vc_column_container\"><div class=\"vc_column-inner\"><div class=\"w-html\"><style>\n.mvo-23 h2 {\n    right: 14%;\n    bottom: 28%;\n    position: absolute;\n    font-size: 1.2em;\n    cursor: pointer;\n    z-index: 9999;\n    color: #fff !important;\n}\n\n.mvo-23 h2 {\n    color: #fff!Important;\n    font-size: 40px!Important;\n    text-align: center;\n}\n\n.mvo-23 {\n    background: url(https:\/\/www.plukon.be\/wp-content\/uploads\/sites\/11\/2024\/10\/MG_2216-2.jpeg)!important;\n    background-size: cover!important;\n    background-repeat: no-repeat!important;\n    background-position: center!important;\n    height: 360px;\n    z-index: 9!important;\n    \n}\n\n.mvo-23:before {\n    content: '\\f15b';\n    right: 30px;\n    bottom: 50px;\n    position: absolute;\n    font-size: 3em;\n    font-family: fontawesome;\n    font-weight: 100;\n    cursor: pointer;\n    z-index: 9999;\n    color: #fff !important;\n}\n<\/style><\/div><\/div><\/div><\/div><\/div><\/section>\n","protected":false},"excerpt":{"rendered":"Home [vc_custom_heading source=\"post_title\" font_container=\"tag:h1|text_align:left\" use_theme_fonts=\"yes\"]Entourer l\u2019animal et l\u2019\u00eatre humain d\u2019une bonne attention tourn\u00e9e vers l\u2019avenir. C\u2019est l\u00e0 notre motivation dans le domaine de l\u2019entrepreneuriat durable et socialement responsable. En cons\u00e9quence, nous faisons des progr\u00e8s consid\u00e9rables dans le domaine du bien-\u00eatre animal et de la production circulaire. Et nous sommes bons pour notre environnement et ce,...","protected":false},"author":1,"featured_media":2211,"parent":0,"menu_order":6,"comment_status":"closed","ping_status":"open","template":"","meta":{"_acf_changed":false,"footnotes":""},"class_list":["post-560","page","type-page","status-publish","has-post-thumbnail","hentry"],"acf":[],"yoast_head":"<!-- This site is optimized with the Yoast SEO plugin v27.4 - https:\/\/yoast.com\/product\/yoast-seo-wordpress\/ -->\n<title>Durabilit\u00e9 - Plukon.be<\/title>\n<meta name=\"robots\" content=\"index, follow, max-snippet:-1, max-image-preview:large, max-video-preview:-1\" \/>\n<link rel=\"canonical\" href=\"https:\/\/www.plukon.be\/fr\/durabilite\/\" \/>\n<meta property=\"og:locale\" content=\"fr_FR\" \/>\n<meta property=\"og:type\" content=\"article\" \/>\n<meta property=\"og:title\" content=\"Durabilit\u00e9 - Plukon.be\" \/>\n<meta property=\"og:url\" content=\"https:\/\/www.plukon.be\/fr\/durabilite\/\" \/>\n<meta property=\"og:site_name\" content=\"Plukon.be\" \/>\n<meta property=\"article:modified_time\" content=\"2025-09-12T12:43:18+00:00\" \/>\n<meta property=\"og:image\" content=\"https:\/\/www.plukon.be\/wp-content\/uploads\/sites\/11\/2018\/07\/Exterieur-kippenstal_5798-1-e1598450909165.jpg\" \/>\n\t<meta property=\"og:image:width\" content=\"1401\" \/>\n\t<meta property=\"og:image:height\" content=\"351\" \/>\n\t<meta property=\"og:image:type\" content=\"image\/jpeg\" \/>\n<meta name=\"twitter:card\" content=\"summary_large_image\" \/>\n<meta name=\"twitter:label1\" content=\"Dur\u00e9e de lecture est.\" \/>\n\t<meta name=\"twitter:data1\" content=\"4 minutes\" \/>\n<script type=\"application\/ld+json\" class=\"yoast-schema-graph\">{\"@context\":\"https:\\\/\\\/schema.org\",\"@graph\":[{\"@type\":\"WebPage\",\"@id\":\"https:\\\/\\\/www.plukon.be\\\/fr\\\/durabilite\\\/\",\"url\":\"https:\\\/\\\/www.plukon.be\\\/fr\\\/durabilite\\\/\",\"name\":\"Durabilit\u00e9 - Plukon.be\",\"isPartOf\":{\"@id\":\"https:\\\/\\\/www.plukon.be\\\/#website\"},\"primaryImageOfPage\":{\"@id\":\"https:\\\/\\\/www.plukon.be\\\/fr\\\/durabilite\\\/#primaryimage\"},\"image\":{\"@id\":\"https:\\\/\\\/www.plukon.be\\\/fr\\\/durabilite\\\/#primaryimage\"},\"thumbnailUrl\":\"https:\\\/\\\/www.plukon.be\\\/wp-content\\\/uploads\\\/sites\\\/11\\\/2018\\\/07\\\/Exterieur-kippenstal_5798-1-e1598450909165.jpg\",\"datePublished\":\"2018-09-07T13:35:54+00:00\",\"dateModified\":\"2025-09-12T12:43:18+00:00\",\"breadcrumb\":{\"@id\":\"https:\\\/\\\/www.plukon.be\\\/fr\\\/durabilite\\\/#breadcrumb\"},\"inLanguage\":\"fr-BE\",\"potentialAction\":[{\"@type\":\"ReadAction\",\"target\":[\"https:\\\/\\\/www.plukon.be\\\/fr\\\/durabilite\\\/\"]}]},{\"@type\":\"ImageObject\",\"inLanguage\":\"fr-BE\",\"@id\":\"https:\\\/\\\/www.plukon.be\\\/fr\\\/durabilite\\\/#primaryimage\",\"url\":\"https:\\\/\\\/www.plukon.be\\\/wp-content\\\/uploads\\\/sites\\\/11\\\/2018\\\/07\\\/Exterieur-kippenstal_5798-1-e1598450909165.jpg\",\"contentUrl\":\"https:\\\/\\\/www.plukon.be\\\/wp-content\\\/uploads\\\/sites\\\/11\\\/2018\\\/07\\\/Exterieur-kippenstal_5798-1-e1598450909165.jpg\",\"width\":1401,\"height\":351},{\"@type\":\"BreadcrumbList\",\"@id\":\"https:\\\/\\\/www.plukon.be\\\/fr\\\/durabilite\\\/#breadcrumb\",\"itemListElement\":[{\"@type\":\"ListItem\",\"position\":1,\"name\":\"Home\",\"item\":\"https:\\\/\\\/www.plukon.be\\\/fr\\\/\"},{\"@type\":\"ListItem\",\"position\":2,\"name\":\"Durabilit\u00e9\"}]},{\"@type\":\"WebSite\",\"@id\":\"https:\\\/\\\/www.plukon.be\\\/#website\",\"url\":\"https:\\\/\\\/www.plukon.be\\\/\",\"name\":\"Plukon Food Group\",\"description\":\"Forward Food Solutions\",\"publisher\":{\"@id\":\"https:\\\/\\\/www.plukon.be\\\/#organization\"},\"potentialAction\":[{\"@type\":\"SearchAction\",\"target\":{\"@type\":\"EntryPoint\",\"urlTemplate\":\"https:\\\/\\\/www.plukon.be\\\/?s={search_term_string}\"},\"query-input\":{\"@type\":\"PropertyValueSpecification\",\"valueRequired\":true,\"valueName\":\"search_term_string\"}}],\"inLanguage\":\"fr-BE\"},{\"@type\":\"Organization\",\"@id\":\"https:\\\/\\\/www.plukon.be\\\/#organization\",\"name\":\"Plukon Food Group\",\"url\":\"https:\\\/\\\/www.plukon.be\\\/\",\"logo\":{\"@type\":\"ImageObject\",\"inLanguage\":\"fr-BE\",\"@id\":\"https:\\\/\\\/www.plukon.be\\\/#\\\/schema\\\/logo\\\/image\\\/\",\"url\":\"https:\\\/\\\/www.plukon.be\\\/wp-content\\\/uploads\\\/sites\\\/11\\\/2018\\\/07\\\/logo_2x.png\",\"contentUrl\":\"https:\\\/\\\/www.plukon.be\\\/wp-content\\\/uploads\\\/sites\\\/11\\\/2018\\\/07\\\/logo_2x.png\",\"width\":412,\"height\":164,\"caption\":\"Plukon Food Group\"},\"image\":{\"@id\":\"https:\\\/\\\/www.plukon.be\\\/#\\\/schema\\\/logo\\\/image\\\/\"}}]}<\/script>\n<!-- \/ Yoast SEO plugin. -->","yoast_head_json":{"title":"Durabilit\u00e9 - Plukon.be","robots":{"index":"index","follow":"follow","max-snippet":"max-snippet:-1","max-image-preview":"max-image-preview:large","max-video-preview":"max-video-preview:-1"},"canonical":"https:\/\/www.plukon.be\/fr\/durabilite\/","og_locale":"fr_FR","og_type":"article","og_title":"Durabilit\u00e9 - Plukon.be","og_url":"https:\/\/www.plukon.be\/fr\/durabilite\/","og_site_name":"Plukon.be","article_modified_time":"2025-09-12T12:43:18+00:00","og_image":[{"width":1401,"height":351,"url":"https:\/\/www.plukon.be\/wp-content\/uploads\/sites\/11\/2018\/07\/Exterieur-kippenstal_5798-1-e1598450909165.jpg","type":"image\/jpeg"}],"twitter_card":"summary_large_image","twitter_misc":{"Dur\u00e9e de lecture est.":"4 minutes"},"schema":{"@context":"https:\/\/schema.org","@graph":[{"@type":"WebPage","@id":"https:\/\/www.plukon.be\/fr\/durabilite\/","url":"https:\/\/www.plukon.be\/fr\/durabilite\/","name":"Durabilit\u00e9 - Plukon.be","isPartOf":{"@id":"https:\/\/www.plukon.be\/#website"},"primaryImageOfPage":{"@id":"https:\/\/www.plukon.be\/fr\/durabilite\/#primaryimage"},"image":{"@id":"https:\/\/www.plukon.be\/fr\/durabilite\/#primaryimage"},"thumbnailUrl":"https:\/\/www.plukon.be\/wp-content\/uploads\/sites\/11\/2018\/07\/Exterieur-kippenstal_5798-1-e1598450909165.jpg","datePublished":"2018-09-07T13:35:54+00:00","dateModified":"2025-09-12T12:43:18+00:00","breadcrumb":{"@id":"https:\/\/www.plukon.be\/fr\/durabilite\/#breadcrumb"},"inLanguage":"fr-BE","potentialAction":[{"@type":"ReadAction","target":["https:\/\/www.plukon.be\/fr\/durabilite\/"]}]},{"@type":"ImageObject","inLanguage":"fr-BE","@id":"https:\/\/www.plukon.be\/fr\/durabilite\/#primaryimage","url":"https:\/\/www.plukon.be\/wp-content\/uploads\/sites\/11\/2018\/07\/Exterieur-kippenstal_5798-1-e1598450909165.jpg","contentUrl":"https:\/\/www.plukon.be\/wp-content\/uploads\/sites\/11\/2018\/07\/Exterieur-kippenstal_5798-1-e1598450909165.jpg","width":1401,"height":351},{"@type":"BreadcrumbList","@id":"https:\/\/www.plukon.be\/fr\/durabilite\/#breadcrumb","itemListElement":[{"@type":"ListItem","position":1,"name":"Home","item":"https:\/\/www.plukon.be\/fr\/"},{"@type":"ListItem","position":2,"name":"Durabilit\u00e9"}]},{"@type":"WebSite","@id":"https:\/\/www.plukon.be\/#website","url":"https:\/\/www.plukon.be\/","name":"Plukon Food Group","description":"Forward Food Solutions","publisher":{"@id":"https:\/\/www.plukon.be\/#organization"},"potentialAction":[{"@type":"SearchAction","target":{"@type":"EntryPoint","urlTemplate":"https:\/\/www.plukon.be\/?s={search_term_string}"},"query-input":{"@type":"PropertyValueSpecification","valueRequired":true,"valueName":"search_term_string"}}],"inLanguage":"fr-BE"},{"@type":"Organization","@id":"https:\/\/www.plukon.be\/#organization","name":"Plukon Food Group","url":"https:\/\/www.plukon.be\/","logo":{"@type":"ImageObject","inLanguage":"fr-BE","@id":"https:\/\/www.plukon.be\/#\/schema\/logo\/image\/","url":"https:\/\/www.plukon.be\/wp-content\/uploads\/sites\/11\/2018\/07\/logo_2x.png","contentUrl":"https:\/\/www.plukon.be\/wp-content\/uploads\/sites\/11\/2018\/07\/logo_2x.png","width":412,"height":164,"caption":"Plukon Food Group"},"image":{"@id":"https:\/\/www.plukon.be\/#\/schema\/logo\/image\/"}}]}},"publishpress_future_action":{"enabled":false,"date":"2026-04-28 10:12:48","action":"change-status","newStatus":"draft","terms":[],"taxonomy":"translation_priority","extraData":[]},"publishpress_future_workflow_manual_trigger":{"enabledWorkflows":[]},"_links":{"self":[{"href":"https:\/\/www.plukon.be\/fr\/wp-json\/wp\/v2\/pages\/560","targetHints":{"allow":["GET"]}}],"collection":[{"href":"https:\/\/www.plukon.be\/fr\/wp-json\/wp\/v2\/pages"}],"about":[{"href":"https:\/\/www.plukon.be\/fr\/wp-json\/wp\/v2\/types\/page"}],"author":[{"embeddable":true,"href":"https:\/\/www.plukon.be\/fr\/wp-json\/wp\/v2\/users\/1"}],"replies":[{"embeddable":true,"href":"https:\/\/www.plukon.be\/fr\/wp-json\/wp\/v2\/comments?post=560"}],"version-history":[{"count":37,"href":"https:\/\/www.plukon.be\/fr\/wp-json\/wp\/v2\/pages\/560\/revisions"}],"predecessor-version":[{"id":2407,"href":"https:\/\/www.plukon.be\/fr\/wp-json\/wp\/v2\/pages\/560\/revisions\/2407"}],"wp:featuredmedia":[{"embeddable":true,"href":"https:\/\/www.plukon.be\/fr\/wp-json\/wp\/v2\/media\/2211"}],"wp:attachment":[{"href":"https:\/\/www.plukon.be\/fr\/wp-json\/wp\/v2\/media?parent=560"}],"curies":[{"name":"wp","href":"https:\/\/api.w.org\/{rel}","templated":true}]}}