{"id":582,"date":"2018-09-07T13:45:15","date_gmt":"2018-09-07T13:45:15","guid":{"rendered":"http:\/\/be-www.plukon.fr\/travailler-chez-plukon\/"},"modified":"2020-01-08T11:57:28","modified_gmt":"2020-01-08T10:57:28","slug":"travailler-chez-plukon","status":"publish","type":"page","link":"https:\/\/www.plukon.be\/fr\/travailler-chez-plukon\/","title":{"rendered":"Travailler chez Plukon"},"content":{"rendered":"<section class=\"l-section wpb_row height_huge color_primary with_img parallax_ver\"><div class=\"l-section-img\" role=\"img\" data-img-width=\"1920\" data-img-height=\"1024\" style=\"background-image: url(https:\/\/www.plukon.be\/wp-content\/uploads\/sites\/11\/2019\/01\/hdr_vacaturesv3.jpg);\"><\/div><div class=\"l-section-h i-cf\"><div class=\"g-cols vc_row via_grid cols_1 laptops-cols_inherit tablets-cols_inherit mobiles-cols_1 valign_top type_default stacking_default\"><div class=\"wpb_column vc_column_container\"><div class=\"vc_column-inner\"><div class=\"w-separator size_custom\" style=\"height:90px\"><\/div><\/div><\/div><\/div><\/div><\/section><section class=\"l-section wpb_row height_small color_alternate\"><div class=\"l-section-h i-cf\"><div class=\"g-cols vc_row via_grid cols_1 laptops-cols_inherit tablets-cols_inherit mobiles-cols_1 valign_top type_default stacking_default\"><div class=\"wpb_column vc_column_container\"><div class=\"vc_column-inner\"><div class=\"wpb_text_column breadcrumbs\"><div class=\"wpb_wrapper\"><div class=\"breadcrumb\" itemprop=\"breadcrumb\"><span><span><a href=\"https:\/\/www.plukon.be\/fr\/\">Home<\/a><\/span><\/span><\/div>\n<\/div><\/div><\/div><\/div><\/div><\/div><\/section><section class=\"l-section wpb_row height_small color_alternate\"><div class=\"l-section-h i-cf\"><div class=\"g-cols vc_row via_grid cols_custom laptops-cols_inherit tablets-cols_inherit mobiles-cols_1 valign_top type_default stacking_default\" style=\"--custom-columns:1fr 3.5fr 1.5fr \"><div class=\"wpb_column vc_column_container\"><div class=\"vc_column-inner\"><div class=\"w-separator size_custom\" style=\"height:32px\"><\/div><\/div><\/div><div class=\"wpb_column vc_column_container\"><div class=\"vc_column-inner\">[vc_custom_heading text=&#8221;Travailler chez Plukon&#8221; font_container=&#8221;tag:h1|text_align:left&#8221; use_theme_fonts=&#8221;yes&#8221;]<div class=\"wpb_text_column\"><div class=\"wpb_wrapper\"><p>Chez Plukon, nous avons constamment des fonctions int\u00e9ressantes et ind\u00e9pendantes avec des activit\u00e9s vari\u00e9es. Si vous choisissez Plukon, vous travaillerez pour une entreprise innovante, pragmatique et saine ayant de l\u2019avenir. Vous recevrez d\u2019excellents avantages bas\u00e9s sur votre formation et votre exp\u00e9rience professionnelle. En outre, nous offrons suffisamment d\u2019opportunit\u00e9s aux employ\u00e9s pour se d\u00e9velopper et grandir. Affichez tous les postes vacants actuels ici.<\/p>\n<\/div><\/div><\/div><\/div><div class=\"wpb_column vc_column_container\"><div class=\"vc_column-inner\">[vc_raw_html]W3dwYl9jaGlsZHBhZ2VzXQ==[\/vc_raw_html]<\/div><\/div><\/div><\/div><\/section><section class=\"l-section wpb_row height_medium color_alternate\" id=\"bottom\"><div class=\"l-section-h i-cf\"><div class=\"g-cols vc_row via_grid cols_1 laptops-cols_inherit tablets-cols_inherit mobiles-cols_1 valign_top type_default stacking_default\"><div class=\"wpb_column vc_column_container\"><div class=\"vc_column-inner\"><div class=\"w-separator no-mobile size_custom\" style=\"height:100px\"><\/div><div class=\"ult-new-ib ult-ib-effect-style2 vag rounded_corner height-200 ult-ib-resp  \" data-min-width=\"768\" data-max-width=\"900\" style=\"background:#0a0a0a;\" data-opacity=\"0.8\" data-hover-opacity=\"1\" ><img decoding=\"async\" class=\"ult-new-ib-img\" style=\"opacity:0.8;\" alt=\"null\" src=\"http:\/\/www.plukon.nl\/wp-content\/uploads\/2018\/04\/bnr_vacatures.jpg\"   \/><div id=\"interactive-banner-wrap-7851\" class=\"ult-new-ib-desc\" style=\"\"><div class=\"ult-new-ib-title ult-responsive\"  data-ultimate-target='#interactive-banner-wrap-7851 .ult-new-ib-title'  data-responsive-json-new='{\"font-size\":\"\",\"line-height\":\"\"}'  style=\"font-weight:normal;\">Affichez tous les postes vacants actuels ici<\/div><\/div><a class=\"ult-new-ib-link\" href=\"\/fr\/travailler-chez-plukon\/offres-demploi\/\"  ><\/a><\/div><\/div><\/div><\/div><\/div><\/section>\n","protected":false},"excerpt":{"rendered":"Home [vc_custom_heading text=\"Travailler chez Plukon\" font_container=\"tag:h1|text_align:left\" use_theme_fonts=\"yes\"]Chez Plukon, nous avons constamment des fonctions int\u00e9ressantes et ind\u00e9pendantes avec des activit\u00e9s vari\u00e9es. Si vous choisissez Plukon, vous travaillerez pour une entreprise innovante, pragmatique et saine ayant de l\u2019avenir. Vous recevrez d\u2019excellents avantages bas\u00e9s sur votre formation et votre exp\u00e9rience professionnelle. En outre, nous offrons suffisamment d\u2019opportunit\u00e9s aux...","protected":false},"author":1,"featured_media":0,"parent":0,"menu_order":7,"comment_status":"closed","ping_status":"open","template":"","meta":{"_acf_changed":false,"footnotes":""},"class_list":["post-582","page","type-page","status-publish","hentry"],"acf":[],"yoast_head":"<!-- This site is optimized with the Yoast SEO plugin v27.4 - https:\/\/yoast.com\/product\/yoast-seo-wordpress\/ -->\n<title>Travailler chez Plukon - Plukon.be<\/title>\n<meta name=\"description\" content=\"Wil jij werken bij Plukon? Werken bij Plukon. Ontdek de mogelijkheden, vacatures, arbeidsvoorwaarden en traineeships \/ stages. Dat is werken bij Plukon\" \/>\n<meta name=\"robots\" content=\"index, follow, max-snippet:-1, max-image-preview:large, max-video-preview:-1\" \/>\n<link rel=\"canonical\" href=\"https:\/\/www.plukon.be\/fr\/travailler-chez-plukon\/\" \/>\n<meta property=\"og:locale\" content=\"fr_FR\" \/>\n<meta property=\"og:type\" content=\"article\" \/>\n<meta property=\"og:title\" content=\"Travailler chez Plukon - Plukon.be\" \/>\n<meta property=\"og:description\" content=\"Wil jij werken bij Plukon? Werken bij Plukon. Ontdek de mogelijkheden, vacatures, arbeidsvoorwaarden en traineeships \/ stages. Dat is werken bij Plukon\" \/>\n<meta property=\"og:url\" content=\"https:\/\/www.plukon.be\/fr\/travailler-chez-plukon\/\" \/>\n<meta property=\"og:site_name\" content=\"Plukon.be\" \/>\n<meta property=\"article:modified_time\" content=\"2020-01-08T10:57:28+00:00\" \/>\n<meta name=\"twitter:card\" content=\"summary_large_image\" \/>\n<meta name=\"twitter:label1\" content=\"Dur\u00e9e de lecture est.\" \/>\n\t<meta name=\"twitter:data1\" content=\"2 minutes\" \/>\n<script type=\"application\/ld+json\" class=\"yoast-schema-graph\">{\"@context\":\"https:\\\/\\\/schema.org\",\"@graph\":[{\"@type\":\"WebPage\",\"@id\":\"https:\\\/\\\/www.plukon.be\\\/fr\\\/travailler-chez-plukon\\\/\",\"url\":\"https:\\\/\\\/www.plukon.be\\\/fr\\\/travailler-chez-plukon\\\/\",\"name\":\"Travailler chez Plukon - Plukon.be\",\"isPartOf\":{\"@id\":\"https:\\\/\\\/www.plukon.be\\\/#website\"},\"datePublished\":\"2018-09-07T13:45:15+00:00\",\"dateModified\":\"2020-01-08T10:57:28+00:00\",\"description\":\"Wil jij werken bij Plukon? Werken bij Plukon. Ontdek de mogelijkheden, vacatures, arbeidsvoorwaarden en traineeships \\\/ stages. Dat is werken bij Plukon\",\"breadcrumb\":{\"@id\":\"https:\\\/\\\/www.plukon.be\\\/fr\\\/travailler-chez-plukon\\\/#breadcrumb\"},\"inLanguage\":\"fr-BE\",\"potentialAction\":[{\"@type\":\"ReadAction\",\"target\":[\"https:\\\/\\\/www.plukon.be\\\/fr\\\/travailler-chez-plukon\\\/\"]}]},{\"@type\":\"BreadcrumbList\",\"@id\":\"https:\\\/\\\/www.plukon.be\\\/fr\\\/travailler-chez-plukon\\\/#breadcrumb\",\"itemListElement\":[{\"@type\":\"ListItem\",\"position\":1,\"name\":\"Home\",\"item\":\"https:\\\/\\\/www.plukon.be\\\/fr\\\/\"},{\"@type\":\"ListItem\",\"position\":2,\"name\":\"Travailler chez Plukon\"}]},{\"@type\":\"WebSite\",\"@id\":\"https:\\\/\\\/www.plukon.be\\\/#website\",\"url\":\"https:\\\/\\\/www.plukon.be\\\/\",\"name\":\"Plukon Food Group\",\"description\":\"Forward Food Solutions\",\"publisher\":{\"@id\":\"https:\\\/\\\/www.plukon.be\\\/#organization\"},\"potentialAction\":[{\"@type\":\"SearchAction\",\"target\":{\"@type\":\"EntryPoint\",\"urlTemplate\":\"https:\\\/\\\/www.plukon.be\\\/?s={search_term_string}\"},\"query-input\":{\"@type\":\"PropertyValueSpecification\",\"valueRequired\":true,\"valueName\":\"search_term_string\"}}],\"inLanguage\":\"fr-BE\"},{\"@type\":\"Organization\",\"@id\":\"https:\\\/\\\/www.plukon.be\\\/#organization\",\"name\":\"Plukon Food Group\",\"url\":\"https:\\\/\\\/www.plukon.be\\\/\",\"logo\":{\"@type\":\"ImageObject\",\"inLanguage\":\"fr-BE\",\"@id\":\"https:\\\/\\\/www.plukon.be\\\/#\\\/schema\\\/logo\\\/image\\\/\",\"url\":\"https:\\\/\\\/www.plukon.be\\\/wp-content\\\/uploads\\\/sites\\\/11\\\/2018\\\/07\\\/logo_2x.png\",\"contentUrl\":\"https:\\\/\\\/www.plukon.be\\\/wp-content\\\/uploads\\\/sites\\\/11\\\/2018\\\/07\\\/logo_2x.png\",\"width\":412,\"height\":164,\"caption\":\"Plukon Food Group\"},\"image\":{\"@id\":\"https:\\\/\\\/www.plukon.be\\\/#\\\/schema\\\/logo\\\/image\\\/\"}}]}<\/script>\n<!-- \/ Yoast SEO plugin. -->","yoast_head_json":{"title":"Travailler chez Plukon - Plukon.be","description":"Wil jij werken bij Plukon? Werken bij Plukon. Ontdek de mogelijkheden, vacatures, arbeidsvoorwaarden en traineeships \/ stages. Dat is werken bij Plukon","robots":{"index":"index","follow":"follow","max-snippet":"max-snippet:-1","max-image-preview":"max-image-preview:large","max-video-preview":"max-video-preview:-1"},"canonical":"https:\/\/www.plukon.be\/fr\/travailler-chez-plukon\/","og_locale":"fr_FR","og_type":"article","og_title":"Travailler chez Plukon - Plukon.be","og_description":"Wil jij werken bij Plukon? Werken bij Plukon. Ontdek de mogelijkheden, vacatures, arbeidsvoorwaarden en traineeships \/ stages. Dat is werken bij Plukon","og_url":"https:\/\/www.plukon.be\/fr\/travailler-chez-plukon\/","og_site_name":"Plukon.be","article_modified_time":"2020-01-08T10:57:28+00:00","twitter_card":"summary_large_image","twitter_misc":{"Dur\u00e9e de lecture est.":"2 minutes"},"schema":{"@context":"https:\/\/schema.org","@graph":[{"@type":"WebPage","@id":"https:\/\/www.plukon.be\/fr\/travailler-chez-plukon\/","url":"https:\/\/www.plukon.be\/fr\/travailler-chez-plukon\/","name":"Travailler chez Plukon - Plukon.be","isPartOf":{"@id":"https:\/\/www.plukon.be\/#website"},"datePublished":"2018-09-07T13:45:15+00:00","dateModified":"2020-01-08T10:57:28+00:00","description":"Wil jij werken bij Plukon? Werken bij Plukon. Ontdek de mogelijkheden, vacatures, arbeidsvoorwaarden en traineeships \/ stages. Dat is werken bij Plukon","breadcrumb":{"@id":"https:\/\/www.plukon.be\/fr\/travailler-chez-plukon\/#breadcrumb"},"inLanguage":"fr-BE","potentialAction":[{"@type":"ReadAction","target":["https:\/\/www.plukon.be\/fr\/travailler-chez-plukon\/"]}]},{"@type":"BreadcrumbList","@id":"https:\/\/www.plukon.be\/fr\/travailler-chez-plukon\/#breadcrumb","itemListElement":[{"@type":"ListItem","position":1,"name":"Home","item":"https:\/\/www.plukon.be\/fr\/"},{"@type":"ListItem","position":2,"name":"Travailler chez Plukon"}]},{"@type":"WebSite","@id":"https:\/\/www.plukon.be\/#website","url":"https:\/\/www.plukon.be\/","name":"Plukon Food Group","description":"Forward Food Solutions","publisher":{"@id":"https:\/\/www.plukon.be\/#organization"},"potentialAction":[{"@type":"SearchAction","target":{"@type":"EntryPoint","urlTemplate":"https:\/\/www.plukon.be\/?s={search_term_string}"},"query-input":{"@type":"PropertyValueSpecification","valueRequired":true,"valueName":"search_term_string"}}],"inLanguage":"fr-BE"},{"@type":"Organization","@id":"https:\/\/www.plukon.be\/#organization","name":"Plukon Food Group","url":"https:\/\/www.plukon.be\/","logo":{"@type":"ImageObject","inLanguage":"fr-BE","@id":"https:\/\/www.plukon.be\/#\/schema\/logo\/image\/","url":"https:\/\/www.plukon.be\/wp-content\/uploads\/sites\/11\/2018\/07\/logo_2x.png","contentUrl":"https:\/\/www.plukon.be\/wp-content\/uploads\/sites\/11\/2018\/07\/logo_2x.png","width":412,"height":164,"caption":"Plukon Food Group"},"image":{"@id":"https:\/\/www.plukon.be\/#\/schema\/logo\/image\/"}}]}},"publishpress_future_action":{"enabled":false,"date":"2026-04-24 11:20:05","action":"change-status","newStatus":"draft","terms":[],"taxonomy":"translation_priority","extraData":[]},"publishpress_future_workflow_manual_trigger":{"enabledWorkflows":[]},"_links":{"self":[{"href":"https:\/\/www.plukon.be\/fr\/wp-json\/wp\/v2\/pages\/582","targetHints":{"allow":["GET"]}}],"collection":[{"href":"https:\/\/www.plukon.be\/fr\/wp-json\/wp\/v2\/pages"}],"about":[{"href":"https:\/\/www.plukon.be\/fr\/wp-json\/wp\/v2\/types\/page"}],"author":[{"embeddable":true,"href":"https:\/\/www.plukon.be\/fr\/wp-json\/wp\/v2\/users\/1"}],"replies":[{"embeddable":true,"href":"https:\/\/www.plukon.be\/fr\/wp-json\/wp\/v2\/comments?post=582"}],"version-history":[{"count":10,"href":"https:\/\/www.plukon.be\/fr\/wp-json\/wp\/v2\/pages\/582\/revisions"}],"predecessor-version":[{"id":1402,"href":"https:\/\/www.plukon.be\/fr\/wp-json\/wp\/v2\/pages\/582\/revisions\/1402"}],"wp:attachment":[{"href":"https:\/\/www.plukon.be\/fr\/wp-json\/wp\/v2\/media?parent=582"}],"curies":[{"name":"wp","href":"https:\/\/api.w.org\/{rel}","templated":true}]}}