{"id":603,"date":"2018-09-07T13:55:07","date_gmt":"2018-09-07T13:55:07","guid":{"rendered":"http:\/\/be-www.plukon.fr\/declaration-relative-a-lutilisation-de-cookies\/"},"modified":"2020-01-08T11:57:06","modified_gmt":"2020-01-08T10:57:06","slug":"declaration-relative-a-lutilisation-de-cookies","status":"publish","type":"page","link":"https:\/\/www.plukon.be\/fr\/declaration-relative-a-lutilisation-de-cookies\/","title":{"rendered":"D\u00e9claration relative \u00e0 l\u2019utilisation de cookies"},"content":{"rendered":"<section class=\"l-section wpb_row height_huge color_primary with_img parallax_ver\"><div class=\"l-section-img\" role=\"img\" data-img-width=\"1200\" data-img-height=\"640\" style=\"background-image: url(https:\/\/www.plukon.be\/wp-content\/uploads\/sites\/11\/2018\/07\/Header-Plukon-en-Innovatie-e1598450825247.jpg);\"><\/div><div class=\"l-section-h i-cf\"><div class=\"g-cols vc_row via_grid cols_1 laptops-cols_inherit tablets-cols_inherit mobiles-cols_1 valign_top type_default stacking_default\"><div class=\"wpb_column vc_column_container\"><div class=\"vc_column-inner\"><div class=\"w-separator size_custom\" style=\"height:90px\"><\/div><\/div><\/div><\/div><\/div><\/section><section class=\"l-section wpb_row height_small color_alternate\"><div class=\"l-section-h i-cf\"><div class=\"g-cols vc_row via_grid cols_1 laptops-cols_inherit tablets-cols_inherit mobiles-cols_1 valign_top type_default stacking_default\"><div class=\"wpb_column vc_column_container\"><div class=\"vc_column-inner\"><div class=\"wpb_text_column breadcrumbs\"><div class=\"wpb_wrapper\"><div class=\"breadcrumb\" itemprop=\"breadcrumb\"><span><span><a href=\"https:\/\/www.plukon.be\/fr\/\">Home<\/a><\/span><\/span><\/div>\n<\/div><\/div><\/div><\/div><\/div><\/div><\/section><section class=\"l-section wpb_row height_small color_alternate\"><div class=\"l-section-h i-cf\"><div class=\"g-cols vc_row via_grid cols_custom laptops-cols_inherit tablets-cols_inherit mobiles-cols_1 valign_top type_default stacking_default\" style=\"--custom-columns:1fr 3.5fr 1.5fr \"><div class=\"wpb_column vc_column_container\"><div class=\"vc_column-inner\"><div class=\"w-separator size_custom\" style=\"height:32px\"><\/div><\/div><\/div><div class=\"wpb_column vc_column_container\"><div class=\"vc_column-inner\">[vc_custom_heading source=&#8221;post_title&#8221; font_container=&#8221;tag:h1|text_align:left&#8221; use_theme_fonts=&#8221;yes&#8221;]<div class=\"wpb_text_column\"><div class=\"wpb_wrapper\"><p>Nous utilisons des cookies pour proposer nos services \u00e9lectroniques. Un cookie est un petit fichier simple qui est t\u00e9l\u00e9charg\u00e9 lors de l\u2019ouverture de pages de ce site web et stock\u00e9 par votre navigateur sur le disque dur de votre ordinateur. Les informations qui y sont enregistr\u00e9es peuvent \u00eatre envoy\u00e9es \u00e0 nouveau vers nos serveurs lors de votre visite suivante. Vous trouverez des compl\u00e9ments d\u2019informations \u00e0 ce sujet dans cette d\u00e9claration relative \u00e0 l\u2019utilisation de cookies. Nous n\u2019utilisons que des cookies fonctionnels et analytiques. Nous ne pla\u00e7ons pas de cookies de tra\u00e7age. Les cookies que nous pla\u00e7ons sont n\u00e9cessaires au bon fonctionnement de notre site web et \u00e0 la tenue \u00e0 jour de statistiques.<\/p>\n<p>Si vous avez des questions concernant le traitement de vos donn\u00e9es \u00e0 caract\u00e8re personnel, veuillez consulter notre d\u00e9claration de respect de la vie priv\u00e9e.<\/p>\n<h6>Boutons de partage sur r\u00e9seaux sociaux<\/h6>\n<p>Notre site web comporte des boutons permettant la promotion (\u00ab j\u2019aime \u00bb) ou le partage (\u00ab tweet \u00bb) de pages web sur des r\u00e9seaux sociaux tels que Facebook et LinkedIn. Ces boutons fonctionnent au moyen d\u2019\u00e9l\u00e9ments de codes provenant de Facebook et LinkedIn. Des cookies sont plac\u00e9s au moyen de ces codes. Nous n\u2019exer\u00e7ons aucune influence dans ce cadre. Veuillez consulter les d\u00e9clarations de respect de la vie priv\u00e9e de Facebook, LinkedIn et Google (susceptibles d\u2019\u00eatre r\u00e9guli\u00e8rement modifi\u00e9es) afin de savoir ce que ces entreprises font de vos donn\u00e9es et informations personnelles qu\u2019elles traitent par le biais de ces cookies. Les informations qu\u2019elles collectent sont rendues anonymes autant que possible. Ces informations sont transf\u00e9r\u00e9es sur des serveurs aux \u00c9tats-Unis et enregistr\u00e9es sur ces serveurs par Facebook, Google+ et LinkedIn. Ces parties respectent les principes Safe Harbor et sont membres du programme Safe Harbor du minist\u00e8re am\u00e9ricain du commerce. Cela signifie qu\u2019il existe un niveau de protection appropri\u00e9 pour le traitement d\u2019\u00e9ventuelles donn\u00e9es \u00e0 caract\u00e8re personnel.<\/p>\n<h6>Google Analytics<\/h6>\n<p>Lors de la visite de notre site web, un cookie de l\u2019entreprise am\u00e9ricaine Google est install\u00e9, dans le cadre de notre utilisation du service \u00ab Analytics \u00bb. Nous utilisons ce service pour obtenir un suivi et des comptes rendus concernant le mode d\u2019utilisation de notre site web par les visiteurs. Google peut remettre ces informations \u00e0 des tiers si elle y est contrainte par la loi ou si ces tiers assurent le traitement de ces informations au nom de Google. Nous n\u2019exer\u00e7ons aucun contr\u00f4le dans ce domaine. Nous n\u2019avons pas autoris\u00e9 Google \u00e0 utiliser les informations obtenues par Google Analytics pour d\u2019autres services de Google. Les informations que collecte Google sont rendues anonymes autant que possible. Votre adresse IP n\u2019est express\u00e9ment pas fournie. Les informations sont transf\u00e9r\u00e9es sur des serveurs aux \u00c9tats-Unis et enregistr\u00e9es par Google sur ces serveurs. Google d\u00e9clare respecter les principes Safe Harbor et elle est membre du programme Safe Harbor du minist\u00e8re am\u00e9ricain du commerce. Cela signifie qu\u2019il existe un niveau de protection appropri\u00e9 pour le traitement d\u2019\u00e9ventuelles donn\u00e9es \u00e0 caract\u00e8re personnel.<\/p>\n<h6>Droit de consultation et de correction ou de suppression de vos donn\u00e9es<\/h6>\n<p>Vous avez le droit de demander \u00e0 consulter vos donn\u00e9es et \u00e0 les faire corriger ou supprimer. Veuillez consulter pour cela notre d\u00e9claration de respect de la vie priv\u00e9e. Afin d\u2019\u00e9viter toute demande abusive, nous pouvons vous demander de prouver votre identit\u00e9 de mani\u00e8re ad\u00e9quate. Lorsqu\u2019il s\u2019agit de consulter des donn\u00e9es \u00e0 caract\u00e8re personnel associ\u00e9es \u00e0 un cookie, vous devez fournir une copie du cookie en question. Vous pouvez le trouver dans les param\u00e8tres de votre navigateur.<\/p>\n<h6>Activation, d\u00e9sactivation et suppression de cookies<\/h6>\n<p>Pour en savoir plus sur l\u2019activation et la d\u00e9sactivation des cookies et sur leur suppression, consultez les instructions de votre navigateur et \/ ou utilisez la fonction d\u2019aide du navigateur.<\/p>\n<h6>Compl\u00e9ments d\u2019informations sur les cookies<\/h6>\n<p>Pour en savoir plus sur les cookies, veuillez consulter le site web de l\u2019association n\u00e9erlandaise des consommateurs \u00ab Consumentenbond \u00bb : https:\/\/www.consumentenbond.nl\/internet-privacy\/wat-zijn-cookies.<\/p>\n<\/div><\/div><\/div><\/div><div class=\"wpb_column vc_column_container\"><div class=\"vc_column-inner\"><\/div><\/div><\/div><\/div><\/section>\n","protected":false},"excerpt":{"rendered":"Home [vc_custom_heading source=\"post_title\" font_container=\"tag:h1|text_align:left\" use_theme_fonts=\"yes\"]Nous utilisons des cookies pour proposer nos services \u00e9lectroniques. Un cookie est un petit fichier simple qui est t\u00e9l\u00e9charg\u00e9 lors de l\u2019ouverture de pages de ce site web et stock\u00e9 par votre navigateur sur le disque dur de votre ordinateur. Les informations qui y sont enregistr\u00e9es peuvent \u00eatre envoy\u00e9es \u00e0 nouveau...","protected":false},"author":1,"featured_media":0,"parent":0,"menu_order":13,"comment_status":"closed","ping_status":"open","template":"","meta":{"_acf_changed":false,"footnotes":""},"acf":[],"yoast_head":"<!-- This site is optimized with the Yoast SEO plugin v23.5 - https:\/\/yoast.com\/wordpress\/plugins\/seo\/ -->\n<title>D\u00e9claration relative \u00e0 l\u2019utilisation de cookies - Plukon.be<\/title>\n<meta name=\"robots\" content=\"index, follow, max-snippet:-1, max-image-preview:large, max-video-preview:-1\" \/>\n<link rel=\"canonical\" href=\"https:\/\/www.plukon.be\/fr\/declaration-relative-a-lutilisation-de-cookies\/\" \/>\n<meta property=\"og:locale\" content=\"fr_FR\" \/>\n<meta property=\"og:type\" content=\"article\" \/>\n<meta property=\"og:title\" content=\"D\u00e9claration relative \u00e0 l\u2019utilisation de cookies - Plukon.be\" \/>\n<meta property=\"og:url\" content=\"https:\/\/www.plukon.be\/fr\/declaration-relative-a-lutilisation-de-cookies\/\" \/>\n<meta property=\"og:site_name\" content=\"Plukon.be\" \/>\n<meta property=\"article:modified_time\" content=\"2020-01-08T10:57:06+00:00\" \/>\n<meta name=\"twitter:card\" content=\"summary_large_image\" \/>\n<meta name=\"twitter:label1\" content=\"Dur\u00e9e de lecture est.\" \/>\n\t<meta name=\"twitter:data1\" content=\"4 minutes\" \/>\n<script type=\"application\/ld+json\" class=\"yoast-schema-graph\">{\"@context\":\"https:\/\/schema.org\",\"@graph\":[{\"@type\":\"WebPage\",\"@id\":\"https:\/\/www.plukon.be\/fr\/declaration-relative-a-lutilisation-de-cookies\/\",\"url\":\"https:\/\/www.plukon.be\/fr\/declaration-relative-a-lutilisation-de-cookies\/\",\"name\":\"D\u00e9claration relative \u00e0 l\u2019utilisation de cookies - Plukon.be\",\"isPartOf\":{\"@id\":\"https:\/\/www.plukon.be\/#website\"},\"datePublished\":\"2018-09-07T13:55:07+00:00\",\"dateModified\":\"2020-01-08T10:57:06+00:00\",\"breadcrumb\":{\"@id\":\"https:\/\/www.plukon.be\/fr\/declaration-relative-a-lutilisation-de-cookies\/#breadcrumb\"},\"inLanguage\":\"fr-BE\",\"potentialAction\":[{\"@type\":\"ReadAction\",\"target\":[\"https:\/\/www.plukon.be\/fr\/declaration-relative-a-lutilisation-de-cookies\/\"]}]},{\"@type\":\"BreadcrumbList\",\"@id\":\"https:\/\/www.plukon.be\/fr\/declaration-relative-a-lutilisation-de-cookies\/#breadcrumb\",\"itemListElement\":[{\"@type\":\"ListItem\",\"position\":1,\"name\":\"Home\",\"item\":\"https:\/\/www.plukon.be\/fr\/\"},{\"@type\":\"ListItem\",\"position\":2,\"name\":\"D\u00e9claration relative \u00e0 l\u2019utilisation de cookies\"}]},{\"@type\":\"WebSite\",\"@id\":\"https:\/\/www.plukon.be\/#website\",\"url\":\"https:\/\/www.plukon.be\/\",\"name\":\"Plukon Food Group\",\"description\":\"Forward Food Solutions\",\"publisher\":{\"@id\":\"https:\/\/www.plukon.be\/#organization\"},\"potentialAction\":[{\"@type\":\"SearchAction\",\"target\":{\"@type\":\"EntryPoint\",\"urlTemplate\":\"https:\/\/www.plukon.be\/?s={search_term_string}\"},\"query-input\":{\"@type\":\"PropertyValueSpecification\",\"valueRequired\":true,\"valueName\":\"search_term_string\"}}],\"inLanguage\":\"fr-BE\"},{\"@type\":\"Organization\",\"@id\":\"https:\/\/www.plukon.be\/#organization\",\"name\":\"Plukon Food Group\",\"url\":\"https:\/\/www.plukon.be\/\",\"logo\":{\"@type\":\"ImageObject\",\"inLanguage\":\"fr-BE\",\"@id\":\"https:\/\/www.plukon.be\/#\/schema\/logo\/image\/\",\"url\":\"https:\/\/www.plukon.be\/wp-content\/uploads\/sites\/11\/2018\/07\/logo_2x.png\",\"contentUrl\":\"https:\/\/www.plukon.be\/wp-content\/uploads\/sites\/11\/2018\/07\/logo_2x.png\",\"width\":412,\"height\":164,\"caption\":\"Plukon Food Group\"},\"image\":{\"@id\":\"https:\/\/www.plukon.be\/#\/schema\/logo\/image\/\"}}]}<\/script>\n<!-- \/ Yoast SEO plugin. -->","yoast_head_json":{"title":"D\u00e9claration relative \u00e0 l\u2019utilisation de cookies - Plukon.be","robots":{"index":"index","follow":"follow","max-snippet":"max-snippet:-1","max-image-preview":"max-image-preview:large","max-video-preview":"max-video-preview:-1"},"canonical":"https:\/\/www.plukon.be\/fr\/declaration-relative-a-lutilisation-de-cookies\/","og_locale":"fr_FR","og_type":"article","og_title":"D\u00e9claration relative \u00e0 l\u2019utilisation de cookies - Plukon.be","og_url":"https:\/\/www.plukon.be\/fr\/declaration-relative-a-lutilisation-de-cookies\/","og_site_name":"Plukon.be","article_modified_time":"2020-01-08T10:57:06+00:00","twitter_card":"summary_large_image","twitter_misc":{"Dur\u00e9e de lecture est.":"4 minutes"},"schema":{"@context":"https:\/\/schema.org","@graph":[{"@type":"WebPage","@id":"https:\/\/www.plukon.be\/fr\/declaration-relative-a-lutilisation-de-cookies\/","url":"https:\/\/www.plukon.be\/fr\/declaration-relative-a-lutilisation-de-cookies\/","name":"D\u00e9claration relative \u00e0 l\u2019utilisation de cookies - Plukon.be","isPartOf":{"@id":"https:\/\/www.plukon.be\/#website"},"datePublished":"2018-09-07T13:55:07+00:00","dateModified":"2020-01-08T10:57:06+00:00","breadcrumb":{"@id":"https:\/\/www.plukon.be\/fr\/declaration-relative-a-lutilisation-de-cookies\/#breadcrumb"},"inLanguage":"fr-BE","potentialAction":[{"@type":"ReadAction","target":["https:\/\/www.plukon.be\/fr\/declaration-relative-a-lutilisation-de-cookies\/"]}]},{"@type":"BreadcrumbList","@id":"https:\/\/www.plukon.be\/fr\/declaration-relative-a-lutilisation-de-cookies\/#breadcrumb","itemListElement":[{"@type":"ListItem","position":1,"name":"Home","item":"https:\/\/www.plukon.be\/fr\/"},{"@type":"ListItem","position":2,"name":"D\u00e9claration relative \u00e0 l\u2019utilisation de cookies"}]},{"@type":"WebSite","@id":"https:\/\/www.plukon.be\/#website","url":"https:\/\/www.plukon.be\/","name":"Plukon Food Group","description":"Forward Food Solutions","publisher":{"@id":"https:\/\/www.plukon.be\/#organization"},"potentialAction":[{"@type":"SearchAction","target":{"@type":"EntryPoint","urlTemplate":"https:\/\/www.plukon.be\/?s={search_term_string}"},"query-input":{"@type":"PropertyValueSpecification","valueRequired":true,"valueName":"search_term_string"}}],"inLanguage":"fr-BE"},{"@type":"Organization","@id":"https:\/\/www.plukon.be\/#organization","name":"Plukon Food Group","url":"https:\/\/www.plukon.be\/","logo":{"@type":"ImageObject","inLanguage":"fr-BE","@id":"https:\/\/www.plukon.be\/#\/schema\/logo\/image\/","url":"https:\/\/www.plukon.be\/wp-content\/uploads\/sites\/11\/2018\/07\/logo_2x.png","contentUrl":"https:\/\/www.plukon.be\/wp-content\/uploads\/sites\/11\/2018\/07\/logo_2x.png","width":412,"height":164,"caption":"Plukon Food Group"},"image":{"@id":"https:\/\/www.plukon.be\/#\/schema\/logo\/image\/"}}]}},"publishpress_future_action":{"enabled":false,"date":"2026-04-24 09:27:00","action":"change-status","newStatus":"draft","terms":[],"taxonomy":"translation_priority"},"publishpress_future_workflow_manual_trigger":{"enabledWorkflows":[]},"_links":{"self":[{"href":"https:\/\/www.plukon.be\/fr\/wp-json\/wp\/v2\/pages\/603"}],"collection":[{"href":"https:\/\/www.plukon.be\/fr\/wp-json\/wp\/v2\/pages"}],"about":[{"href":"https:\/\/www.plukon.be\/fr\/wp-json\/wp\/v2\/types\/page"}],"author":[{"embeddable":true,"href":"https:\/\/www.plukon.be\/fr\/wp-json\/wp\/v2\/users\/1"}],"replies":[{"embeddable":true,"href":"https:\/\/www.plukon.be\/fr\/wp-json\/wp\/v2\/comments?post=603"}],"version-history":[{"count":4,"href":"https:\/\/www.plukon.be\/fr\/wp-json\/wp\/v2\/pages\/603\/revisions"}],"predecessor-version":[{"id":1399,"href":"https:\/\/www.plukon.be\/fr\/wp-json\/wp\/v2\/pages\/603\/revisions\/1399"}],"wp:attachment":[{"href":"https:\/\/www.plukon.be\/fr\/wp-json\/wp\/v2\/media?parent=603"}],"curies":[{"name":"wp","href":"https:\/\/api.w.org\/{rel}","templated":true}]}}