{"id":609,"date":"2018-09-07T14:06:30","date_gmt":"2018-09-07T14:06:30","guid":{"rendered":"http:\/\/be-www.plukon.fr\/conditions-dutilisation\/"},"modified":"2020-01-08T11:57:05","modified_gmt":"2020-01-08T10:57:05","slug":"conditions-dutilisation","status":"publish","type":"page","link":"https:\/\/www.plukon.be\/fr\/conditions-dutilisation\/","title":{"rendered":"Conditions d\u2019utilisation"},"content":{"rendered":"<section class=\"l-section wpb_row height_huge color_primary with_img parallax_ver\"><div class=\"l-section-img\" role=\"img\" style=\"background-image: url(https:\/\/www.plukon.be\/wp-content\/plugins\/us-core\/assets\/images\/placeholder.svg);\"><\/div><div class=\"l-section-h i-cf\"><div class=\"g-cols vc_row via_grid cols_1 laptops-cols_inherit tablets-cols_inherit mobiles-cols_1 valign_top type_default stacking_default\"><div class=\"wpb_column vc_column_container\"><div class=\"vc_column-inner\"><div class=\"w-separator size_custom\" style=\"height:90px\"><\/div><\/div><\/div><\/div><\/div><\/section><section class=\"l-section wpb_row height_small color_alternate\"><div class=\"l-section-h i-cf\"><div class=\"g-cols vc_row via_grid cols_1 laptops-cols_inherit tablets-cols_inherit mobiles-cols_1 valign_top type_default stacking_default\"><div class=\"wpb_column vc_column_container\"><div class=\"vc_column-inner\"><div class=\"wpb_text_column breadcrumbs\"><div class=\"wpb_wrapper\"><div class=\"breadcrumb\" itemprop=\"breadcrumb\"><span><span><a href=\"https:\/\/www.plukon.be\/fr\/\">Home<\/a><\/span><\/span><\/div>\n<\/div><\/div><\/div><\/div><\/div><\/div><\/section><section class=\"l-section wpb_row height_small color_alternate\"><div class=\"l-section-h i-cf\"><div class=\"g-cols vc_row via_grid cols_custom laptops-cols_inherit tablets-cols_inherit mobiles-cols_1 valign_top type_default stacking_default\" style=\"--custom-columns:1fr 3.5fr 1.5fr \"><div class=\"wpb_column vc_column_container\"><div class=\"vc_column-inner\"><div class=\"w-separator size_custom\" style=\"height:32px\"><\/div><\/div><\/div><div class=\"wpb_column vc_column_container\"><div class=\"vc_column-inner\">[vc_custom_heading source=&#8221;post_title&#8221; font_container=&#8221;tag:h1|text_align:left&#8221; use_theme_fonts=&#8221;yes&#8221;]<div class=\"wpb_text_column\"><div class=\"wpb_wrapper\"><p><b>Conditions g\u00e9n\u00e9rales d\u2019achat<\/b><\/p>\n<ul>\n<li><strong>NL<\/strong>: T\u00e9l\u00e9charger ici\u00a0<a href=\"\/wp-content\/uploads\/pdf\/algemene-inkoopvoorwaarden-nederlands-versie.pdf\" target=\"_blank\" rel=\"noopener\">les conditions en format PDF.\/a>.<\/li>\n<li><strong>EN<\/strong>: T\u00e9l\u00e9charger ici\u00a0<a href=\"\/wp-content\/uploads\/pdf\/algemene-inkoopvoorwaarden-engelstalige-versie.pdf\" target=\"_blank\" rel=\"noopener\">les conditions en format PDF.<\/a>.<\/li>\n<li><strong>DE<\/strong>: T\u00e9l\u00e9charger ici\u00a0<a href=\"\/wp-content\/uploads\/pdf\/algemene-inkoopvoorwaarden-duitstalige-versie.pdf\" target=\"_blank\" rel=\"noopener\">les conditions en format PDF.<\/a>.<\/li>\n<\/ul>\n<p><b>Conditions g\u00e9n\u00e9rales de vente et de livraison<\/b><\/p>\n<ul>\n<li><strong>NL<\/strong>: T\u00e9l\u00e9charger ici\u00a0<a href=\"\/wp-content\/uploads\/pdf\/algemene-verkoop-en-leveringsvoorwaarden-naar-nederlands-recht.pdf\" target=\"_blank\" rel=\"noopener\">les conditions en format PDF.<\/a>.<\/li>\n<li><strong>EN<\/strong>: T\u00e9l\u00e9charger ici\u00a0<a href=\"\/wp-content\/uploads\/pdf\/algemene-verkoop-en-leveringsvoorwaarden-naar-nederlands-recht-engelstalig.pdf\" target=\"_blank\" rel=\"noopener\">les conditions en format PDF.<\/a>.<\/li>\n<li><strong>DE<\/strong>: T\u00e9l\u00e9charger ici\u00a0<a href=\"\/wp-content\/uploads\/pdf\/algemene-verkoop-en-leveringsvoorwaarden-naar-nederlands-recht-duitstalig.pdf\" target=\"_blank\" rel=\"noopener\">les conditions en format PDF.<\/a>.<\/li>\n<li><strong>FR<\/strong>: T\u00e9l\u00e9charger ici\u00a0<a href=\"\/wp-content\/uploads\/pdf\/algemene-verkoop-en-leveringsvoorwaarden-naar-nederlands-recht-franstalig.pdf\" target=\"_blank\" rel=\"noopener\">les conditions en format PDF.<\/a>.<\/li>\n<\/ul>\n<\/div><\/div><\/div><\/div><div class=\"wpb_column vc_column_container\"><div class=\"vc_column-inner\"><\/div><\/div><\/div><\/div><\/section>\n","protected":false},"excerpt":{"rendered":"Home [vc_custom_heading source=\"post_title\" font_container=\"tag:h1|text_align:left\" use_theme_fonts=\"yes\"]Conditions g\u00e9n\u00e9rales d\u2019achat NL: T\u00e9l\u00e9charger ici\u00a0les conditions en format PDF.\/a>. EN: T\u00e9l\u00e9charger ici\u00a0les conditions en format PDF.. DE: T\u00e9l\u00e9charger ici\u00a0les conditions en format PDF.. Conditions g\u00e9n\u00e9rales de vente et de livraison NL: T\u00e9l\u00e9charger ici\u00a0les conditions en format PDF.. EN: T\u00e9l\u00e9charger ici\u00a0les conditions en format PDF.. DE: T\u00e9l\u00e9charger ici\u00a0les conditions en format...","protected":false},"author":1,"featured_media":0,"parent":0,"menu_order":17,"comment_status":"closed","ping_status":"open","template":"","meta":{"_acf_changed":false,"footnotes":""},"class_list":["post-609","page","type-page","status-publish","hentry"],"acf":[],"yoast_head":"<!-- This site is optimized with the Yoast SEO plugin v27.4 - https:\/\/yoast.com\/product\/yoast-seo-wordpress\/ -->\n<title>Conditions d\u2019utilisation - Plukon.be<\/title>\n<meta name=\"robots\" content=\"index, follow, max-snippet:-1, max-image-preview:large, max-video-preview:-1\" \/>\n<link rel=\"canonical\" href=\"https:\/\/www.plukon.be\/fr\/conditions-dutilisation\/\" \/>\n<meta property=\"og:locale\" content=\"fr_FR\" \/>\n<meta property=\"og:type\" content=\"article\" \/>\n<meta property=\"og:title\" content=\"Conditions d\u2019utilisation - Plukon.be\" \/>\n<meta property=\"og:url\" content=\"https:\/\/www.plukon.be\/fr\/conditions-dutilisation\/\" \/>\n<meta property=\"og:site_name\" content=\"Plukon.be\" \/>\n<meta property=\"article:modified_time\" content=\"2020-01-08T10:57:05+00:00\" \/>\n<meta name=\"twitter:card\" content=\"summary_large_image\" \/>\n<meta name=\"twitter:label1\" content=\"Dur\u00e9e de lecture est.\" \/>\n\t<meta name=\"twitter:data1\" content=\"1 minute\" \/>\n<script type=\"application\/ld+json\" class=\"yoast-schema-graph\">{\"@context\":\"https:\\\/\\\/schema.org\",\"@graph\":[{\"@type\":\"WebPage\",\"@id\":\"https:\\\/\\\/www.plukon.be\\\/fr\\\/conditions-dutilisation\\\/\",\"url\":\"https:\\\/\\\/www.plukon.be\\\/fr\\\/conditions-dutilisation\\\/\",\"name\":\"Conditions d\u2019utilisation - Plukon.be\",\"isPartOf\":{\"@id\":\"https:\\\/\\\/www.plukon.be\\\/#website\"},\"datePublished\":\"2018-09-07T14:06:30+00:00\",\"dateModified\":\"2020-01-08T10:57:05+00:00\",\"breadcrumb\":{\"@id\":\"https:\\\/\\\/www.plukon.be\\\/fr\\\/conditions-dutilisation\\\/#breadcrumb\"},\"inLanguage\":\"fr-BE\",\"potentialAction\":[{\"@type\":\"ReadAction\",\"target\":[\"https:\\\/\\\/www.plukon.be\\\/fr\\\/conditions-dutilisation\\\/\"]}]},{\"@type\":\"BreadcrumbList\",\"@id\":\"https:\\\/\\\/www.plukon.be\\\/fr\\\/conditions-dutilisation\\\/#breadcrumb\",\"itemListElement\":[{\"@type\":\"ListItem\",\"position\":1,\"name\":\"Home\",\"item\":\"https:\\\/\\\/www.plukon.be\\\/fr\\\/\"},{\"@type\":\"ListItem\",\"position\":2,\"name\":\"Conditions d\u2019utilisation\"}]},{\"@type\":\"WebSite\",\"@id\":\"https:\\\/\\\/www.plukon.be\\\/#website\",\"url\":\"https:\\\/\\\/www.plukon.be\\\/\",\"name\":\"Plukon Food Group\",\"description\":\"Forward Food Solutions\",\"publisher\":{\"@id\":\"https:\\\/\\\/www.plukon.be\\\/#organization\"},\"potentialAction\":[{\"@type\":\"SearchAction\",\"target\":{\"@type\":\"EntryPoint\",\"urlTemplate\":\"https:\\\/\\\/www.plukon.be\\\/?s={search_term_string}\"},\"query-input\":{\"@type\":\"PropertyValueSpecification\",\"valueRequired\":true,\"valueName\":\"search_term_string\"}}],\"inLanguage\":\"fr-BE\"},{\"@type\":\"Organization\",\"@id\":\"https:\\\/\\\/www.plukon.be\\\/#organization\",\"name\":\"Plukon Food Group\",\"url\":\"https:\\\/\\\/www.plukon.be\\\/\",\"logo\":{\"@type\":\"ImageObject\",\"inLanguage\":\"fr-BE\",\"@id\":\"https:\\\/\\\/www.plukon.be\\\/#\\\/schema\\\/logo\\\/image\\\/\",\"url\":\"https:\\\/\\\/www.plukon.be\\\/wp-content\\\/uploads\\\/sites\\\/11\\\/2018\\\/07\\\/logo_2x.png\",\"contentUrl\":\"https:\\\/\\\/www.plukon.be\\\/wp-content\\\/uploads\\\/sites\\\/11\\\/2018\\\/07\\\/logo_2x.png\",\"width\":412,\"height\":164,\"caption\":\"Plukon Food Group\"},\"image\":{\"@id\":\"https:\\\/\\\/www.plukon.be\\\/#\\\/schema\\\/logo\\\/image\\\/\"}}]}<\/script>\n<!-- \/ Yoast SEO plugin. -->","yoast_head_json":{"title":"Conditions d\u2019utilisation - Plukon.be","robots":{"index":"index","follow":"follow","max-snippet":"max-snippet:-1","max-image-preview":"max-image-preview:large","max-video-preview":"max-video-preview:-1"},"canonical":"https:\/\/www.plukon.be\/fr\/conditions-dutilisation\/","og_locale":"fr_FR","og_type":"article","og_title":"Conditions d\u2019utilisation - Plukon.be","og_url":"https:\/\/www.plukon.be\/fr\/conditions-dutilisation\/","og_site_name":"Plukon.be","article_modified_time":"2020-01-08T10:57:05+00:00","twitter_card":"summary_large_image","twitter_misc":{"Dur\u00e9e de lecture est.":"1 minute"},"schema":{"@context":"https:\/\/schema.org","@graph":[{"@type":"WebPage","@id":"https:\/\/www.plukon.be\/fr\/conditions-dutilisation\/","url":"https:\/\/www.plukon.be\/fr\/conditions-dutilisation\/","name":"Conditions d\u2019utilisation - Plukon.be","isPartOf":{"@id":"https:\/\/www.plukon.be\/#website"},"datePublished":"2018-09-07T14:06:30+00:00","dateModified":"2020-01-08T10:57:05+00:00","breadcrumb":{"@id":"https:\/\/www.plukon.be\/fr\/conditions-dutilisation\/#breadcrumb"},"inLanguage":"fr-BE","potentialAction":[{"@type":"ReadAction","target":["https:\/\/www.plukon.be\/fr\/conditions-dutilisation\/"]}]},{"@type":"BreadcrumbList","@id":"https:\/\/www.plukon.be\/fr\/conditions-dutilisation\/#breadcrumb","itemListElement":[{"@type":"ListItem","position":1,"name":"Home","item":"https:\/\/www.plukon.be\/fr\/"},{"@type":"ListItem","position":2,"name":"Conditions d\u2019utilisation"}]},{"@type":"WebSite","@id":"https:\/\/www.plukon.be\/#website","url":"https:\/\/www.plukon.be\/","name":"Plukon Food Group","description":"Forward Food Solutions","publisher":{"@id":"https:\/\/www.plukon.be\/#organization"},"potentialAction":[{"@type":"SearchAction","target":{"@type":"EntryPoint","urlTemplate":"https:\/\/www.plukon.be\/?s={search_term_string}"},"query-input":{"@type":"PropertyValueSpecification","valueRequired":true,"valueName":"search_term_string"}}],"inLanguage":"fr-BE"},{"@type":"Organization","@id":"https:\/\/www.plukon.be\/#organization","name":"Plukon Food Group","url":"https:\/\/www.plukon.be\/","logo":{"@type":"ImageObject","inLanguage":"fr-BE","@id":"https:\/\/www.plukon.be\/#\/schema\/logo\/image\/","url":"https:\/\/www.plukon.be\/wp-content\/uploads\/sites\/11\/2018\/07\/logo_2x.png","contentUrl":"https:\/\/www.plukon.be\/wp-content\/uploads\/sites\/11\/2018\/07\/logo_2x.png","width":412,"height":164,"caption":"Plukon Food Group"},"image":{"@id":"https:\/\/www.plukon.be\/#\/schema\/logo\/image\/"}}]}},"publishpress_future_action":{"enabled":false,"date":"2026-04-24 10:30:13","action":"change-status","newStatus":"draft","terms":[],"taxonomy":"translation_priority","extraData":[]},"publishpress_future_workflow_manual_trigger":{"enabledWorkflows":[]},"_links":{"self":[{"href":"https:\/\/www.plukon.be\/fr\/wp-json\/wp\/v2\/pages\/609","targetHints":{"allow":["GET"]}}],"collection":[{"href":"https:\/\/www.plukon.be\/fr\/wp-json\/wp\/v2\/pages"}],"about":[{"href":"https:\/\/www.plukon.be\/fr\/wp-json\/wp\/v2\/types\/page"}],"author":[{"embeddable":true,"href":"https:\/\/www.plukon.be\/fr\/wp-json\/wp\/v2\/users\/1"}],"replies":[{"embeddable":true,"href":"https:\/\/www.plukon.be\/fr\/wp-json\/wp\/v2\/comments?post=609"}],"version-history":[{"count":4,"href":"https:\/\/www.plukon.be\/fr\/wp-json\/wp\/v2\/pages\/609\/revisions"}],"predecessor-version":[{"id":1397,"href":"https:\/\/www.plukon.be\/fr\/wp-json\/wp\/v2\/pages\/609\/revisions\/1397"}],"wp:attachment":[{"href":"https:\/\/www.plukon.be\/fr\/wp-json\/wp\/v2\/media?parent=609"}],"curies":[{"name":"wp","href":"https:\/\/api.w.org\/{rel}","templated":true}]}}