{"id":612,"date":"2018-09-07T14:07:12","date_gmt":"2018-09-07T14:07:12","guid":{"rendered":"http:\/\/be-www.plukon.fr\/plan-du-site\/"},"modified":"2020-01-08T11:57:05","modified_gmt":"2020-01-08T10:57:05","slug":"plan-du-site","status":"publish","type":"page","link":"https:\/\/www.plukon.be\/fr\/plan-du-site\/","title":{"rendered":"Plan du site"},"content":{"rendered":"<section class=\"l-section wpb_row height_huge color_primary with_img parallax_ver\"><div class=\"l-section-img\" role=\"img\" style=\"background-image: url(https:\/\/www.plukon.be\/wp-content\/plugins\/us-core\/assets\/images\/placeholder.svg);\"><\/div><div class=\"l-section-h i-cf\"><div class=\"g-cols vc_row via_grid cols_1 laptops-cols_inherit tablets-cols_inherit mobiles-cols_1 valign_top type_default stacking_default\"><div class=\"wpb_column vc_column_container\"><div class=\"vc_column-inner\"><div class=\"w-separator size_custom\" style=\"height:90px\"><\/div><\/div><\/div><\/div><\/div><\/section><section class=\"l-section wpb_row height_small color_alternate\"><div class=\"l-section-h i-cf\"><div class=\"g-cols vc_row via_grid cols_1 laptops-cols_inherit tablets-cols_inherit mobiles-cols_1 valign_top type_default stacking_default\"><div class=\"wpb_column vc_column_container\"><div class=\"vc_column-inner\"><div class=\"wpb_text_column breadcrumbs\"><div class=\"wpb_wrapper\"><div class=\"breadcrumb\" itemprop=\"breadcrumb\"><span><span><a href=\"https:\/\/www.plukon.be\/fr\/\">Home<\/a><\/span><\/span><\/div>\n<\/div><\/div><\/div><\/div><\/div><\/div><\/section><section class=\"l-section wpb_row height_small color_alternate\"><div class=\"l-section-h i-cf\"><div class=\"g-cols vc_row via_grid cols_custom laptops-cols_inherit tablets-cols_inherit mobiles-cols_1 valign_top type_default stacking_default\" style=\"--custom-columns:1fr 3.5fr 1.5fr \"><div class=\"wpb_column vc_column_container\"><div class=\"vc_column-inner\"><div class=\"w-separator size_custom\" style=\"height:32px\"><\/div><\/div><\/div><div class=\"wpb_column vc_column_container\"><div class=\"vc_column-inner\">[vc_custom_heading source=&#8221;post_title&#8221; font_container=&#8221;tag:h1|text_align:left&#8221; use_theme_fonts=&#8221;yes&#8221;]<div class=\"wpb_text_column\"><div class=\"wpb_wrapper\">\n<!-- Page-list plugin v.5.6 wordpress.org\/plugins\/page-list\/ -->\n<ul class=\"page-list \">\n<li class=\"page_item page-item-1032\"><a href=\"https:\/\/www.plukon.be\/fr\/declaration-de-confidentialite\/\">D\u00e9claration de confidentialit\u00e9<\/a><\/li>\n<li class=\"page_item page-item-1866\"><a href=\"https:\/\/www.plukon.be\/fr\/happy2hire\/\">Happy2Hire<\/a><\/li>\n<li class=\"page_item page-item-1896\"><a href=\"https:\/\/www.plukon.be\/fr\/happy2hire\/merci\/\">Merci<\/a><\/li>\n<li class=\"page_item page-item-387\"><a href=\"https:\/\/www.plukon.be\/fr\/\">Home<\/a><\/li>\n<li class=\"page_item page-item-395 page_item_has_children\"><a href=\"https:\/\/www.plukon.be\/fr\/medias\/\">M\u00e9dias<\/a>\n<ul class='children'>\n\t<li class=\"page_item page-item-399\"><a href=\"https:\/\/www.plukon.be\/fr\/medias\/personne-de-contact\/\">Personne de contact<\/a><\/li>\n<\/ul>\n<\/li>\n<li class=\"page_item page-item-404 page_item_has_children\"><a href=\"https:\/\/www.plukon.be\/fr\/a-propos-de-plukon\/\">\u00c0 propos de Plukon<\/a>\n<ul class='children'>\n\t<li class=\"page_item page-item-434\"><a href=\"https:\/\/www.plukon.be\/fr\/a-propos-de-plukon\/innovation\/\">Innovation<\/a><\/li>\n\t<li class=\"page_item page-item-441\"><a href=\"https:\/\/www.plukon.be\/fr\/a-propos-de-plukon\/realisme\/\">R\u00e9alisme<\/a><\/li>\n\t<li class=\"page_item page-item-448\"><a href=\"https:\/\/www.plukon.be\/fr\/a-propos-de-plukon\/responsabilite\/\">Responsabilit\u00e9<\/a><\/li>\n\t<li class=\"page_item page-item-455\"><a href=\"https:\/\/www.plukon.be\/fr\/a-propos-de-plukon\/histoire\/\">Histoire<\/a><\/li>\n\t<li class=\"page_item page-item-2327\"><a href=\"https:\/\/www.plukon.be\/fr\/a-propos-de-plukon\/code-of-conduct\/\">Code of Conduct<\/a><\/li>\n<\/ul>\n<\/li>\n<li class=\"page_item page-item-462 page_item_has_children\"><a href=\"https:\/\/www.plukon.be\/fr\/aviculture\/\">Aviculture<\/a>\n<ul class='children'>\n\t<li class=\"page_item page-item-473\"><a href=\"https:\/\/www.plukon.be\/fr\/aviculture\/poulet-classique\/\">Poulet Classique<\/a><\/li>\n\t<li class=\"page_item page-item-485\"><a href=\"https:\/\/www.plukon.be\/fr\/aviculture\/poulet-eleve-en-plein-air\/\">Poulet \u00e9lev\u00e9 en plein air<\/a><\/li>\n\t<li class=\"page_item page-item-493\"><a href=\"https:\/\/www.plukon.be\/fr\/aviculture\/poulet-biologique\/\">Poulet biologique<\/a><\/li>\n<\/ul>\n<\/li>\n<li class=\"page_item page-item-501 page_item_has_children\"><a href=\"https:\/\/www.plukon.be\/fr\/certification-beter-leven\/\">Certification Beter Leven<\/a>\n<ul class='children'>\n\t<li class=\"page_item page-item-860\"><a href=\"https:\/\/www.plukon.be\/fr\/certification-beter-leven\/beter-leven-1-etoile\/\">Beter Leven 1 \u00e9toile<\/a><\/li>\n\t<li class=\"page_item page-item-864\"><a href=\"https:\/\/www.plukon.be\/fr\/certification-beter-leven\/beter-leven-2-etoiles\/\">Beter Leven 2 \u00e9toiles<\/a><\/li>\n\t<li class=\"page_item page-item-867\"><a href=\"https:\/\/www.plukon.be\/fr\/certification-beter-leven\/beter-leven-3-etoiles\/\">Beter Leven 3 \u00e9toiles<\/a><\/li>\n<\/ul>\n<\/li>\n<li class=\"page_item page-item-515 page_item_has_children\"><a href=\"https:\/\/www.plukon.be\/fr\/produits\/\">Produits<\/a>\n<ul class='children'>\n\t<li class=\"page_item page-item-524\"><a href=\"https:\/\/www.plukon.be\/fr\/produits\/produits-a-base-de-poulet\/\">Produits \u00e0 base de poulet<\/a><\/li>\n\t<li class=\"page_item page-item-538\"><a href=\"https:\/\/www.plukon.be\/fr\/produits\/concepts-de-repas\/\">Concepts de repas<\/a><\/li>\n\t<li class=\"page_item page-item-546\"><a href=\"https:\/\/www.plukon.be\/fr\/produits\/des-repas-faciles\/\">Des repas faciles<\/a><\/li>\n\t<li class=\"page_item page-item-532\"><a href=\"https:\/\/www.plukon.be\/fr\/produits\/cuisine-facile\/\">Cuisine facile<\/a><\/li>\n\t<li class=\"page_item page-item-552\"><a href=\"https:\/\/www.plukon.be\/fr\/produits\/innovations-de-produits\/\">Innovations de produits<\/a><\/li>\n\t<li class=\"page_item page-item-791\"><a href=\"https:\/\/www.plukon.be\/fr\/produits\/maiski\/\">Ma\u00efski<\/a><\/li>\n<\/ul>\n<\/li>\n<li class=\"page_item page-item-560 page_item_has_children\"><a href=\"https:\/\/www.plukon.be\/fr\/durabilite\/\">Durabilit\u00e9<\/a>\n<ul class='children'>\n\t<li class=\"page_item page-item-2366\"><a href=\"https:\/\/www.plukon.be\/fr\/durabilite\/rapport-rse-2024\">Rapport RSE 2024<\/a><\/li>\n\t<li class=\"page_item page-item-2208\"><a href=\"https:\/\/www.plukon.be\/fr\/durabilite\/rapport-rse-2023\">Rapport RSE 2023<\/a><\/li>\n\t<li class=\"page_item page-item-1786\"><a href=\"https:\/\/www.plukon.be\/fr\/durabilite\/rapport-rse-2022\/\">Rapport RSE 2022<\/a><\/li>\n<\/ul>\n<\/li>\n<li class=\"page_item page-item-582 page_item_has_children\"><a href=\"https:\/\/www.plukon.be\/fr\/travailler-chez-plukon\/\">Travailler chez Plukon<\/a>\n<ul class='children'>\n\t<li class=\"page_item page-item-588\"><a href=\"https:\/\/www.plukon.be\/fr\/travailler-chez-plukon\/offres-demploi\/\">Offres d\u2019emploi<\/a><\/li>\n<\/ul>\n<\/li>\n<li class=\"page_item page-item-594\"><a href=\"https:\/\/www.plukon.be\/fr\/contact\/\">Contact<\/a><\/li>\n<li class=\"page_item page-item-603\"><a href=\"https:\/\/www.plukon.be\/fr\/declaration-relative-a-lutilisation-de-cookies\/\">D\u00e9claration relative \u00e0 l\u2019utilisation de cookies<\/a><\/li>\n<li class=\"page_item page-item-606\"><a href=\"https:\/\/www.plukon.be\/fr\/mentions-legales\/\">Mentions l\u00e9gales<\/a><\/li>\n<li class=\"page_item page-item-609\"><a href=\"https:\/\/www.plukon.be\/fr\/conditions-dutilisation\/\">Conditions d\u2019utilisation<\/a><\/li>\n<li class=\"page_item page-item-612\"><a href=\"https:\/\/www.plukon.be\/fr\/plan-du-site\/\">Plan du site<\/a><\/li>\n\n<\/ul>\n<\/div><\/div><\/div><\/div><div class=\"wpb_column vc_column_container\"><div class=\"vc_column-inner\"><\/div><\/div><\/div><\/div><\/section>\n","protected":false},"excerpt":{"rendered":"Home [vc_custom_heading source=\"post_title\" font_container=\"tag:h1|text_align:left\" use_theme_fonts=\"yes\"] D\u00e9claration de confidentialit\u00e9 Happy2Hire Merci Home M\u00e9dias Personne de contact \u00c0 propos de Plukon Innovation R\u00e9alisme Responsabilit\u00e9 Histoire Code of Conduct Aviculture Poulet Classique Poulet \u00e9lev\u00e9 en plein air Poulet biologique Certification Beter Leven Beter Leven 1 \u00e9toile Beter Leven 2 \u00e9toiles Beter Leven 3 \u00e9toiles Produits Produits \u00e0 base...","protected":false},"author":1,"featured_media":0,"parent":0,"menu_order":18,"comment_status":"closed","ping_status":"open","template":"","meta":{"_acf_changed":false,"footnotes":""},"acf":[],"yoast_head":"<!-- This site is optimized with the Yoast SEO plugin v23.5 - https:\/\/yoast.com\/wordpress\/plugins\/seo\/ -->\n<title>Plan du site - Plukon.be<\/title>\n<meta name=\"robots\" content=\"index, follow, max-snippet:-1, max-image-preview:large, max-video-preview:-1\" \/>\n<link rel=\"canonical\" href=\"https:\/\/www.plukon.be\/fr\/plan-du-site\/\" \/>\n<meta property=\"og:locale\" content=\"fr_FR\" \/>\n<meta property=\"og:type\" content=\"article\" \/>\n<meta property=\"og:title\" content=\"Plan du site - Plukon.be\" \/>\n<meta property=\"og:url\" content=\"https:\/\/www.plukon.be\/fr\/plan-du-site\/\" \/>\n<meta property=\"og:site_name\" content=\"Plukon.be\" \/>\n<meta property=\"article:modified_time\" content=\"2020-01-08T10:57:05+00:00\" \/>\n<meta name=\"twitter:card\" content=\"summary_large_image\" \/>\n<meta name=\"twitter:label1\" content=\"Dur\u00e9e de lecture est.\" \/>\n\t<meta name=\"twitter:data1\" content=\"1 minute\" \/>\n<script type=\"application\/ld+json\" class=\"yoast-schema-graph\">{\"@context\":\"https:\/\/schema.org\",\"@graph\":[{\"@type\":\"WebPage\",\"@id\":\"https:\/\/www.plukon.be\/fr\/plan-du-site\/\",\"url\":\"https:\/\/www.plukon.be\/fr\/plan-du-site\/\",\"name\":\"Plan du site - Plukon.be\",\"isPartOf\":{\"@id\":\"https:\/\/www.plukon.be\/#website\"},\"datePublished\":\"2018-09-07T14:07:12+00:00\",\"dateModified\":\"2020-01-08T10:57:05+00:00\",\"breadcrumb\":{\"@id\":\"https:\/\/www.plukon.be\/fr\/plan-du-site\/#breadcrumb\"},\"inLanguage\":\"fr-BE\",\"potentialAction\":[{\"@type\":\"ReadAction\",\"target\":[\"https:\/\/www.plukon.be\/fr\/plan-du-site\/\"]}]},{\"@type\":\"BreadcrumbList\",\"@id\":\"https:\/\/www.plukon.be\/fr\/plan-du-site\/#breadcrumb\",\"itemListElement\":[{\"@type\":\"ListItem\",\"position\":1,\"name\":\"Home\",\"item\":\"https:\/\/www.plukon.be\/fr\/\"},{\"@type\":\"ListItem\",\"position\":2,\"name\":\"Plan du site\"}]},{\"@type\":\"WebSite\",\"@id\":\"https:\/\/www.plukon.be\/#website\",\"url\":\"https:\/\/www.plukon.be\/\",\"name\":\"Plukon Food Group\",\"description\":\"Forward Food Solutions\",\"publisher\":{\"@id\":\"https:\/\/www.plukon.be\/#organization\"},\"potentialAction\":[{\"@type\":\"SearchAction\",\"target\":{\"@type\":\"EntryPoint\",\"urlTemplate\":\"https:\/\/www.plukon.be\/?s={search_term_string}\"},\"query-input\":{\"@type\":\"PropertyValueSpecification\",\"valueRequired\":true,\"valueName\":\"search_term_string\"}}],\"inLanguage\":\"fr-BE\"},{\"@type\":\"Organization\",\"@id\":\"https:\/\/www.plukon.be\/#organization\",\"name\":\"Plukon Food Group\",\"url\":\"https:\/\/www.plukon.be\/\",\"logo\":{\"@type\":\"ImageObject\",\"inLanguage\":\"fr-BE\",\"@id\":\"https:\/\/www.plukon.be\/#\/schema\/logo\/image\/\",\"url\":\"https:\/\/www.plukon.be\/wp-content\/uploads\/sites\/11\/2018\/07\/logo_2x.png\",\"contentUrl\":\"https:\/\/www.plukon.be\/wp-content\/uploads\/sites\/11\/2018\/07\/logo_2x.png\",\"width\":412,\"height\":164,\"caption\":\"Plukon Food Group\"},\"image\":{\"@id\":\"https:\/\/www.plukon.be\/#\/schema\/logo\/image\/\"}}]}<\/script>\n<!-- \/ Yoast SEO plugin. -->","yoast_head_json":{"title":"Plan du site - Plukon.be","robots":{"index":"index","follow":"follow","max-snippet":"max-snippet:-1","max-image-preview":"max-image-preview:large","max-video-preview":"max-video-preview:-1"},"canonical":"https:\/\/www.plukon.be\/fr\/plan-du-site\/","og_locale":"fr_FR","og_type":"article","og_title":"Plan du site - Plukon.be","og_url":"https:\/\/www.plukon.be\/fr\/plan-du-site\/","og_site_name":"Plukon.be","article_modified_time":"2020-01-08T10:57:05+00:00","twitter_card":"summary_large_image","twitter_misc":{"Dur\u00e9e de lecture est.":"1 minute"},"schema":{"@context":"https:\/\/schema.org","@graph":[{"@type":"WebPage","@id":"https:\/\/www.plukon.be\/fr\/plan-du-site\/","url":"https:\/\/www.plukon.be\/fr\/plan-du-site\/","name":"Plan du site - Plukon.be","isPartOf":{"@id":"https:\/\/www.plukon.be\/#website"},"datePublished":"2018-09-07T14:07:12+00:00","dateModified":"2020-01-08T10:57:05+00:00","breadcrumb":{"@id":"https:\/\/www.plukon.be\/fr\/plan-du-site\/#breadcrumb"},"inLanguage":"fr-BE","potentialAction":[{"@type":"ReadAction","target":["https:\/\/www.plukon.be\/fr\/plan-du-site\/"]}]},{"@type":"BreadcrumbList","@id":"https:\/\/www.plukon.be\/fr\/plan-du-site\/#breadcrumb","itemListElement":[{"@type":"ListItem","position":1,"name":"Home","item":"https:\/\/www.plukon.be\/fr\/"},{"@type":"ListItem","position":2,"name":"Plan du site"}]},{"@type":"WebSite","@id":"https:\/\/www.plukon.be\/#website","url":"https:\/\/www.plukon.be\/","name":"Plukon Food Group","description":"Forward Food Solutions","publisher":{"@id":"https:\/\/www.plukon.be\/#organization"},"potentialAction":[{"@type":"SearchAction","target":{"@type":"EntryPoint","urlTemplate":"https:\/\/www.plukon.be\/?s={search_term_string}"},"query-input":{"@type":"PropertyValueSpecification","valueRequired":true,"valueName":"search_term_string"}}],"inLanguage":"fr-BE"},{"@type":"Organization","@id":"https:\/\/www.plukon.be\/#organization","name":"Plukon Food Group","url":"https:\/\/www.plukon.be\/","logo":{"@type":"ImageObject","inLanguage":"fr-BE","@id":"https:\/\/www.plukon.be\/#\/schema\/logo\/image\/","url":"https:\/\/www.plukon.be\/wp-content\/uploads\/sites\/11\/2018\/07\/logo_2x.png","contentUrl":"https:\/\/www.plukon.be\/wp-content\/uploads\/sites\/11\/2018\/07\/logo_2x.png","width":412,"height":164,"caption":"Plukon Food Group"},"image":{"@id":"https:\/\/www.plukon.be\/#\/schema\/logo\/image\/"}}]}},"publishpress_future_action":{"enabled":false,"date":"2026-04-24 09:16:07","action":"change-status","newStatus":"draft","terms":[],"taxonomy":"translation_priority"},"publishpress_future_workflow_manual_trigger":{"enabledWorkflows":[]},"_links":{"self":[{"href":"https:\/\/www.plukon.be\/fr\/wp-json\/wp\/v2\/pages\/612"}],"collection":[{"href":"https:\/\/www.plukon.be\/fr\/wp-json\/wp\/v2\/pages"}],"about":[{"href":"https:\/\/www.plukon.be\/fr\/wp-json\/wp\/v2\/types\/page"}],"author":[{"embeddable":true,"href":"https:\/\/www.plukon.be\/fr\/wp-json\/wp\/v2\/users\/1"}],"replies":[{"embeddable":true,"href":"https:\/\/www.plukon.be\/fr\/wp-json\/wp\/v2\/comments?post=612"}],"version-history":[{"count":3,"href":"https:\/\/www.plukon.be\/fr\/wp-json\/wp\/v2\/pages\/612\/revisions"}],"predecessor-version":[{"id":1396,"href":"https:\/\/www.plukon.be\/fr\/wp-json\/wp\/v2\/pages\/612\/revisions\/1396"}],"wp:attachment":[{"href":"https:\/\/www.plukon.be\/fr\/wp-json\/wp\/v2\/media?parent=612"}],"curies":[{"name":"wp","href":"https:\/\/api.w.org\/{rel}","templated":true}]}}