{"id":791,"date":"2018-10-17T16:19:21","date_gmt":"2018-10-17T15:19:21","guid":{"rendered":"http:\/\/be-www.plukon.fr\/?page_id=791"},"modified":"2020-01-08T11:57:03","modified_gmt":"2020-01-08T10:57:03","slug":"maiski","status":"publish","type":"page","link":"https:\/\/www.plukon.be\/fr\/produits\/maiski\/","title":{"rendered":"Ma\u00efski"},"content":{"rendered":"<section class=\"l-section wpb_row height_huge color_primary with_img parallax_ver\" id=\"bgpos\"><div class=\"l-section-img\" role=\"img\" data-img-width=\"1920\" data-img-height=\"1007\" style=\"background-image: url(https:\/\/www.plukon.be\/wp-content\/uploads\/sites\/11\/2018\/07\/hdr_pluimveehouderijen.jpg);\"><\/div><div class=\"l-section-h i-cf\"><div class=\"g-cols vc_row via_grid cols_1 laptops-cols_inherit tablets-cols_inherit mobiles-cols_1 valign_top type_default stacking_default\"><div class=\"wpb_column vc_column_container\"><div class=\"vc_column-inner\"><div class=\"w-separator size_custom\" style=\"height:90px\"><\/div><\/div><\/div><\/div><\/div><\/section><section class=\"l-section wpb_row height_small color_alternate\"><div class=\"l-section-h i-cf\"><div class=\"g-cols vc_row via_grid cols_1 laptops-cols_inherit tablets-cols_inherit mobiles-cols_1 valign_top type_default stacking_default\"><div class=\"wpb_column vc_column_container\"><div class=\"vc_column-inner\"><div class=\"wpb_text_column breadcrumbs\"><div class=\"wpb_wrapper\"><div class=\"breadcrumb\" itemprop=\"breadcrumb\"><span><span><a href=\"https:\/\/www.plukon.be\/fr\/\">Home<\/a><\/span><\/span><\/div>\n<\/div><\/div><\/div><\/div><\/div><\/div><\/section><section class=\"l-section wpb_row height_small color_alternate\"><div class=\"l-section-h i-cf\"><div class=\"g-cols vc_row via_grid cols_custom laptops-cols_inherit tablets-cols_inherit mobiles-cols_1 valign_top type_default stacking_default\" style=\"--custom-columns:1fr 3.5fr 1.5fr \"><div class=\"wpb_column vc_column_container\"><div class=\"vc_column-inner\"><div class=\"w-separator size_custom\" style=\"height:32px\"><\/div><\/div><\/div><div class=\"wpb_column vc_column_container\"><div class=\"vc_column-inner\">[vc_custom_heading source=&#8221;post_title&#8221; font_container=&#8221;tag:h1|text_align:left&#8221; use_theme_fonts=&#8221;yes&#8221;]<div class=\"wpb_text_column\"><div class=\"wpb_wrapper\"><p>Ma\u00efski est une des marques de poulet les plus connues en Belgique et b\u00e9n\u00e9ficie d&#8217;une excellente r\u00e9putation. Sous la marque Ma\u00efski, Plukon livre des plats pr\u00eats \u00e0 consommer frais, des sauces et produits \u00e0 base de poulet, de dinde et de poisson.<\/p>\n<p>Afin de r\u00e9pondre \u00e0 une demande croissante de plats pr\u00e9par\u00e9s, Ma\u00efski s&#8217;est sp\u00e9cialis\u00e9 dans les produits de qualit\u00e9 faciles \u00e0 pr\u00e9parer, avec une offre vari\u00e9e de poulet, de pr\u00e9parations crues et produits pr\u00e9cuits, de repas pr\u00eats \u00e0 consommer et de sauces culinaires. La plupart des produits sont pr\u00e9par\u00e9s \u00e0 Olen, le reste est pr\u00e9par\u00e9 dans d&#8217;autres \u00e9tablissements de Plukon Food Group.<\/p>\n<p>Plukon Convenience Olen est, comme chaque site de production au sein de Plukon Food Group, dirig\u00e9 comme une entreprise ind\u00e9pendante avec sa propre sp\u00e9cialisation : les plats pr\u00e9par\u00e9s.<\/p>\n<\/div><\/div><div class=\"g-cols wpb_row via_grid cols_3 laptops-cols_inherit tablets-cols_inherit mobiles-cols_1 valign_top type_default stacking_default\" style=\"--gap:3rem;\"><div class=\"wpb_column vc_column_container\"><div class=\"vc_column-inner\"><div class=\"w-image align_none\"><div class=\"w-image-h\"><img loading=\"lazy\" decoding=\"async\" width=\"1024\" height=\"538\" src=\"https:\/\/www.plukon.be\/wp-content\/uploads\/sites\/11\/2018\/09\/Maiski-1024x538.png\" class=\"attachment-large size-large\" alt=\"\" srcset=\"https:\/\/www.plukon.be\/wp-content\/uploads\/sites\/11\/2018\/09\/Maiski-1024x538.png 1024w, https:\/\/www.plukon.be\/wp-content\/uploads\/sites\/11\/2018\/09\/Maiski-300x158.png 300w, https:\/\/www.plukon.be\/wp-content\/uploads\/sites\/11\/2018\/09\/Maiski-768x403.png 768w, https:\/\/www.plukon.be\/wp-content\/uploads\/sites\/11\/2018\/09\/Maiski-600x315.png 600w, https:\/\/www.plukon.be\/wp-content\/uploads\/sites\/11\/2018\/09\/Maiski.png 1200w\" sizes=\"auto, (max-width: 1024px) 100vw, 1024px\" \/><\/div><\/div><\/div><\/div><div class=\"wpb_column vc_column_container\"><div class=\"vc_column-inner\"><\/div><\/div><div class=\"wpb_column vc_column_container\"><div class=\"vc_column-inner\"><\/div><\/div><\/div><\/div><\/div><div class=\"wpb_column vc_column_container\"><div class=\"vc_column-inner\">[vc_raw_html el_class=&#8221;side-menu&#8221;]W3dwYl9jaGlsZHBhZ2VzXQ==[\/vc_raw_html]<\/div><\/div><\/div><\/div><\/section><section class=\"l-section wpb_row height_medium\"><div class=\"l-section-h i-cf\"><div class=\"g-cols vc_row via_grid cols_1 laptops-cols_inherit tablets-cols_inherit mobiles-cols_1 valign_top type_default stacking_default\"><div class=\"wpb_column vc_column_container\"><div class=\"vc_column-inner\"><div class=\"g-cols wpb_row via_grid cols_2 laptops-cols_inherit tablets-cols_inherit mobiles-cols_1 valign_top type_default stacking_default\" style=\"--gap:3rem;\"><div class=\"wpb_column vc_column_container\"><div class=\"vc_column-inner\"><div class=\"ult-new-ib ult-ib-effect-style15 vag rounded_corner height-300 thin ult-ib-resp  \" data-min-width=\"768\" data-max-width=\"900\" style=\"background:#000000;\" data-opacity=\"1\" data-hover-opacity=\"0.9\" ><img decoding=\"async\" class=\"ult-new-ib-img\" style=\"opacity:1;\" alt=\"null\" src=\"https:\/\/www.plukon.be\/wp-content\/uploads\/sites\/11\/2018\/09\/DijonnaiseSaus-uitgesneden-1.jpg\"   \/><div id=\"interactive-banner-wrap-2088\" class=\"ult-new-ib-desc\" style=\"\"><div class=\"ult-new-ib-title ult-responsive\"  data-ultimate-target='#interactive-banner-wrap-2088 .ult-new-ib-title'  data-responsive-json-new='{\"font-size\":\"\",\"line-height\":\"\"}'  style=\"font-weight:normal;\">sauce dijonnaise<\/div><\/div><a class=\"ult-new-ib-link\"  ><\/a><\/div><\/div><\/div><div class=\"wpb_column vc_column_container\"><div class=\"vc_column-inner\"><div class=\"ult-new-ib ult-ib-effect-style15 vag rounded_corner height-300 thin ult-ib-resp  \" data-min-width=\"768\" data-max-width=\"900\" style=\"background:#000000;\" data-opacity=\"1\" data-hover-opacity=\"0.9\" ><img decoding=\"async\" class=\"ult-new-ib-img\" style=\"opacity:1;\" alt=\"null\" src=\"https:\/\/www.plukon.be\/wp-content\/uploads\/sites\/11\/2018\/09\/MAISKI-SAUSEN_00023_uitgesneden-e1598451060982.jpg\"   \/><div id=\"interactive-banner-wrap-5487\" class=\"ult-new-ib-desc\" style=\"\"><div class=\"ult-new-ib-title ult-responsive\"  data-ultimate-target='#interactive-banner-wrap-5487 .ult-new-ib-title'  data-responsive-json-new='{\"font-size\":\"\",\"line-height\":\"\"}'  style=\"font-weight:normal;\">sauces Ma\u00efski<\/div><\/div><a class=\"ult-new-ib-link\"  ><\/a><\/div><\/div><\/div><\/div><div class=\"g-cols wpb_row via_grid cols_2 laptops-cols_inherit tablets-cols_inherit mobiles-cols_1 valign_top type_default stacking_default\" style=\"--gap:3rem;\"><div class=\"wpb_column vc_column_container\"><div class=\"vc_column-inner\"><div class=\"ult-new-ib ult-ib-effect-style15 vag rounded_corner height-300 ult-ib-resp  \" data-min-width=\"768\" data-max-width=\"900\" style=\"background:#000000;\" data-opacity=\"1\" data-hover-opacity=\"0.9\" ><img decoding=\"async\" class=\"ult-new-ib-img\" style=\"opacity:1;\" alt=\"null\" src=\"https:\/\/www.plukon.be\/wp-content\/uploads\/sites\/11\/2018\/09\/BOSCHAMPIGNONROOMSAUS-00026-uitgesneden.jpg\"   \/><div id=\"interactive-banner-wrap-1791\" class=\"ult-new-ib-desc\" style=\"\"><div class=\"ult-new-ib-title ult-responsive\"  data-ultimate-target='#interactive-banner-wrap-1791 .ult-new-ib-title'  data-responsive-json-new='{\"font-size\":\"\",\"line-height\":\"\"}'  style=\"font-weight:normal;\">sauce onctueuse aux agarics de for\u00eat <\/div><\/div><a class=\"ult-new-ib-link\"  ><\/a><\/div><\/div><\/div><div class=\"wpb_column vc_column_container\"><div class=\"vc_column-inner\"><div class=\"ult-new-ib ult-ib-effect-style15 vag rounded_corner height-300 ult-ib-resp  \" data-min-width=\"768\" data-max-width=\"900\" style=\"background:#000000;\" data-opacity=\"1\" data-hover-opacity=\"0.9\" ><img decoding=\"async\" class=\"ult-new-ib-img\" style=\"opacity:1;\" alt=\"null\" src=\"https:\/\/www.plukon.be\/wp-content\/uploads\/sites\/11\/2018\/09\/02JagerssausLR-uitgesneden.jpg\"   \/><div id=\"interactive-banner-wrap-5622\" class=\"ult-new-ib-desc\" style=\"\"><div class=\"ult-new-ib-title ult-responsive\"  data-ultimate-target='#interactive-banner-wrap-5622 .ult-new-ib-title'  data-responsive-json-new='{\"font-size\":\"\",\"line-height\":\"\"}'  style=\"font-weight:normal;\">sauce \u00e0 la base de vin rouge et de lardons<\/div><\/div><a class=\"ult-new-ib-link\"  ><\/a><\/div><\/div><\/div><\/div><\/div><\/div><\/div><\/div><\/section>\n","protected":false},"excerpt":{"rendered":"Home [vc_custom_heading source=\"post_title\" font_container=\"tag:h1|text_align:left\" use_theme_fonts=\"yes\"]Ma\u00efski est une des marques de poulet les plus connues en Belgique et b\u00e9n\u00e9ficie d&#8217;une excellente r\u00e9putation. Sous la marque Ma\u00efski, Plukon livre des plats pr\u00eats \u00e0 consommer frais, des sauces et produits \u00e0 base de poulet, de dinde et de poisson. Afin de r\u00e9pondre \u00e0 une demande croissante de plats...","protected":false},"author":1,"featured_media":0,"parent":515,"menu_order":6,"comment_status":"closed","ping_status":"open","template":"","meta":{"_acf_changed":false,"footnotes":""},"class_list":["post-791","page","type-page","status-publish","hentry"],"acf":[],"yoast_head":"<!-- This site is optimized with the Yoast SEO plugin v27.5 - https:\/\/yoast.com\/product\/yoast-seo-wordpress\/ -->\n<title>Ma\u00efski - Plukon.be<\/title>\n<meta name=\"robots\" content=\"index, follow, max-snippet:-1, max-image-preview:large, max-video-preview:-1\" \/>\n<link rel=\"canonical\" href=\"https:\/\/www.plukon.be\/fr\/produits\/maiski\/\" \/>\n<meta property=\"og:locale\" content=\"fr_FR\" \/>\n<meta property=\"og:type\" content=\"article\" \/>\n<meta property=\"og:title\" content=\"Ma\u00efski - Plukon.be\" \/>\n<meta property=\"og:url\" content=\"https:\/\/www.plukon.be\/fr\/produits\/maiski\/\" \/>\n<meta property=\"og:site_name\" content=\"Plukon.be\" \/>\n<meta property=\"article:modified_time\" content=\"2020-01-08T10:57:03+00:00\" \/>\n<meta name=\"twitter:card\" content=\"summary_large_image\" \/>\n<meta name=\"twitter:label1\" content=\"Dur\u00e9e de lecture est.\" \/>\n\t<meta name=\"twitter:data1\" content=\"3 minutes\" \/>\n<script type=\"application\/ld+json\" class=\"yoast-schema-graph\">{\"@context\":\"https:\\\/\\\/schema.org\",\"@graph\":[{\"@type\":\"WebPage\",\"@id\":\"https:\\\/\\\/www.plukon.be\\\/fr\\\/produits\\\/maiski\\\/\",\"url\":\"https:\\\/\\\/www.plukon.be\\\/fr\\\/produits\\\/maiski\\\/\",\"name\":\"Ma\u00efski - Plukon.be\",\"isPartOf\":{\"@id\":\"https:\\\/\\\/www.plukon.be\\\/#website\"},\"datePublished\":\"2018-10-17T15:19:21+00:00\",\"dateModified\":\"2020-01-08T10:57:03+00:00\",\"breadcrumb\":{\"@id\":\"https:\\\/\\\/www.plukon.be\\\/fr\\\/produits\\\/maiski\\\/#breadcrumb\"},\"inLanguage\":\"fr-BE\",\"potentialAction\":[{\"@type\":\"ReadAction\",\"target\":[\"https:\\\/\\\/www.plukon.be\\\/fr\\\/produits\\\/maiski\\\/\"]}]},{\"@type\":\"BreadcrumbList\",\"@id\":\"https:\\\/\\\/www.plukon.be\\\/fr\\\/produits\\\/maiski\\\/#breadcrumb\",\"itemListElement\":[{\"@type\":\"ListItem\",\"position\":1,\"name\":\"Home\",\"item\":\"https:\\\/\\\/www.plukon.be\\\/fr\\\/\"},{\"@type\":\"ListItem\",\"position\":2,\"name\":\"Produits\",\"item\":\"https:\\\/\\\/www.plukon.be\\\/fr\\\/produits\\\/\"},{\"@type\":\"ListItem\",\"position\":3,\"name\":\"Ma\u00efski\"}]},{\"@type\":\"WebSite\",\"@id\":\"https:\\\/\\\/www.plukon.be\\\/#website\",\"url\":\"https:\\\/\\\/www.plukon.be\\\/\",\"name\":\"Plukon Food Group\",\"description\":\"Forward Food Solutions\",\"publisher\":{\"@id\":\"https:\\\/\\\/www.plukon.be\\\/#organization\"},\"potentialAction\":[{\"@type\":\"SearchAction\",\"target\":{\"@type\":\"EntryPoint\",\"urlTemplate\":\"https:\\\/\\\/www.plukon.be\\\/?s={search_term_string}\"},\"query-input\":{\"@type\":\"PropertyValueSpecification\",\"valueRequired\":true,\"valueName\":\"search_term_string\"}}],\"inLanguage\":\"fr-BE\"},{\"@type\":\"Organization\",\"@id\":\"https:\\\/\\\/www.plukon.be\\\/#organization\",\"name\":\"Plukon Food Group\",\"url\":\"https:\\\/\\\/www.plukon.be\\\/\",\"logo\":{\"@type\":\"ImageObject\",\"inLanguage\":\"fr-BE\",\"@id\":\"https:\\\/\\\/www.plukon.be\\\/#\\\/schema\\\/logo\\\/image\\\/\",\"url\":\"https:\\\/\\\/www.plukon.be\\\/wp-content\\\/uploads\\\/sites\\\/11\\\/2018\\\/07\\\/logo_2x.png\",\"contentUrl\":\"https:\\\/\\\/www.plukon.be\\\/wp-content\\\/uploads\\\/sites\\\/11\\\/2018\\\/07\\\/logo_2x.png\",\"width\":412,\"height\":164,\"caption\":\"Plukon Food Group\"},\"image\":{\"@id\":\"https:\\\/\\\/www.plukon.be\\\/#\\\/schema\\\/logo\\\/image\\\/\"}}]}<\/script>\n<!-- \/ Yoast SEO plugin. -->","yoast_head_json":{"title":"Ma\u00efski - Plukon.be","robots":{"index":"index","follow":"follow","max-snippet":"max-snippet:-1","max-image-preview":"max-image-preview:large","max-video-preview":"max-video-preview:-1"},"canonical":"https:\/\/www.plukon.be\/fr\/produits\/maiski\/","og_locale":"fr_FR","og_type":"article","og_title":"Ma\u00efski - Plukon.be","og_url":"https:\/\/www.plukon.be\/fr\/produits\/maiski\/","og_site_name":"Plukon.be","article_modified_time":"2020-01-08T10:57:03+00:00","twitter_card":"summary_large_image","twitter_misc":{"Dur\u00e9e de lecture est.":"3 minutes"},"schema":{"@context":"https:\/\/schema.org","@graph":[{"@type":"WebPage","@id":"https:\/\/www.plukon.be\/fr\/produits\/maiski\/","url":"https:\/\/www.plukon.be\/fr\/produits\/maiski\/","name":"Ma\u00efski - Plukon.be","isPartOf":{"@id":"https:\/\/www.plukon.be\/#website"},"datePublished":"2018-10-17T15:19:21+00:00","dateModified":"2020-01-08T10:57:03+00:00","breadcrumb":{"@id":"https:\/\/www.plukon.be\/fr\/produits\/maiski\/#breadcrumb"},"inLanguage":"fr-BE","potentialAction":[{"@type":"ReadAction","target":["https:\/\/www.plukon.be\/fr\/produits\/maiski\/"]}]},{"@type":"BreadcrumbList","@id":"https:\/\/www.plukon.be\/fr\/produits\/maiski\/#breadcrumb","itemListElement":[{"@type":"ListItem","position":1,"name":"Home","item":"https:\/\/www.plukon.be\/fr\/"},{"@type":"ListItem","position":2,"name":"Produits","item":"https:\/\/www.plukon.be\/fr\/produits\/"},{"@type":"ListItem","position":3,"name":"Ma\u00efski"}]},{"@type":"WebSite","@id":"https:\/\/www.plukon.be\/#website","url":"https:\/\/www.plukon.be\/","name":"Plukon Food Group","description":"Forward Food Solutions","publisher":{"@id":"https:\/\/www.plukon.be\/#organization"},"potentialAction":[{"@type":"SearchAction","target":{"@type":"EntryPoint","urlTemplate":"https:\/\/www.plukon.be\/?s={search_term_string}"},"query-input":{"@type":"PropertyValueSpecification","valueRequired":true,"valueName":"search_term_string"}}],"inLanguage":"fr-BE"},{"@type":"Organization","@id":"https:\/\/www.plukon.be\/#organization","name":"Plukon Food Group","url":"https:\/\/www.plukon.be\/","logo":{"@type":"ImageObject","inLanguage":"fr-BE","@id":"https:\/\/www.plukon.be\/#\/schema\/logo\/image\/","url":"https:\/\/www.plukon.be\/wp-content\/uploads\/sites\/11\/2018\/07\/logo_2x.png","contentUrl":"https:\/\/www.plukon.be\/wp-content\/uploads\/sites\/11\/2018\/07\/logo_2x.png","width":412,"height":164,"caption":"Plukon Food Group"},"image":{"@id":"https:\/\/www.plukon.be\/#\/schema\/logo\/image\/"}}]}},"publishpress_future_action":{"enabled":false,"date":"2026-05-06 20:34:25","action":"change-status","newStatus":"draft","terms":[],"taxonomy":"translation_priority","extraData":[]},"publishpress_future_workflow_manual_trigger":{"enabledWorkflows":[]},"_links":{"self":[{"href":"https:\/\/www.plukon.be\/fr\/wp-json\/wp\/v2\/pages\/791","targetHints":{"allow":["GET"]}}],"collection":[{"href":"https:\/\/www.plukon.be\/fr\/wp-json\/wp\/v2\/pages"}],"about":[{"href":"https:\/\/www.plukon.be\/fr\/wp-json\/wp\/v2\/types\/page"}],"author":[{"embeddable":true,"href":"https:\/\/www.plukon.be\/fr\/wp-json\/wp\/v2\/users\/1"}],"replies":[{"embeddable":true,"href":"https:\/\/www.plukon.be\/fr\/wp-json\/wp\/v2\/comments?post=791"}],"version-history":[{"count":13,"href":"https:\/\/www.plukon.be\/fr\/wp-json\/wp\/v2\/pages\/791\/revisions"}],"predecessor-version":[{"id":1387,"href":"https:\/\/www.plukon.be\/fr\/wp-json\/wp\/v2\/pages\/791\/revisions\/1387"}],"up":[{"embeddable":true,"href":"https:\/\/www.plukon.be\/fr\/wp-json\/wp\/v2\/pages\/515"}],"wp:attachment":[{"href":"https:\/\/www.plukon.be\/fr\/wp-json\/wp\/v2\/media?parent=791"}],"curies":[{"name":"wp","href":"https:\/\/api.w.org\/{rel}","templated":true}]}}