{"id":860,"date":"2018-09-26T10:10:31","date_gmt":"2018-09-26T10:10:31","guid":{"rendered":"http:\/\/be-www.plukon.fr\/?page_id=860"},"modified":"2024-01-23T09:49:09","modified_gmt":"2024-01-23T08:49:09","slug":"beter-leven-1-etoile","status":"publish","type":"page","link":"https:\/\/www.plukon.be\/fr\/certification-beter-leven\/beter-leven-1-etoile\/","title":{"rendered":"Beter Leven 1 \u00e9toile"},"content":{"rendered":"<section class=\"l-section wpb_row us_custom_caf5a896 has_text_color height_huge with_img parallax_ver\"><div class=\"l-section-img\" role=\"img\" data-img-width=\"2000\" data-img-height=\"587\" style=\"background-image: url(https:\/\/www.plukon.be\/wp-content\/uploads\/sites\/11\/2018\/07\/Henk-in-stal_5532-1.jpg);\"><\/div><div class=\"l-section-overlay\" style=\"background:rgba(0,0,0,0.15)\"><\/div><div class=\"l-section-h i-cf\"><div class=\"g-cols vc_row via_grid cols_1 laptops-cols_inherit tablets-cols_inherit mobiles-cols_1 valign_top type_default stacking_default\"><div class=\"wpb_column vc_column_container\"><div class=\"vc_column-inner\"><div class=\"w-separator size_custom\" style=\"height:90px\"><\/div><\/div><\/div><\/div><\/div><\/section><!-- Row Backgrounds --><div class=\"upb_color\" data-bg-override=\"0\" data-bg-color=\"#ffffff\" data-fadeout=\"\" data-fadeout-percentage=\"30\" data-parallax-content=\"\" data-parallax-content-sense=\"30\" data-row-effect-mobile-disable=\"true\" data-img-parallax-mobile-disable=\"true\" data-rtl=\"false\"  data-custom-vc-row=\"\"  data-vc=\"7.2\"  data-is_old_vc=\"\"  data-theme-support=\"\"   data-overlay=\"false\" data-overlay-color=\"\" data-overlay-pattern=\"\" data-overlay-pattern-opacity=\"\" data-overlay-pattern-size=\"\"    ><\/div><section class=\"l-section wpb_row height_small\"><div class=\"l-section-h i-cf\"><div class=\"g-cols vc_row via_grid cols_1 laptops-cols_inherit tablets-cols_inherit mobiles-cols_1 valign_top type_default stacking_default\"><div class=\"wpb_column vc_column_container\"><div class=\"vc_column-inner\"><div class=\"wpb_text_column breadcrumbs\"><div class=\"wpb_wrapper\"><div class=\"breadcrumb\" itemprop=\"breadcrumb\"><span><span><a href=\"https:\/\/www.plukon.be\/fr\/\">Home<\/a><\/span><\/span><\/div>\n<\/div><\/div><\/div><\/div><\/div><\/div><\/section><section class=\"l-section wpb_row height_medium\"><div class=\"l-section-h i-cf\"><div class=\"g-cols vc_row via_grid cols_custom laptops-cols_inherit tablets-cols_inherit mobiles-cols_1 valign_top type_default stacking_default\" style=\"--custom-columns:1fr 3.5fr 1.5fr \"><div class=\"wpb_column vc_column_container\"><div class=\"vc_column-inner\"><div class=\"w-separator size_custom\" style=\"height:32px\"><\/div><\/div><\/div><div class=\"wpb_column vc_column_container\"><div class=\"vc_column-inner\">[vc_custom_heading source=&#8221;post_title&#8221; font_container=&#8221;tag:h1|font_size:60|text_align:left&#8221; use_theme_fonts=&#8221;yes&#8221; css=&#8221;%7B%22default%22%3A%7B%22font-size%22%3A%2260%22%7D%7D&#8221;]<div class=\"wpb_text_column\"><div class=\"wpb_wrapper\"><p>Le poulet \u00e9lev\u00e9 au sol de Plukon a \u00e9t\u00e9 r\u00e9compens\u00e9 par 1 \u00e9toile au bar\u00e8me Beter Leven. Choisir ce poulet est donc une bonne option. Mais comment m\u00e9rite-t-on 1 \u00e9toile\u00a0?<\/p>\n<ul>\n<li><u>Alimentation responsable<\/u><br \/>\nUn bon poulet commence par une bonne alimentation. Les poulets \u00e9lev\u00e9s au sol sont nourris chaque jour \u00e0 partir d\u2019aliments d\u2019origine 100\u00a0% v\u00e9g\u00e9tale, se composant \u00e0 plus de 70\u00a0% de c\u00e9r\u00e9ales.<\/li>\n<li><u>Rythme sain, davantage d\u2019espace<\/u><br \/>\nPour accorder 1 \u00e9toile, la Soci\u00e9t\u00e9 Protectrice des Animaux impose la pr\u00e9sence d\u2019un espace au sol couvert en plus du poulailler. Le vaste parcours couvert correspond \u00e0 environ 25\u00a0% de la surface du poulailler. Sur cet espace au sol, les poulets profitent, outre de l\u2019air ext\u00e9rieur, \u00e9galement de beaucoup de lumi\u00e8re (du soleil). Cela garantit un rythme naturel avec des alternances jour-nuit.<\/li>\n<li><u>Des distractions \u00e0 souhait<\/u><br \/>\nLe milieu naturel est pourvu de nombreux mat\u00e9riaux permettant aux poulets de gratter. Les animaux peuvent utiliser des bottes de paille, des endroits o\u00f9 se cacher et des bacs pour prendre des bains de poussi\u00e8re.<\/li>\n<li><u>Des exigences strictes sur l\u2019ensemble du processus<\/u><br \/>\nLe poulet \u00e9lev\u00e9 au sol avec parcours couvert est salu\u00e9 par 1 \u00e9toile au bar\u00e8me Beter Leven de la Soci\u00e9t\u00e9 Protectrice des Animaux. C\u2019est pourquoi des conditions s\u00e9v\u00e8res sont impos\u00e9es \u00e0 tous les niveaux\u00a0: de la couveuse \u00e0 l\u2019emballeur en passant par l\u2019abattoir.<\/li>\n<\/ul>\n<\/div><\/div><\/div><\/div><div class=\"wpb_column vc_column_container\"><div class=\"vc_column-inner\">[vc_raw_html el_class=&#8221;side-menu&#8221;]W3dwYl9jaGlsZHBhZ2VzXQ==[\/vc_raw_html]<\/div><\/div><\/div><\/div><\/section><section class=\"l-section wpb_row height_medium\"><div class=\"l-section-h i-cf\"><div class=\"g-cols vc_row via_grid cols_1 laptops-cols_inherit tablets-cols_inherit mobiles-cols_1 valign_top type_default stacking_default\"><div class=\"wpb_column vc_column_container\"><div class=\"vc_column-inner\"><div class=\"w-tabs beter-leven-tabs fr layout_hor style_timeline switch_click has_scrolling\" style=\"--sections-title-size:1em\"><div class=\"w-tabs-list items_3 align_justify\"><div class=\"w-tabs-list-h\"><button class=\"w-tabs-item een-ster active\" aria-controls=\"content-n236\" aria-expanded=\"false\"><span class=\"w-tabs-item-title\">Beter leven 1 \u00e9toile<\/span><\/button><button class=\"w-tabs-item twee-sterren\" aria-controls=\"content-m52d\" aria-expanded=\"false\"><span class=\"w-tabs-item-title\">Beter leven 2 \u00e9toiles<\/span><\/button><button class=\"w-tabs-item drie-sterren\" aria-controls=\"content-q7ee\" aria-expanded=\"false\"><span class=\"w-tabs-item-title\">Beter leven 3 \u00e9toiles<\/span><\/button><\/div><\/div><div class=\"w-tabs-sections titles-align_none icon_chevron cpos_right\"><div class=\"w-tabs-section een-ster active\" id=\"n236\"><button class=\"w-tabs-section-header active\" aria-controls=\"content-n236\" aria-expanded=\"true\"><div class=\"w-tabs-section-title\">Beter leven 1 \u00e9toile<\/div><div class=\"w-tabs-section-control\"><\/div><\/button><div  class=\"w-tabs-section-content\" id=\"content-n236\"><div class=\"w-tabs-section-content-h i-cf\"><div class=\"w-separator size_custom\" style=\"height:32px\"><\/div><div class=\"w-btn-wrapper align_center\"><a class=\"w-btn us-btn-style_3 us_custom_f73f4019\" target=\" _blank\" rel=\"nofollow\" href=\"https:\/\/beterleven.dierenbescherming.nl\/\"><span class=\"w-btn-label\">En savoir plus sur Beter Leven<\/span><\/a><\/div><\/div><\/div><\/div><div class=\"w-tabs-section twee-sterren\" id=\"m52d\"><button class=\"w-tabs-section-header\" aria-controls=\"content-m52d\" aria-expanded=\"false\"><div class=\"w-tabs-section-title\">Beter leven 2 \u00e9toiles<\/div><div class=\"w-tabs-section-control\"><\/div><\/button><div  class=\"w-tabs-section-content\" id=\"content-m52d\"><div class=\"w-tabs-section-content-h i-cf\"><div class=\"w-separator size_custom\" style=\"height:32px\"><\/div><div class=\"w-btn-wrapper align_center\"><a class=\"w-btn us-btn-style_3 us_custom_f73f4019\" target=\" _blank\" rel=\"nofollow\" href=\"https:\/\/beterleven.dierenbescherming.nl\/\"><span class=\"w-btn-label\">En savoir plus sur Beter Leven<\/span><\/a><\/div><\/div><\/div><\/div><div class=\"w-tabs-section drie-sterren\" id=\"q7ee\"><button class=\"w-tabs-section-header\" aria-controls=\"content-q7ee\" aria-expanded=\"false\"><div class=\"w-tabs-section-title\">Beter leven 3 \u00e9toiles<\/div><div class=\"w-tabs-section-control\"><\/div><\/button><div  class=\"w-tabs-section-content\" id=\"content-q7ee\"><div class=\"w-tabs-section-content-h i-cf\"><div class=\"w-separator size_custom\" style=\"height:32px\"><\/div><div class=\"w-btn-wrapper align_center\"><a class=\"w-btn us-btn-style_3 us_custom_f73f4019\" target=\" _blank\" rel=\"nofollow\" href=\"https:\/\/beterleven.dierenbescherming.nl\/\"><span class=\"w-btn-label\">En savoir plus sur Beter Leven<\/span><\/a><\/div><\/div><\/div><\/div><\/div><\/div><\/div><\/div><\/div><\/div><\/section>\n","protected":false},"excerpt":{"rendered":"Home [vc_custom_heading source=\"post_title\" font_container=\"tag:h1|font_size:60|text_align:left\" use_theme_fonts=\"yes\" css=\"%7B%22default%22%3A%7B%22font-size%22%3A%2260%22%7D%7D\"]Le poulet \u00e9lev\u00e9 au sol de Plukon a \u00e9t\u00e9 r\u00e9compens\u00e9 par 1 \u00e9toile au bar\u00e8me Beter Leven. Choisir ce poulet est donc une bonne option. Mais comment m\u00e9rite-t-on 1 \u00e9toile\u00a0? Alimentation responsable Un bon poulet commence par une bonne alimentation. Les poulets \u00e9lev\u00e9s au sol sont nourris chaque jour \u00e0...","protected":false},"author":1,"featured_media":0,"parent":501,"menu_order":5,"comment_status":"closed","ping_status":"open","template":"","meta":{"_acf_changed":false,"footnotes":""},"class_list":["post-860","page","type-page","status-publish","hentry"],"acf":[],"yoast_head":"<!-- This site is optimized with the Yoast SEO plugin v27.4 - https:\/\/yoast.com\/product\/yoast-seo-wordpress\/ -->\n<title>Beter Leven 1 \u00e9toile - Plukon.be<\/title>\n<meta name=\"robots\" content=\"index, follow, max-snippet:-1, max-image-preview:large, max-video-preview:-1\" \/>\n<link rel=\"canonical\" href=\"https:\/\/www.plukon.be\/fr\/certification-beter-leven\/beter-leven-1-etoile\/\" \/>\n<meta property=\"og:locale\" content=\"fr_FR\" \/>\n<meta property=\"og:type\" content=\"article\" \/>\n<meta property=\"og:title\" content=\"Beter Leven 1 \u00e9toile - Plukon.be\" \/>\n<meta property=\"og:url\" content=\"https:\/\/www.plukon.be\/fr\/certification-beter-leven\/beter-leven-1-etoile\/\" \/>\n<meta property=\"og:site_name\" content=\"Plukon.be\" \/>\n<meta property=\"article:modified_time\" content=\"2024-01-23T08:49:09+00:00\" \/>\n<meta name=\"twitter:card\" content=\"summary_large_image\" \/>\n<meta name=\"twitter:label1\" content=\"Dur\u00e9e de lecture est.\" \/>\n\t<meta name=\"twitter:data1\" content=\"3 minutes\" \/>\n<script type=\"application\/ld+json\" class=\"yoast-schema-graph\">{\"@context\":\"https:\\\/\\\/schema.org\",\"@graph\":[{\"@type\":\"WebPage\",\"@id\":\"https:\\\/\\\/www.plukon.be\\\/fr\\\/certification-beter-leven\\\/beter-leven-1-etoile\\\/\",\"url\":\"https:\\\/\\\/www.plukon.be\\\/fr\\\/certification-beter-leven\\\/beter-leven-1-etoile\\\/\",\"name\":\"Beter Leven 1 \u00e9toile - Plukon.be\",\"isPartOf\":{\"@id\":\"https:\\\/\\\/www.plukon.be\\\/#website\"},\"datePublished\":\"2018-09-26T10:10:31+00:00\",\"dateModified\":\"2024-01-23T08:49:09+00:00\",\"breadcrumb\":{\"@id\":\"https:\\\/\\\/www.plukon.be\\\/fr\\\/certification-beter-leven\\\/beter-leven-1-etoile\\\/#breadcrumb\"},\"inLanguage\":\"fr-BE\",\"potentialAction\":[{\"@type\":\"ReadAction\",\"target\":[\"https:\\\/\\\/www.plukon.be\\\/fr\\\/certification-beter-leven\\\/beter-leven-1-etoile\\\/\"]}]},{\"@type\":\"BreadcrumbList\",\"@id\":\"https:\\\/\\\/www.plukon.be\\\/fr\\\/certification-beter-leven\\\/beter-leven-1-etoile\\\/#breadcrumb\",\"itemListElement\":[{\"@type\":\"ListItem\",\"position\":1,\"name\":\"Home\",\"item\":\"https:\\\/\\\/www.plukon.be\\\/fr\\\/\"},{\"@type\":\"ListItem\",\"position\":2,\"name\":\"Certification Beter Leven\",\"item\":\"https:\\\/\\\/www.plukon.be\\\/fr\\\/certification-beter-leven\\\/\"},{\"@type\":\"ListItem\",\"position\":3,\"name\":\"Beter Leven 1 \u00e9toile\"}]},{\"@type\":\"WebSite\",\"@id\":\"https:\\\/\\\/www.plukon.be\\\/#website\",\"url\":\"https:\\\/\\\/www.plukon.be\\\/\",\"name\":\"Plukon Food Group\",\"description\":\"Forward Food Solutions\",\"publisher\":{\"@id\":\"https:\\\/\\\/www.plukon.be\\\/#organization\"},\"potentialAction\":[{\"@type\":\"SearchAction\",\"target\":{\"@type\":\"EntryPoint\",\"urlTemplate\":\"https:\\\/\\\/www.plukon.be\\\/?s={search_term_string}\"},\"query-input\":{\"@type\":\"PropertyValueSpecification\",\"valueRequired\":true,\"valueName\":\"search_term_string\"}}],\"inLanguage\":\"fr-BE\"},{\"@type\":\"Organization\",\"@id\":\"https:\\\/\\\/www.plukon.be\\\/#organization\",\"name\":\"Plukon Food Group\",\"url\":\"https:\\\/\\\/www.plukon.be\\\/\",\"logo\":{\"@type\":\"ImageObject\",\"inLanguage\":\"fr-BE\",\"@id\":\"https:\\\/\\\/www.plukon.be\\\/#\\\/schema\\\/logo\\\/image\\\/\",\"url\":\"https:\\\/\\\/www.plukon.be\\\/wp-content\\\/uploads\\\/sites\\\/11\\\/2018\\\/07\\\/logo_2x.png\",\"contentUrl\":\"https:\\\/\\\/www.plukon.be\\\/wp-content\\\/uploads\\\/sites\\\/11\\\/2018\\\/07\\\/logo_2x.png\",\"width\":412,\"height\":164,\"caption\":\"Plukon Food Group\"},\"image\":{\"@id\":\"https:\\\/\\\/www.plukon.be\\\/#\\\/schema\\\/logo\\\/image\\\/\"}}]}<\/script>\n<!-- \/ Yoast SEO plugin. -->","yoast_head_json":{"title":"Beter Leven 1 \u00e9toile - Plukon.be","robots":{"index":"index","follow":"follow","max-snippet":"max-snippet:-1","max-image-preview":"max-image-preview:large","max-video-preview":"max-video-preview:-1"},"canonical":"https:\/\/www.plukon.be\/fr\/certification-beter-leven\/beter-leven-1-etoile\/","og_locale":"fr_FR","og_type":"article","og_title":"Beter Leven 1 \u00e9toile - Plukon.be","og_url":"https:\/\/www.plukon.be\/fr\/certification-beter-leven\/beter-leven-1-etoile\/","og_site_name":"Plukon.be","article_modified_time":"2024-01-23T08:49:09+00:00","twitter_card":"summary_large_image","twitter_misc":{"Dur\u00e9e de lecture est.":"3 minutes"},"schema":{"@context":"https:\/\/schema.org","@graph":[{"@type":"WebPage","@id":"https:\/\/www.plukon.be\/fr\/certification-beter-leven\/beter-leven-1-etoile\/","url":"https:\/\/www.plukon.be\/fr\/certification-beter-leven\/beter-leven-1-etoile\/","name":"Beter Leven 1 \u00e9toile - Plukon.be","isPartOf":{"@id":"https:\/\/www.plukon.be\/#website"},"datePublished":"2018-09-26T10:10:31+00:00","dateModified":"2024-01-23T08:49:09+00:00","breadcrumb":{"@id":"https:\/\/www.plukon.be\/fr\/certification-beter-leven\/beter-leven-1-etoile\/#breadcrumb"},"inLanguage":"fr-BE","potentialAction":[{"@type":"ReadAction","target":["https:\/\/www.plukon.be\/fr\/certification-beter-leven\/beter-leven-1-etoile\/"]}]},{"@type":"BreadcrumbList","@id":"https:\/\/www.plukon.be\/fr\/certification-beter-leven\/beter-leven-1-etoile\/#breadcrumb","itemListElement":[{"@type":"ListItem","position":1,"name":"Home","item":"https:\/\/www.plukon.be\/fr\/"},{"@type":"ListItem","position":2,"name":"Certification Beter Leven","item":"https:\/\/www.plukon.be\/fr\/certification-beter-leven\/"},{"@type":"ListItem","position":3,"name":"Beter Leven 1 \u00e9toile"}]},{"@type":"WebSite","@id":"https:\/\/www.plukon.be\/#website","url":"https:\/\/www.plukon.be\/","name":"Plukon Food Group","description":"Forward Food Solutions","publisher":{"@id":"https:\/\/www.plukon.be\/#organization"},"potentialAction":[{"@type":"SearchAction","target":{"@type":"EntryPoint","urlTemplate":"https:\/\/www.plukon.be\/?s={search_term_string}"},"query-input":{"@type":"PropertyValueSpecification","valueRequired":true,"valueName":"search_term_string"}}],"inLanguage":"fr-BE"},{"@type":"Organization","@id":"https:\/\/www.plukon.be\/#organization","name":"Plukon Food Group","url":"https:\/\/www.plukon.be\/","logo":{"@type":"ImageObject","inLanguage":"fr-BE","@id":"https:\/\/www.plukon.be\/#\/schema\/logo\/image\/","url":"https:\/\/www.plukon.be\/wp-content\/uploads\/sites\/11\/2018\/07\/logo_2x.png","contentUrl":"https:\/\/www.plukon.be\/wp-content\/uploads\/sites\/11\/2018\/07\/logo_2x.png","width":412,"height":164,"caption":"Plukon Food Group"},"image":{"@id":"https:\/\/www.plukon.be\/#\/schema\/logo\/image\/"}}]}},"publishpress_future_action":{"enabled":false,"date":"2026-04-28 09:56:04","action":"change-status","newStatus":"draft","terms":[],"taxonomy":"translation_priority","extraData":[]},"publishpress_future_workflow_manual_trigger":{"enabledWorkflows":[]},"_links":{"self":[{"href":"https:\/\/www.plukon.be\/fr\/wp-json\/wp\/v2\/pages\/860","targetHints":{"allow":["GET"]}}],"collection":[{"href":"https:\/\/www.plukon.be\/fr\/wp-json\/wp\/v2\/pages"}],"about":[{"href":"https:\/\/www.plukon.be\/fr\/wp-json\/wp\/v2\/types\/page"}],"author":[{"embeddable":true,"href":"https:\/\/www.plukon.be\/fr\/wp-json\/wp\/v2\/users\/1"}],"replies":[{"embeddable":true,"href":"https:\/\/www.plukon.be\/fr\/wp-json\/wp\/v2\/comments?post=860"}],"version-history":[{"count":8,"href":"https:\/\/www.plukon.be\/fr\/wp-json\/wp\/v2\/pages\/860\/revisions"}],"predecessor-version":[{"id":2089,"href":"https:\/\/www.plukon.be\/fr\/wp-json\/wp\/v2\/pages\/860\/revisions\/2089"}],"up":[{"embeddable":true,"href":"https:\/\/www.plukon.be\/fr\/wp-json\/wp\/v2\/pages\/501"}],"wp:attachment":[{"href":"https:\/\/www.plukon.be\/fr\/wp-json\/wp\/v2\/media?parent=860"}],"curies":[{"name":"wp","href":"https:\/\/api.w.org\/{rel}","templated":true}]}}